{"id":413,"date":"2018-01-17T09:54:51","date_gmt":"2018-01-17T08:54:51","guid":{"rendered":"http:\/\/wp.catedu.es\/lanuzadigital\/?page_id=413"},"modified":"2018-01-17T10:24:35","modified_gmt":"2018-01-17T09:24:35","slug":"toolwiz-time-freeze","status":"publish","type":"page","link":"https:\/\/wp.catedu.es\/lanuzadigital\/seguridad\/toolwiz-time-freeze\/","title":{"rendered":"Toolwiz Time Freeze"},"content":{"rendered":"<p style=\"text-align: justify;\">Existen en el mercado varias soluciones del tipo \u201creinicie y restaure\u201d que nos ayudan a proteger y conservar nuestros sistemas operativos ante cambios no deseados u otros que alteren el normal funcionamiento de nuestros equipos. Com\u00fanmente tambi\u00e9n se les llama<strong> \u201ccongeladores de disco duro\u201d<\/strong> y uno de los programas m\u00e1s conocidos es Deep Freeze, software de pago desarrollado por Faraonics. ToolWiz Time Freeze, que se distribuyen con licencia freeware y que es compatible con los sistemas operativos Windows 8, 8.1 y 10, y rendimiento en general. A continuaci\u00f3n veremos c\u00f3mo se instala, cu\u00e1les son sus principales funciones y otros aspectos que debemos tener en cuenta.<\/p>\n<p style=\"text-align: justify;\"><img loading=\"lazy\" decoding=\"async\" class=\"aligncenter size-full wp-image-385\" src=\"http:\/\/wp.catedu.es\/lanuzadigital\/wp-content\/uploads\/sites\/88\/2017\/11\/toolwiz01-1024x519.png\" alt=\"toolwiz01-1024x519\" width=\"1024\" height=\"519\" srcset=\"https:\/\/wp.catedu.es\/lanuzadigital\/wp-content\/uploads\/sites\/88\/2017\/11\/toolwiz01-1024x519.png 1024w, https:\/\/wp.catedu.es\/lanuzadigital\/wp-content\/uploads\/sites\/88\/2017\/11\/toolwiz01-1024x519-300x152.png 300w, https:\/\/wp.catedu.es\/lanuzadigital\/wp-content\/uploads\/sites\/88\/2017\/11\/toolwiz01-1024x519-768x389.png 768w, https:\/\/wp.catedu.es\/lanuzadigital\/wp-content\/uploads\/sites\/88\/2017\/11\/toolwiz01-1024x519-100x51.png 100w, https:\/\/wp.catedu.es\/lanuzadigital\/wp-content\/uploads\/sites\/88\/2017\/11\/toolwiz01-1024x519-150x76.png 150w, https:\/\/wp.catedu.es\/lanuzadigital\/wp-content\/uploads\/sites\/88\/2017\/11\/toolwiz01-1024x519-200x101.png 200w, https:\/\/wp.catedu.es\/lanuzadigital\/wp-content\/uploads\/sites\/88\/2017\/11\/toolwiz01-1024x519-450x228.png 450w, https:\/\/wp.catedu.es\/lanuzadigital\/wp-content\/uploads\/sites\/88\/2017\/11\/toolwiz01-1024x519-600x304.png 600w, https:\/\/wp.catedu.es\/lanuzadigital\/wp-content\/uploads\/sites\/88\/2017\/11\/toolwiz01-1024x519-900x456.png 900w\" sizes=\"auto, (max-width: 1024px) 100vw, 1024px\" \/><\/p>\n<h3>Instalaci\u00f3n<\/h3>\n<p>El software\u00a0<a href=\"http:\/\/www.toolwiz.com\/products\/toolwiz-time-freeze\/\" target=\"_blank\">ToolWiz Time Freeze<\/a>\u00a0se\u00a0<strong>descarga<\/strong>\u00a0desde\u00a0<a href=\"http:\/\/www.toolwiz.com\/products\/toolwiz-time-freeze\/\" target=\"_blank\">esta p\u00e1gina web<\/a>. Por el momento, solamente se puede instalar en\u00a0<strong>ingl\u00e9s<\/strong>\u00a0y en chino. Optamos por \u201cEnglish\u201d y vamos pasando de pantallas hasta que aparezca la siguiente.<\/p>\n<p style=\"text-align: center;\"><img loading=\"lazy\" decoding=\"async\" class=\"aligncenter size-full wp-image-386\" src=\"http:\/\/wp.catedu.es\/lanuzadigital\/wp-content\/uploads\/sites\/88\/2017\/11\/comejamon.jpg\" alt=\"comejamon\" width=\"894\" height=\"518\" srcset=\"https:\/\/wp.catedu.es\/lanuzadigital\/wp-content\/uploads\/sites\/88\/2017\/11\/comejamon.jpg 894w, https:\/\/wp.catedu.es\/lanuzadigital\/wp-content\/uploads\/sites\/88\/2017\/11\/comejamon-300x174.jpg 300w, https:\/\/wp.catedu.es\/lanuzadigital\/wp-content\/uploads\/sites\/88\/2017\/11\/comejamon-768x445.jpg 768w, https:\/\/wp.catedu.es\/lanuzadigital\/wp-content\/uploads\/sites\/88\/2017\/11\/comejamon-100x58.jpg 100w, https:\/\/wp.catedu.es\/lanuzadigital\/wp-content\/uploads\/sites\/88\/2017\/11\/comejamon-150x87.jpg 150w, https:\/\/wp.catedu.es\/lanuzadigital\/wp-content\/uploads\/sites\/88\/2017\/11\/comejamon-200x116.jpg 200w, https:\/\/wp.catedu.es\/lanuzadigital\/wp-content\/uploads\/sites\/88\/2017\/11\/comejamon-450x261.jpg 450w, https:\/\/wp.catedu.es\/lanuzadigital\/wp-content\/uploads\/sites\/88\/2017\/11\/comejamon-600x348.jpg 600w\" sizes=\"auto, (max-width: 894px) 100vw, 894px\" \/><\/p>\n<p style=\"text-align: justify;\">Donde pone \u201c<em>Use disk caching for the Time Freeze Engine (MB.)<\/em>\u201d se refiere al espacio en el disco que reservaremos para que la capa de virtualizaci\u00f3n ToolWiz Time Freeze pueda utilizar, es decir, donde se guardar\u00e1n los cambios que se realicen en el sistema mientras que ToolWiz est\u00e9 activo. Podemos dejar el valor que nos aparece por defecto o aumentarlo en caso de que nos sobre espacio en nuestro disco duro. Por otro lado,\u00a0<strong>marca las casillas \u201c<em>Disable Time Freeze while in Windows Safe-mode<\/em>\u201d y \u201c<em>Enable Password Protection<\/em>\u201c<\/strong>\u00a0para poder desactivar el software en el supuesto de necesitar entrar en el modo seguro de Windows, y para activar la protecci\u00f3n mediante una contrase\u00f1a respectivamente. Haremos clic en el\u00a0<strong>bot\u00f3n \u201c<em>Modify Password<\/em>\u201c<\/strong>\u00a0para establecer una contrase\u00f1a antes de continuar con el siguiente paso de la instalaci\u00f3n &gt;&gt;\u00a0<em>Next e Install.\u00a0<\/em>Habr\u00e1 que reiniciar el ordenador para que el programa empiece a funcionar.<\/p>\n<h3>Configuraci\u00f3n y uso<\/h3>\n<p style=\"text-align: justify;\">Una vez reiniciado el sistema, en el \u00e1rea de notificaciones, en la esquina inferior derecha de la pantalla de Windows, aparecer\u00e1 un nuevo acceso directo.<\/p>\n<p style=\"text-align: center;\"><img loading=\"lazy\" decoding=\"async\" class=\"aligncenter size-full wp-image-416\" src=\"http:\/\/wp.catedu.es\/lanuzadigital\/wp-content\/uploads\/sites\/88\/2018\/01\/toolwiz04.png\" alt=\"toolwiz04\" width=\"119\" height=\"43\" srcset=\"https:\/\/wp.catedu.es\/lanuzadigital\/wp-content\/uploads\/sites\/88\/2018\/01\/toolwiz04.png 119w, https:\/\/wp.catedu.es\/lanuzadigital\/wp-content\/uploads\/sites\/88\/2018\/01\/toolwiz04-100x36.png 100w\" sizes=\"auto, (max-width: 119px) 100vw, 119px\" \/><\/p>\n<p style=\"text-align: justify;\">Con un doble clic comenzar\u00e1 la configuraci\u00f3n del programa. Antes habr\u00e1 que escribir la contrase\u00f1a establecida en el proceso de instalaci\u00f3n.\u00a0La pantalla de configuraci\u00f3n de ToolWiz Time Freeze es la siguiente:<\/p>\n<p style=\"text-align: center;\"><img loading=\"lazy\" decoding=\"async\" class=\"aligncenter size-full wp-image-417\" src=\"http:\/\/wp.catedu.es\/lanuzadigital\/wp-content\/uploads\/sites\/88\/2018\/01\/toolwiz06.png\" alt=\"toolwiz06\" width=\"806\" height=\"534\" srcset=\"https:\/\/wp.catedu.es\/lanuzadigital\/wp-content\/uploads\/sites\/88\/2018\/01\/toolwiz06.png 806w, https:\/\/wp.catedu.es\/lanuzadigital\/wp-content\/uploads\/sites\/88\/2018\/01\/toolwiz06-300x199.png 300w, https:\/\/wp.catedu.es\/lanuzadigital\/wp-content\/uploads\/sites\/88\/2018\/01\/toolwiz06-768x509.png 768w, https:\/\/wp.catedu.es\/lanuzadigital\/wp-content\/uploads\/sites\/88\/2018\/01\/toolwiz06-100x66.png 100w, https:\/\/wp.catedu.es\/lanuzadigital\/wp-content\/uploads\/sites\/88\/2018\/01\/toolwiz06-150x99.png 150w, https:\/\/wp.catedu.es\/lanuzadigital\/wp-content\/uploads\/sites\/88\/2018\/01\/toolwiz06-200x133.png 200w, https:\/\/wp.catedu.es\/lanuzadigital\/wp-content\/uploads\/sites\/88\/2018\/01\/toolwiz06-450x298.png 450w, https:\/\/wp.catedu.es\/lanuzadigital\/wp-content\/uploads\/sites\/88\/2018\/01\/toolwiz06-600x398.png 600w\" sizes=\"auto, (max-width: 806px) 100vw, 806px\" \/><\/p>\n<p style=\"text-align: justify;\">Por defecto, Time Freeze estar\u00e1 desactivado, \u201cOFF\u201d. Se podr\u00e1 activar pulsando el el bot\u00f3n marcado en rojo con el texto \u201c<em>Start Time Freeze<\/em>\u201c. Marcando la opci\u00f3n \u201c<em>Enable Time Freeze automatically when Windows starts<\/em>\u201d conseguiremos que el programa se active autom\u00e1ticamente cuando inicie Windows. Adem\u00e1s, podremos excluir archivos y carpetas de la \u201ccongelaci\u00f3n\u201d, marcando la casilla \u201c<em>Enable Folder Exclusion when Time Freeze is ON<\/em>\u201d y seleccionando o bien los archivos, desde \u201c<em>Add File\u2026<\/em>\u201d o bien las carpetas, desde \u201c<em>Add Folder\u2026<\/em>\u201c.<\/p>\n<p style=\"text-align: justify;\">ToolWiz ofrece otras opciones de configuraci\u00f3n, no obstante debemos tener presente que la utilizaci\u00f3n de este tipo de programas requiere una cierta competencia t\u00e9cnica en el uso de sistemas operativos en general y de utilidades de disco en particular. Si no estamos seguros de c\u00f3mo utilizarlo ni tenemos una idea de lo que ello conlleva se recomienda delegar su utilizaci\u00f3n a otro usuario.<\/p>\n<h3>Problemas en equipos con W8 y W10 configurados con INICIO R\u00c1PIDO<\/h3>\n<div style=\"text-align: justify;\">Una situaci\u00f3n que nos podemos encontrar en equipos que tengan instalados Windows 10.\u00a0La\u00a0funci\u00f3n \u201cInicio r\u00e1pido\u201d de estos sistemas operativos hace que el arranque cueste mucho menos tiempo. Este tipo de arranque que usa Windows desde la versi\u00f3n 8 es en realidad un sistema h\u00edbrido de hibernaci\u00f3n, en el que se guarda informaci\u00f3n del sistema en el momento del apagado. El inicio r\u00e1pido est\u00e1 muy bien y es muy \u00fatil para un equipo de uso personal, pero no lo es tanto para un equipo compartido como lo son la mayor\u00eda de los que tenemos en los centros, ya que en realidad no se acaba de cerrar nunca la misma sesi\u00f3n y permanecen datos, archivos y procesos abiertos de un encendido a otro.\u00a0Esta funci\u00f3n de hibernado parcial se produce cuando ejecutamos la funci\u00f3n \u201cApagar\u201d, pero no afecta a la de \u201cReiniciar\u201d que si que cierra la sesi\u00f3n y efect\u00faa un reinicio completo del equipo.<\/p>\n<div style=\"text-align: justify;\">\n<div><\/div>\n<div>Si se utiliza el congelador Toolwiz Time Freeze hace que permanezcan los cambios realizados en el equipo hasta que no se produzca un apagado real del mismo. De este modo si apagamos el ordenador normalmente los cambios permanecer\u00e1n sin volver a la situaci\u00f3n inicial tras el nuevo encendido del equipo.\u00a0Estos cambios desaparecer\u00e1n y se volver\u00e1 a la situaci\u00f3n en la que se congel\u00f3 el equipo cuando elijamos \u201cReiniciar\u201d, usemos el bot\u00f3n \u201cStop Time Freeze\u201d de Toolwiz Time Freeze, o cualquier otro programa que provoque un reinicio. Pueden pasar por tanto muchos d\u00edas antes de que se restablezca el equipo al estado en el que lo hab\u00edamos congelado.\u00a0Si queremos que con cada reinicio se restablezca el equipo al estado \u201ccongelado\u201d tenemos que deshabilitar ese comportamiento del comando \u201cApagar\u201d.<\/div>\n<\/div>\n<div style=\"text-align: justify;\"><\/div>\n<div style=\"text-align: justify;\">Este \u201cInicio r\u00e1pido\u201d tambi\u00e9n provoca conflictos en m\u00e1quinas con arranque dual Windows \u2013 Linux y lo que es peor con distribuciones en LiveCD que queramos utilizar para recuperar datos del disco duro (<a href=\"http:\/\/www.genbeta.com\/sistemas-operativos\/linux-y-windows-8-conviven-mal-en-configuraciones-de-arranque-dual\" target=\"_blank\" rel=\"nofollow\">ver art\u00edculo<\/a>).\u00a0En este art\u00edculo se describe tambi\u00e9n como activar y desactivar este inicio r\u00e1pido en Windows 8. En Windows 10 se hace igual. Pod\u00e9is descargar el tutorial incluido en esta p\u00e1gina.<\/div>\n<\/div>\n<p><a href=\"https:\/\/docs.google.com\/viewer?a=v&amp;pid=sites&amp;srcid=ZGVmYXVsdGRvbWFpbnxyZXNwb25zYWJsZXN0aWNjYXB0dWRlbGF8Z3g6NjMxZmRkNWMxZGIwMzVjNg\" target=\"_blank\">Cambiar configuraci\u00f3n del apagado en Windows 10.pdf<\/a><\/p>\n","protected":false},"excerpt":{"rendered":"<p>Existen en el mercado varias soluciones del tipo \u201creinicie y restaure\u201d que nos ayudan a proteger y conservar nuestros sistemas operativos ante cambios no deseados u otros que alteren el normal funcionamiento de nuestros equipos. Com\u00fanmente tambi\u00e9n se les llama \u201ccongeladores de disco duro\u201d y uno de los programas m\u00e1s conocidos es Deep Freeze, software &hellip; <\/p>\n<p><a class=\"more-link btn\" href=\"https:\/\/wp.catedu.es\/lanuzadigital\/seguridad\/toolwiz-time-freeze\/\">Seguir leyendo<\/a><\/p>\n","protected":false},"author":68,"featured_media":0,"parent":103,"menu_order":0,"comment_status":"closed","ping_status":"closed","template":"","meta":{"footnotes":""},"class_list":["post-413","page","type-page","status-publish","hentry","nodate","item-wrap"],"_links":{"self":[{"href":"https:\/\/wp.catedu.es\/lanuzadigital\/wp-json\/wp\/v2\/pages\/413","targetHints":{"allow":["GET"]}}],"collection":[{"href":"https:\/\/wp.catedu.es\/lanuzadigital\/wp-json\/wp\/v2\/pages"}],"about":[{"href":"https:\/\/wp.catedu.es\/lanuzadigital\/wp-json\/wp\/v2\/types\/page"}],"author":[{"embeddable":true,"href":"https:\/\/wp.catedu.es\/lanuzadigital\/wp-json\/wp\/v2\/users\/68"}],"replies":[{"embeddable":true,"href":"https:\/\/wp.catedu.es\/lanuzadigital\/wp-json\/wp\/v2\/comments?post=413"}],"version-history":[{"count":3,"href":"https:\/\/wp.catedu.es\/lanuzadigital\/wp-json\/wp\/v2\/pages\/413\/revisions"}],"predecessor-version":[{"id":418,"href":"https:\/\/wp.catedu.es\/lanuzadigital\/wp-json\/wp\/v2\/pages\/413\/revisions\/418"}],"up":[{"embeddable":true,"href":"https:\/\/wp.catedu.es\/lanuzadigital\/wp-json\/wp\/v2\/pages\/103"}],"wp:attachment":[{"href":"https:\/\/wp.catedu.es\/lanuzadigital\/wp-json\/wp\/v2\/media?parent=413"}],"curies":[{"name":"wp","href":"https:\/\/api.w.org\/{rel}","templated":true}]}}