{"id":504,"date":"2018-06-27T08:47:14","date_gmt":"2018-06-27T07:47:14","guid":{"rendered":"http:\/\/wp.catedu.es\/lanuzadigital\/?page_id=504"},"modified":"2018-06-27T08:47:14","modified_gmt":"2018-06-27T07:47:14","slug":"scratch","status":"publish","type":"page","link":"https:\/\/wp.catedu.es\/lanuzadigital\/otros\/scratch\/","title":{"rendered":"Scratch"},"content":{"rendered":"<h3><strong>\u00bfQu\u00e9 es Scratch?<\/strong><\/h3>\n<p style=\"text-align: justify;\"><a title=\"Scratch\" href=\"http:\/\/scratch.mit.edu\/\" target=\"_blank\"><strong>Scratch<\/strong><\/a>\u00a0es un programa que se utiliza para crear animaciones multimedia usando un entorno de programaci\u00f3n visual. Gracias al uso de este programa los alumnos\/as pueden aprender f\u00e1cilmente conceptos matem\u00e1ticos e inform\u00e1ticos: variables, coordenadas, bucles, eventos de usuario, estructuras de decisi\u00f3n, tratamiento de im\u00e1genes y de audios, etc.<\/p>\n<p><img loading=\"lazy\" decoding=\"async\" src=\"http:\/\/canaltic.com\/talleres\/scratch\/scratch001.jpg\" width=\"204\" height=\"115\" \/><\/p>\n<p style=\"text-align: justify;\">Es software de uso gratuito desarrolado por el grupo de investigaci\u00f3n del Laboratorio de Medios del\u00a0<strong>Instituto Tecnol\u00f3gico de Massachusetts<\/strong>\u00a0(MIT) en Estados Unidos. Funciona en equipos Windows, Mac y Linux.<\/p>\n","protected":false},"excerpt":{"rendered":"<p>\u00bfQu\u00e9 es Scratch? Scratch\u00a0es un programa que se utiliza para crear animaciones multimedia usando un entorno de programaci\u00f3n visual. Gracias al uso de este programa los alumnos\/as pueden aprender f\u00e1cilmente conceptos matem\u00e1ticos e inform\u00e1ticos: variables, coordenadas, bucles, eventos de usuario, estructuras de decisi\u00f3n, tratamiento de im\u00e1genes y de audios, etc. Es software de uso gratuito &hellip; <\/p>\n<p><a class=\"more-link btn\" href=\"https:\/\/wp.catedu.es\/lanuzadigital\/otros\/scratch\/\">Seguir leyendo<\/a><\/p>\n","protected":false},"author":68,"featured_media":0,"parent":431,"menu_order":0,"comment_status":"closed","ping_status":"closed","template":"","meta":{"footnotes":""},"class_list":["post-504","page","type-page","status-publish","hentry","nodate","item-wrap"],"_links":{"self":[{"href":"https:\/\/wp.catedu.es\/lanuzadigital\/wp-json\/wp\/v2\/pages\/504","targetHints":{"allow":["GET"]}}],"collection":[{"href":"https:\/\/wp.catedu.es\/lanuzadigital\/wp-json\/wp\/v2\/pages"}],"about":[{"href":"https:\/\/wp.catedu.es\/lanuzadigital\/wp-json\/wp\/v2\/types\/page"}],"author":[{"embeddable":true,"href":"https:\/\/wp.catedu.es\/lanuzadigital\/wp-json\/wp\/v2\/users\/68"}],"replies":[{"embeddable":true,"href":"https:\/\/wp.catedu.es\/lanuzadigital\/wp-json\/wp\/v2\/comments?post=504"}],"version-history":[{"count":1,"href":"https:\/\/wp.catedu.es\/lanuzadigital\/wp-json\/wp\/v2\/pages\/504\/revisions"}],"predecessor-version":[{"id":505,"href":"https:\/\/wp.catedu.es\/lanuzadigital\/wp-json\/wp\/v2\/pages\/504\/revisions\/505"}],"up":[{"embeddable":true,"href":"https:\/\/wp.catedu.es\/lanuzadigital\/wp-json\/wp\/v2\/pages\/431"}],"wp:attachment":[{"href":"https:\/\/wp.catedu.es\/lanuzadigital\/wp-json\/wp\/v2\/media?parent=504"}],"curies":[{"name":"wp","href":"https:\/\/api.w.org\/{rel}","templated":true}]}}