{"id":517,"date":"2018-06-27T09:03:57","date_gmt":"2018-06-27T08:03:57","guid":{"rendered":"http:\/\/wp.catedu.es\/lanuzadigital\/?page_id=517"},"modified":"2018-06-27T09:03:57","modified_gmt":"2018-06-27T08:03:57","slug":"4-el-escenario","status":"publish","type":"page","link":"https:\/\/wp.catedu.es\/lanuzadigital\/otros\/scratch\/primieros-pasos\/4-el-escenario\/","title":{"rendered":"4. El escenario"},"content":{"rendered":"<p style=\"text-align: justify;\">El\u00a0<strong>escenario<\/strong>\u00a0de Scratch tiene unas dimensiones de\u00a0<strong>480 x 360 p\u00edxeles<\/strong>. Al igual que un plano cartesiano la posici\u00f3n de los objetos sobre \u00e9l se determina por las coordenadas X e Y teniendo en cuenta que el centro del escenario se corresponde con las coordenadas X=0 e Y=0. Para encontrar la posici\u00f3n X,Y en la que te encuentras, mueve el rat\u00f3n por el escenario y observa c\u00f3mo cambian las coordenadas X,Y en la parte inferior derecha.<\/p>\n<p><img loading=\"lazy\" decoding=\"async\" class=\"aligncenter\" src=\"http:\/\/canaltic.com\/talleres\/scratch\/scratch008.jpg\" width=\"478\" height=\"359\" \/><\/p>\n","protected":false},"excerpt":{"rendered":"<p>El\u00a0escenario\u00a0de Scratch tiene unas dimensiones de\u00a0480 x 360 p\u00edxeles. Al igual que un plano cartesiano la posici\u00f3n de los objetos sobre \u00e9l se determina por las coordenadas X e Y teniendo en cuenta que el centro del escenario se corresponde con las coordenadas X=0 e Y=0. Para encontrar la posici\u00f3n X,Y en la que te &hellip; <\/p>\n<p><a class=\"more-link btn\" href=\"https:\/\/wp.catedu.es\/lanuzadigital\/otros\/scratch\/primieros-pasos\/4-el-escenario\/\">Seguir leyendo<\/a><\/p>\n","protected":false},"author":68,"featured_media":0,"parent":511,"menu_order":4,"comment_status":"closed","ping_status":"closed","template":"","meta":{"footnotes":""},"class_list":["post-517","page","type-page","status-publish","hentry","nodate","item-wrap"],"_links":{"self":[{"href":"https:\/\/wp.catedu.es\/lanuzadigital\/wp-json\/wp\/v2\/pages\/517","targetHints":{"allow":["GET"]}}],"collection":[{"href":"https:\/\/wp.catedu.es\/lanuzadigital\/wp-json\/wp\/v2\/pages"}],"about":[{"href":"https:\/\/wp.catedu.es\/lanuzadigital\/wp-json\/wp\/v2\/types\/page"}],"author":[{"embeddable":true,"href":"https:\/\/wp.catedu.es\/lanuzadigital\/wp-json\/wp\/v2\/users\/68"}],"replies":[{"embeddable":true,"href":"https:\/\/wp.catedu.es\/lanuzadigital\/wp-json\/wp\/v2\/comments?post=517"}],"version-history":[{"count":1,"href":"https:\/\/wp.catedu.es\/lanuzadigital\/wp-json\/wp\/v2\/pages\/517\/revisions"}],"predecessor-version":[{"id":518,"href":"https:\/\/wp.catedu.es\/lanuzadigital\/wp-json\/wp\/v2\/pages\/517\/revisions\/518"}],"up":[{"embeddable":true,"href":"https:\/\/wp.catedu.es\/lanuzadigital\/wp-json\/wp\/v2\/pages\/511"}],"wp:attachment":[{"href":"https:\/\/wp.catedu.es\/lanuzadigital\/wp-json\/wp\/v2\/media?parent=517"}],"curies":[{"name":"wp","href":"https:\/\/api.w.org\/{rel}","templated":true}]}}