{"id":548,"date":"2018-10-11T08:53:03","date_gmt":"2018-10-11T07:53:03","guid":{"rendered":"http:\/\/wp.catedu.es\/lanuzadigital\/?page_id=548"},"modified":"2018-10-11T09:05:02","modified_gmt":"2018-10-11T08:05:02","slug":"procreate","status":"publish","type":"page","link":"https:\/\/wp.catedu.es\/lanuzadigital\/creacion\/arte\/procreate\/","title":{"rendered":"Procreate"},"content":{"rendered":"<h3 style=\"text-align: center;\">Procreate, una app de dibujo para creativos<\/h3>\n<p style=\"text-align: center;\"><img loading=\"lazy\" decoding=\"async\" class=\"aligncenter size-full wp-image-551\" src=\"http:\/\/wp.catedu.es\/lanuzadigital\/wp-content\/uploads\/sites\/88\/2018\/10\/Captura-de-pantalla-2013-03-11-a-las-12.47.39.png\" alt=\"Captura-de-pantalla-2013-03-11-a-las-12.47.39\" width=\"620\" height=\"359\" srcset=\"https:\/\/wp.catedu.es\/lanuzadigital\/wp-content\/uploads\/sites\/88\/2018\/10\/Captura-de-pantalla-2013-03-11-a-las-12.47.39.png 620w, https:\/\/wp.catedu.es\/lanuzadigital\/wp-content\/uploads\/sites\/88\/2018\/10\/Captura-de-pantalla-2013-03-11-a-las-12.47.39-300x174.png 300w, https:\/\/wp.catedu.es\/lanuzadigital\/wp-content\/uploads\/sites\/88\/2018\/10\/Captura-de-pantalla-2013-03-11-a-las-12.47.39-100x58.png 100w, https:\/\/wp.catedu.es\/lanuzadigital\/wp-content\/uploads\/sites\/88\/2018\/10\/Captura-de-pantalla-2013-03-11-a-las-12.47.39-150x87.png 150w, https:\/\/wp.catedu.es\/lanuzadigital\/wp-content\/uploads\/sites\/88\/2018\/10\/Captura-de-pantalla-2013-03-11-a-las-12.47.39-200x116.png 200w, https:\/\/wp.catedu.es\/lanuzadigital\/wp-content\/uploads\/sites\/88\/2018\/10\/Captura-de-pantalla-2013-03-11-a-las-12.47.39-450x261.png 450w, https:\/\/wp.catedu.es\/lanuzadigital\/wp-content\/uploads\/sites\/88\/2018\/10\/Captura-de-pantalla-2013-03-11-a-las-12.47.39-600x347.png 600w\" sizes=\"auto, (max-width: 620px) 100vw, 620px\" \/><\/p>\n<p style=\"text-align: justify;\"><a href=\"http:\/\/www.procreate.si\/\">Procreate<\/a>, como su eslogan dice, sirve para bocetar, pintar y crear. Es muy intuitiva y muy sencilla de manejar si tenemos experiencia en otras apps de dibujo o con Photoshop.\u00a0Una de las caracter\u00edsticas m\u00e1s destacadas de Procreate es su variedad de pinceles y la capacidad de personalizaci\u00f3n de los mismos. Tambi\u00e9n la flexibilidad en cuanto a las posibilidades de equivocaci\u00f3n, teniendo no solo una goma para borrar, algo normal, sino que podemos volver hacia atr\u00e1s hasta un total de 100 pasos.\u00a0Otra caracter\u00edstica es el poder hacer capas en cualquier dibujo o fotograf\u00eda. Como podemos importar desde nuestra librer\u00eda una imagen podemos utilizarla de base para pintar o retocar encima de la misma.\u00a0La agilidad de la aplicaci\u00f3n es realmente buena, y no se producen retardos en los trazos, lo que hace muy natural el dibujo. Aunque funciona con los dedos sin problemas, es recomendable el uso de l\u00e1piz para tableta que mejora mucho la experiencia y la precisi\u00f3n.\u00a0En definitiva, aunque es una aplicaci\u00f3n muy b\u00e1sica, tiene lo suficiente para dibujar, pintar y desarrollar un gran trabajo.<\/p>\n<p style=\"text-align: justify;\">Manual en las p\u00e1ginas siguientes.<!--nextpage--><\/p>\n<p style=\"text-align: center;\"><iframe loading=\"lazy\" src=\"https:\/\/www.youtube.com\/embed\/d42XGwRGpP4\" width=\"560\" height=\"315\" frameborder=\"0\" allowfullscreen=\"allowfullscreen\"><\/iframe><br \/>\n<!--nextpage--><\/p>\n<p style=\"text-align: center;\"><iframe loading=\"lazy\" src=\"https:\/\/www.youtube.com\/embed\/6LHhVh7zhrk\" width=\"560\" height=\"315\" frameborder=\"0\" allowfullscreen=\"allowfullscreen\"><\/iframe><br \/>\n<!--nextpage--><\/p>\n<p style=\"text-align: center;\"><iframe loading=\"lazy\" src=\"https:\/\/www.youtube.com\/embed\/y5RsiJqfTeU\" width=\"560\" height=\"315\" frameborder=\"0\" allowfullscreen=\"allowfullscreen\"><\/iframe><br \/>\n<!--nextpage--><\/p>\n<p style=\"text-align: center;\"><iframe loading=\"lazy\" src=\"https:\/\/www.youtube.com\/embed\/v8TDyW4v4j0\" width=\"560\" height=\"315\" frameborder=\"0\" allowfullscreen=\"allowfullscreen\"><\/iframe><br \/>\n<!--nextpage--><\/p>\n<p style=\"text-align: center;\"><iframe loading=\"lazy\" src=\"https:\/\/www.youtube.com\/embed\/94lingdqg_c\" width=\"560\" height=\"315\" frameborder=\"0\" allowfullscreen=\"allowfullscreen\"><\/iframe><br \/>\n<!--nextpage--><\/p>\n<p style=\"text-align: center;\"><iframe loading=\"lazy\" src=\"https:\/\/www.youtube.com\/embed\/5a2N83QaUAk\" width=\"560\" height=\"315\" frameborder=\"0\" allowfullscreen=\"allowfullscreen\"><\/iframe><\/p>\n","protected":false},"excerpt":{"rendered":"<p>Procreate, una app de dibujo para creativos Procreate, como su eslogan dice, sirve para bocetar, pintar y crear. Es muy intuitiva y muy sencilla de manejar si tenemos experiencia en otras apps de dibujo o con Photoshop.\u00a0Una de las caracter\u00edsticas m\u00e1s destacadas de Procreate es su variedad de pinceles y la capacidad de personalizaci\u00f3n de &hellip; <\/p>\n<p><a class=\"more-link btn\" href=\"https:\/\/wp.catedu.es\/lanuzadigital\/creacion\/arte\/procreate\/\">Seguir leyendo<\/a><\/p>\n","protected":false},"author":68,"featured_media":0,"parent":546,"menu_order":1,"comment_status":"closed","ping_status":"closed","template":"","meta":{"footnotes":""},"class_list":["post-548","page","type-page","status-publish","hentry","nodate","item-wrap"],"_links":{"self":[{"href":"https:\/\/wp.catedu.es\/lanuzadigital\/wp-json\/wp\/v2\/pages\/548","targetHints":{"allow":["GET"]}}],"collection":[{"href":"https:\/\/wp.catedu.es\/lanuzadigital\/wp-json\/wp\/v2\/pages"}],"about":[{"href":"https:\/\/wp.catedu.es\/lanuzadigital\/wp-json\/wp\/v2\/types\/page"}],"author":[{"embeddable":true,"href":"https:\/\/wp.catedu.es\/lanuzadigital\/wp-json\/wp\/v2\/users\/68"}],"replies":[{"embeddable":true,"href":"https:\/\/wp.catedu.es\/lanuzadigital\/wp-json\/wp\/v2\/comments?post=548"}],"version-history":[{"count":3,"href":"https:\/\/wp.catedu.es\/lanuzadigital\/wp-json\/wp\/v2\/pages\/548\/revisions"}],"predecessor-version":[{"id":552,"href":"https:\/\/wp.catedu.es\/lanuzadigital\/wp-json\/wp\/v2\/pages\/548\/revisions\/552"}],"up":[{"embeddable":true,"href":"https:\/\/wp.catedu.es\/lanuzadigital\/wp-json\/wp\/v2\/pages\/546"}],"wp:attachment":[{"href":"https:\/\/wp.catedu.es\/lanuzadigital\/wp-json\/wp\/v2\/media?parent=548"}],"curies":[{"name":"wp","href":"https:\/\/api.w.org\/{rel}","templated":true}]}}