{"id":52,"date":"2018-06-25T18:13:45","date_gmt":"2018-06-25T17:13:45","guid":{"rendered":"http:\/\/wp.catedu.es\/mariajesusmonter\/?page_id=52"},"modified":"2021-07-05T10:18:15","modified_gmt":"2021-07-05T09:18:15","slug":"3o-eso","status":"publish","type":"page","link":"https:\/\/wp.catedu.es\/mariajesusmonter\/3o-eso\/","title":{"rendered":"3\u00ba ESO"},"content":{"rendered":"<h4 style=\"text-align: center\"><span style=\"color: #008000\"><strong>GEOGRAF\u00cdA 3\u00ba de ESO<\/strong><\/span><\/h4>\n<p style=\"text-align: center\"><img loading=\"lazy\" decoding=\"async\" class=\"alignnone size-full wp-image-53\" src=\"http:\/\/wp.catedu.es\/mariajesusmonter\/wp-content\/uploads\/sites\/117\/2018\/06\/3eso.jpeg\" alt=\"3eso\" width=\"184\" height=\"208\" \/><\/p>\n<ul>\n<li>MATERIALES ELABORADOS POR EL PROFESORADO\n<ul>\n<li>RECUPERACIONES curso 2018-2019:\n<ul>\n<li>Recuperaci\u00f3n de la 1\u00aa evaluaci\u00f3n ver materiales <a href=\"http:\/\/wp.catedu.es\/mariajesusmonter\/materiales-para-la-recuperacion-geografia-3o-eso-1a-evaluacion\/\" target=\"_blank\" rel=\"noopener noreferrer\">aqu\u00ed\u00a0<\/a><\/li>\n<\/ul>\n<\/li>\n<li>RECUPERACI\u00d3N curso 2019-2020:\n<ul>\n<li>Dossier de actividades (Andr\u00e9s L\u00f3pez Morillas) <a href=\"https:\/\/drive.google.com\/file\/d\/1wakQ_6BQmq5sTDyLIMROe4LyGHaIcH6m\/view?usp=sharing\" target=\"_blank\" rel=\"noopener noreferrer\">aqu\u00ed \u27a1\u00a0<\/a><\/li>\n<\/ul>\n<\/li>\n<\/ul>\n<\/li>\n<li><\/li>\n<li>ATLAS:\n<ul>\n<li>MAPAS DE ESPA\u00d1A <a href=\"http:\/\/www.ign.es\/espmap\/eso.htm\" target=\"_blank\" rel=\"noopener noreferrer\">aqu\u00ed \u27a1<\/a><\/li>\n<li>MAPAS MUDOS <a href=\"http:\/\/d-maps.com\/index.php?lang=es\" target=\"_blank\" rel=\"noopener noreferrer\">aqu\u00ed\u00a0 \u27a1<\/a><\/li>\n<li>GU\u00cdA DEL MUNDO <a href=\"http:\/\/www.guiadelmundo.org.uy\/cd\/countries\/index.html\" target=\"_blank\" rel=\"noopener noreferrer\">aqu\u00ed \u27a1<\/a><\/li>\n<li>GU\u00cdA DEL MUNDO EUROSUR <a href=\"http:\/\/www.eurosur.org\/guiadelmundo.bak\/01_paises.htm\" target=\"_blank\" rel=\"noopener noreferrer\">aqu\u00ed \u27a1\u00a0<\/a><\/li>\n<\/ul>\n<\/li>\n<\/ul>\n<p>&nbsp;<\/p>\n<ul>\n<li>GEOGRAF\u00cdA cidead <a href=\"http:\/\/recursostic.educacion.es\/secundaria\/edad\/3esohistoria\/index.htm\" target=\"_blank\" rel=\"noopener noreferrer\">aqu\u00ed \u27a1<\/a><\/li>\n<li>ITINERARIOS DID\u00c1CTICOS de INTEF <a href=\"https:\/\/intef.es\/recursos-educativos\/recursos-para-el-aprendizaje-en-linea\/itinerarios-didacticos\/\" target=\"_blank\" rel=\"noopener\">aqu\u00ed \u27a1<\/a><\/li>\n<li><\/li>\n<li>ACTIVIDADES INTERACTIVAS:\n<ul>\n<li>MAPAS INTERACTIVOS Seterra\u00a0<a href=\"https:\/\/online.seterra.com\/es\" target=\"_blank\" rel=\"noopener noreferrer\">aqu\u00ed\u00a0 \u27a1<\/a><\/li>\n<li>ACTIVIDADES INTERACTIVAS CON MAPA <a href=\"https:\/\/educativo.ign.es\/geosapiens\/htm\/es\/index.html\">aqu\u00ed \u27a1\u00a0<\/a><\/li>\n<\/ul>\n<\/li>\n<\/ul>\n<ul>\n<li>ANIMACIONES FLASH <a href=\"http:\/\/wp.catedu.es\/mariajesusmonter\/flash-de-geografia-3o-eso\/\" target=\"_blank\" rel=\"noopener noreferrer\">aqu\u00ed\u00a0 \u27a1<\/a><\/li>\n<li>FLASHES DE GEOGRAF\u00cdA <a href=\"http:\/\/ntic.educacion.es\/w3\/recursos\/secundaria\/sociales\/geografia\/contenido_indice.html\" target=\"_blank\" rel=\"noopener noreferrer\">aqu\u00ed \u27a1<\/a><\/li>\n<li>RECURSOS para Geograf\u00eda (IES Sabuco) <a href=\"http:\/\/perseo.sabuco.com\/historia\/geo.htm\" target=\"_blank\" rel=\"noopener noreferrer\">aqu\u00ed \u27a1<\/a><\/li>\n<li>BUSCADOR de recursos Agrega <a href=\"http:\/\/agrega.juntadeandalucia.es\/visualizadorcontenidos2\/Portada\/Portada.do\" target=\"_blank\" rel=\"noopener noreferrer\">aqu\u00ed \u27a1\u00a0<\/a><\/li>\n<\/ul>\n","protected":false},"excerpt":{"rendered":"<p>GEOGRAF\u00cdA 3\u00ba de ESO MATERIALES ELABORADOS POR EL PROFESORADO RECUPERACIONES curso 2018-2019: Recuperaci\u00f3n de la 1\u00aa evaluaci\u00f3n ver materiales aqu\u00ed\u00a0 RECUPERACI\u00d3N curso 2019-2020: Dossier de actividades (Andr\u00e9s L\u00f3pez Morillas) aqu\u00ed \u27a1\u00a0 ATLAS: MAPAS DE ESPA\u00d1A aqu\u00ed \u27a1 MAPAS MUDOS aqu\u00ed\u00a0 \u27a1 GU\u00cdA DEL MUNDO aqu\u00ed \u27a1 GU\u00cdA DEL MUNDO EUROSUR &#8230; <a class=\"continue-reading-link\" href=\"https:\/\/wp.catedu.es\/mariajesusmonter\/3o-eso\/\"> Continue reading<\/a><\/p>\n","protected":false},"author":226,"featured_media":0,"parent":0,"menu_order":3,"comment_status":"closed","ping_status":"closed","template":"","meta":{"footnotes":""},"class_list":["post-52","page","type-page","status-publish","hentry"],"_links":{"self":[{"href":"https:\/\/wp.catedu.es\/mariajesusmonter\/wp-json\/wp\/v2\/pages\/52","targetHints":{"allow":["GET"]}}],"collection":[{"href":"https:\/\/wp.catedu.es\/mariajesusmonter\/wp-json\/wp\/v2\/pages"}],"about":[{"href":"https:\/\/wp.catedu.es\/mariajesusmonter\/wp-json\/wp\/v2\/types\/page"}],"author":[{"embeddable":true,"href":"https:\/\/wp.catedu.es\/mariajesusmonter\/wp-json\/wp\/v2\/users\/226"}],"replies":[{"embeddable":true,"href":"https:\/\/wp.catedu.es\/mariajesusmonter\/wp-json\/wp\/v2\/comments?post=52"}],"version-history":[{"count":18,"href":"https:\/\/wp.catedu.es\/mariajesusmonter\/wp-json\/wp\/v2\/pages\/52\/revisions"}],"predecessor-version":[{"id":457,"href":"https:\/\/wp.catedu.es\/mariajesusmonter\/wp-json\/wp\/v2\/pages\/52\/revisions\/457"}],"wp:attachment":[{"href":"https:\/\/wp.catedu.es\/mariajesusmonter\/wp-json\/wp\/v2\/media?parent=52"}],"curies":[{"name":"wp","href":"https:\/\/api.w.org\/{rel}","templated":true}]}}