{"id":55,"date":"2018-06-25T18:15:27","date_gmt":"2018-06-25T17:15:27","guid":{"rendered":"http:\/\/wp.catedu.es\/mariajesusmonter\/?page_id=55"},"modified":"2021-07-05T10:18:43","modified_gmt":"2021-07-05T09:18:43","slug":"4o-eso","status":"publish","type":"page","link":"https:\/\/wp.catedu.es\/mariajesusmonter\/4o-eso\/","title":{"rendered":"4\u00ba ESO"},"content":{"rendered":"<h4 style=\"text-align: center\"><span style=\"color: #ff0000\"><strong>HISTORIA 4\u00ba de ESO<\/strong><\/span><\/h4>\n<p style=\"text-align: center\"><img loading=\"lazy\" decoding=\"async\" class=\"alignnone size-medium wp-image-47\" src=\"http:\/\/wp.catedu.es\/mariajesusmonter\/wp-content\/uploads\/sites\/117\/2018\/06\/4\u00baeso-300x212.jpg\" alt=\"4\u00baeso\" width=\"300\" height=\"212\" srcset=\"https:\/\/wp.catedu.es\/mariajesusmonter\/wp-content\/uploads\/sites\/117\/2018\/06\/4\u00baeso-300x212.jpg 300w, https:\/\/wp.catedu.es\/mariajesusmonter\/wp-content\/uploads\/sites\/117\/2018\/06\/4\u00baeso.jpg 399w\" sizes=\"auto, (max-width: 300px) 100vw, 300px\" \/><\/p>\n<ul>\n<li>MATERIALES ELABORADOS POR EL PROFESORADO:\n<ul>\n<li>Diapositivas en <a href=\"http:\/\/www.authorstream.com\/MyUploaded-Presentations\/All\" target=\"_blank\" rel=\"noopener noreferrer\">authorstream.com<\/a><\/li>\n<li><\/li>\n<\/ul>\n<\/li>\n<li>UNIDADES Y ACTIVIDADES INTERACTIVAS:\n<ul>\n<li><a href=\"http:\/\/wp.catedu.es\/mariajesusmonter\/unidades-y-materiales-en-e-ducativa\/\" target=\"_blank\" rel=\"noopener noreferrer\">E-ducativa \u27a1<\/a><\/li>\n<li><a href=\"http:\/\/recursostic.educacion.es\/secundaria\/edad\/4esohistoria\/index.htm\" target=\"_blank\" rel=\"noopener noreferrer\">Historia cidead \u27a1\u00a0<\/a><\/li>\n<li>ITINERARIOS DID\u00c1CTICOS de INTEF <a href=\"https:\/\/intef.es\/recursos-educativos\/recursos-para-el-aprendizaje-en-linea\/itinerarios-didacticos\/\" target=\"_blank\" rel=\"noopener\">aqu\u00ed \u27a1<\/a><\/li>\n<li><\/li>\n<\/ul>\n<\/li>\n<\/ul>\n<ul>\n<li>ATLAS HIST\u00d3RICO MUNDIAL\n<ul>\n<li>Geacron <a href=\"http:\/\/geacron.com\/home-es\/?lang=es&amp;sid=GeaCron803616\" target=\"_blank\" rel=\"noopener noreferrer\">aqu\u00ed\u00a0 \ud83d\ude2f<\/a><\/li>\n<\/ul>\n<\/li>\n<li>FLASH DE HISTORIA <a href=\"http:\/\/wp.catedu.es\/mariajesusmonter\/flash-de-historia-contemporanea\/\" target=\"_blank\" rel=\"noopener noreferrer\">aqu\u00ed\u00a0 \u27a1<\/a><\/li>\n<li>FLASH del profesor I.Buzo <a href=\"http:\/\/www.isaacbuzo.com\/animaciones-flash-de-historia\/\" target=\"_blank\" rel=\"noopener noreferrer\">aqu\u00ed \ud83d\ude09<\/a><\/li>\n<li>V\u00cdDEOS:\n<ul>\n<li>V\u00cdDEOS de Artehistoria <a href=\"https:\/\/www.artehistoria.com\/es\/listado-videos\" target=\"_blank\" rel=\"noopener noreferrer\">aqu\u00ed \ud83d\ude42<\/a><\/li>\n<li><\/li>\n<\/ul>\n<\/li>\n<li>PEL\u00cdCULAS:\n<ul>\n<li>PEL\u00cdCULAS para entender la Historia <a href=\"https:\/\/www.tiki-toki.com\/timeline\/entry\/731265\/Pelculas-para-entender-la-Historia-Contempornea\/?fbclid=IwAR3RS7pTuqkQlM2y_MdJJfonowfm3vn9-RX5hB1D225P5ZOkORtqUy7YsCI\" target=\"_blank\" rel=\"noopener noreferrer\">aqu\u00ed \ud83d\ude00<\/a><\/li>\n<li>\u00abDaens\u00bb (Revoluci\u00f3n Industrial) Pel\u00edcula y actividades <a href=\"http:\/\/wp.catedu.es\/mariajesusmonter\/pelicula-daens\/\" target=\"_blank\" rel=\"noopener noreferrer\">aqu\u00ed \ud83d\ude1b\u00a0<\/a><\/li>\n<li>\u00abGeminal\u00bb (Revoluci\u00f3n Industrial) Pel\u00edcula y actividades <a href=\"http:\/\/wp.catedu.es\/mariajesusmonter\/trabajo-a-partir-de-la-pelicula-germinal\/\" target=\"_blank\" rel=\"noopener noreferrer\">aqu\u00ed \ud83d\ude1b<\/a><\/li>\n<\/ul>\n<\/li>\n<\/ul>\n<ul>\n<li>TODO: diapositivas, v\u00eddeos, webs, actividades, etc. en <a href=\"http:\/\/catedu.aragon.es\/moodle\/course\/view.php?id=1624\" target=\"_blank\" rel=\"noopener noreferrer\">moodle Baltasar Graci\u00e1n 4\u00baESO<\/a><\/li>\n<li>BUSCADOR de recursos Agrega <a href=\"http:\/\/agrega.juntadeandalucia.es\/visualizadorcontenidos2\/Portada\/Portada.do\" target=\"_blank\" rel=\"noopener noreferrer\">aqu\u00ed \ud83d\ude2f\u00a0<\/a><\/li>\n<li>INFORMACI\u00d3N y ACTIVIDADES para preparar la prueba de acceso a Ciclos Formativos de Grado Medio <a href=\"http:\/\/wp.catedu.es\/mariajesusmonter\/preparar-la-prueba-de-acceso-a-cfgm-ciencias-sociales\/\" target=\"_blank\" rel=\"noopener noreferrer\">aqu\u00ed\u00a0 \ud83d\ude2f<\/a><\/li>\n<\/ul>\n","protected":false},"excerpt":{"rendered":"<p>HISTORIA 4\u00ba de ESO MATERIALES ELABORADOS POR EL PROFESORADO: Diapositivas en authorstream.com UNIDADES Y ACTIVIDADES INTERACTIVAS: E-ducativa \u27a1 Historia cidead \u27a1\u00a0 ITINERARIOS DID\u00c1CTICOS de INTEF aqu\u00ed \u27a1 ATLAS HIST\u00d3RICO MUNDIAL Geacron aqu\u00ed\u00a0 \ud83d\ude2f FLASH DE HISTORIA aqu\u00ed\u00a0 \u27a1 FLASH del profesor I.Buzo aqu\u00ed \ud83d\ude09 V\u00cdDEOS: V\u00cdDEOS de Artehistoria aqu\u00ed \ud83d\ude42 &#8230; <a class=\"continue-reading-link\" href=\"https:\/\/wp.catedu.es\/mariajesusmonter\/4o-eso\/\"> Continue reading<\/a><\/p>\n","protected":false},"author":226,"featured_media":0,"parent":0,"menu_order":4,"comment_status":"closed","ping_status":"closed","template":"","meta":{"footnotes":""},"class_list":["post-55","page","type-page","status-publish","hentry"],"_links":{"self":[{"href":"https:\/\/wp.catedu.es\/mariajesusmonter\/wp-json\/wp\/v2\/pages\/55","targetHints":{"allow":["GET"]}}],"collection":[{"href":"https:\/\/wp.catedu.es\/mariajesusmonter\/wp-json\/wp\/v2\/pages"}],"about":[{"href":"https:\/\/wp.catedu.es\/mariajesusmonter\/wp-json\/wp\/v2\/types\/page"}],"author":[{"embeddable":true,"href":"https:\/\/wp.catedu.es\/mariajesusmonter\/wp-json\/wp\/v2\/users\/226"}],"replies":[{"embeddable":true,"href":"https:\/\/wp.catedu.es\/mariajesusmonter\/wp-json\/wp\/v2\/comments?post=55"}],"version-history":[{"count":16,"href":"https:\/\/wp.catedu.es\/mariajesusmonter\/wp-json\/wp\/v2\/pages\/55\/revisions"}],"predecessor-version":[{"id":458,"href":"https:\/\/wp.catedu.es\/mariajesusmonter\/wp-json\/wp\/v2\/pages\/55\/revisions\/458"}],"wp:attachment":[{"href":"https:\/\/wp.catedu.es\/mariajesusmonter\/wp-json\/wp\/v2\/media?parent=55"}],"curies":[{"name":"wp","href":"https:\/\/api.w.org\/{rel}","templated":true}]}}