{"id":65,"date":"2018-06-25T18:24:12","date_gmt":"2018-06-25T17:24:12","guid":{"rendered":"http:\/\/wp.catedu.es\/mariajesusmonter\/?page_id=65"},"modified":"2020-09-02T17:24:29","modified_gmt":"2020-09-02T16:24:29","slug":"2o-historia-arte","status":"publish","type":"page","link":"https:\/\/wp.catedu.es\/mariajesusmonter\/2o-historia-arte\/","title":{"rendered":"2\u00baHIST. ARTE"},"content":{"rendered":"<h2 style=\"text-align: center\"><span style=\"color: #003366\"><strong>HISTORIA DEL ARTE 2\u00ba de BACHILLERATO<\/strong><\/span><\/h2>\n<p style=\"text-align: center\"><img loading=\"lazy\" decoding=\"async\" class=\"alignnone size-medium wp-image-48\" src=\"http:\/\/wp.catedu.es\/mariajesusmonter\/wp-content\/uploads\/sites\/117\/2018\/06\/ha.arte_-300x162.jpg\" alt=\"ha.arte\" width=\"300\" height=\"162\" srcset=\"https:\/\/wp.catedu.es\/mariajesusmonter\/wp-content\/uploads\/sites\/117\/2018\/06\/ha.arte_-300x162.jpg 300w, https:\/\/wp.catedu.es\/mariajesusmonter\/wp-content\/uploads\/sites\/117\/2018\/06\/ha.arte_.jpg 306w\" sizes=\"auto, (max-width: 300px) 100vw, 300px\" \/><\/p>\n<ul>\n<li>MATERIALES ELABORADOS POR EL PROFESORADO\n<ul>\n<li>Diapositivas en authorstream <a href=\"http:\/\/www.authorstream.com\/MyUploaded-Presentations\/All\">aqu\u00ed \ud83d\ude2f<\/a><\/li>\n<\/ul>\n<\/li>\n<\/ul>\n<p>&nbsp;<\/p>\n<ul>\n<li>INFORMACI\u00d3N Y MATERIAL EVAU\n<ul>\n<li>Contenido EvAU. Especificaciones curso 2019-2020 <a href=\"https:\/\/academico.unizar.es\/sites\/academico.unizar.es\/files\/archivos\/acceso\/accespau\/progr\/histoartematriz.pdf\" target=\"_blank\" rel=\"noopener noreferrer\">aqu\u00ed \u27a1\u00a0<\/a><\/li>\n<li>Contenidos para las preguntas de la prueba 2020 <a href=\"https:\/\/academico.unizar.es\/sites\/academico.unizar.es\/files\/enviodocumento\/acceso\/armon\/histoarte\/orientacionesprueba.pdf\" target=\"_blank\" rel=\"noopener noreferrer\">aqu\u00ed \u27a1\u00a0<\/a><\/li>\n<li>Ex\u00e1menes anteriores <a href=\"https:\/\/academico.unizar.es\/acceso-admision-grado\/evau\/exame\" target=\"_blank\" rel=\"noopener noreferrer\">aqu\u00ed \u27a1\u00a0<\/a><\/li>\n<\/ul>\n<\/li>\n<\/ul>\n<p>&nbsp;<\/p>\n<ul>\n<li>WEBS DE INTER\u00c9S:\n<ul>\n<li>ENSE\u00d1-ARTE <a href=\"http:\/\/aprendersociales.blogspot.com\/\" target=\"_blank\" rel=\"noopener noreferrer\">aqu\u00ed \ud83d\ude00<\/a><\/li>\n<li>Historia del Arte. MEC <a href=\"http:\/\/recursostic.educacion.es\/humanidades\/proyectohistoriaarte\/web\/\" target=\"_blank\" rel=\"noopener noreferrer\">aqu\u00ed \ud83d\ude00<\/a><\/li>\n<li>Recursos de Historia del Arte. Educalab <a href=\"http:\/\/educalab.es\/recursos\/historico\/bachillerato\/historia-arte\" target=\"_blank\" rel=\"noopener noreferrer\">aqu\u00ed \ud83d\ude00<\/a><\/li>\n<li>Praxiteles, maestro de la escultura antigua (franc\u00e9s) <a href=\"http:\/\/mini-site.louvre.fr\/praxitele\/index_flash_fr.html\" target=\"_blank\" rel=\"noopener noreferrer\">aqu\u00ed \ud83d\ude00\u00a0<\/a><\/li>\n<li>En clave de Rom\u00e1nico <a href=\"http:\/\/www.e-canet.com\/ecdr\/arte\/arquitectura\/arquitectura.htm\" target=\"_blank\" rel=\"noopener noreferrer\">aqu\u00ed \ud83d\ude00<\/a><\/li>\n<li>Arte y Cultura <a href=\"https:\/\/artsandculture.google.com\/partner?hl=es\" target=\"_blank\" rel=\"noopener noreferrer\">aqu\u00ed \ud83d\ude00\u00a0<\/a><\/li>\n<li>Aprender a ver arquitectura <a href=\"http:\/\/ntic.educacion.es\/w3\/eos\/MaterialesEducativos\/mem2006\/ver_arquitectura\/portada.html\" target=\"_blank\" rel=\"noopener noreferrer\">aqu\u00ed \ud83d\ude00<\/a><\/li>\n<li>Glosario ilustrado de arquitectura <a href=\"https:\/\/www.glosarioarquitectonico.com\/?s=adobe\" target=\"_blank\" rel=\"noopener noreferrer\">aqu\u00ed \ud83d\ude00<\/a><\/li>\n<li>Arquitectura y poes\u00eda <a href=\"http:\/\/poesiadelmomento.com\/mensuales\/mensuales_2003\/85b.html\" target=\"_blank\" rel=\"noopener noreferrer\">aqu\u00ed \ud83d\ude00<\/a><\/li>\n<li>Vermeer de Deft <a href=\"http:\/\/ntic.educacion.es\/w3\/\/eos\/MaterialesEducativos\/mem2003\/vermeer\/interfaz.html\" target=\"_blank\" rel=\"noopener noreferrer\">aqu\u00ed \ud83d\ude00<\/a><\/li>\n<li>Goya, el genio aragon\u00e9s <a href=\"http:\/\/ntic.educacion.es\/w3\/eos\/MaterialesEducativos\/mem2007\/goya_genio_aragones\/index.html#\" target=\"_blank\" rel=\"noopener noreferrer\">aqu\u00ed \ud83d\ude00\u00a0<\/a><\/li>\n<li>El Impresionismo <a href=\"http:\/\/ntic.educacion.es\/w3\/eos\/MaterialesEducativos\/mem2006\/impresionismo\/index.html\" target=\"_blank\" rel=\"noopener noreferrer\">aqu\u00ed \ud83d\ude00<\/a><\/li>\n<li>La luz en el arte <a href=\"http:\/\/ntic.educacion.es\/w3\/eos\/MaterialesEducativos\/mem2006\/luz_arte\/index.html\" target=\"_blank\" rel=\"noopener noreferrer\">aqu\u00ed \ud83d\ude00<\/a><\/li>\n<\/ul>\n<\/li>\n<\/ul>\n<p>&nbsp;<\/p>\n<ul>\n<li>VISITAS virtuales:\n<ol>\n<li>Museu Nacional d&#8217;Art de Catalunya <a href=\"https:\/\/www.museunacional.cat\/ca\/el-museu-nacional-casa\" target=\"_blank\" rel=\"noopener noreferrer\">aqu\u00ed \ud83d\ude1b\u00a0<\/a><\/li>\n<li>Museu Dal\u00ed de Figueres <a href=\"https:\/\/www.salvador-dali.org\/ca\/museus\/teatre-museu-dali-de-figueres\/visita-virtual\/\" target=\"_blank\" rel=\"noopener noreferrer\">aqu\u00ed \ud83d\ude1b<\/a><\/li>\n<\/ol>\n<\/li>\n<\/ul>\n<p>&nbsp;<\/p>\n<ul>\n<li>V\u00cdDEOS interesantes y\/o divertidos:\n<ul>\n<li>Obras de arte del Museo del Prado comentadas para p\u00fablico infantil <a href=\"https:\/\/www.youtube.com\/playlist?list=PL8S8EUbs69xK5gr2N12d8qnHpcNZQTTQ6\" target=\"_blank\" rel=\"noopener noreferrer\">aqu\u00ed \ud83d\ude09\u00a0<\/a><\/li>\n<\/ul>\n<\/li>\n<\/ul>\n","protected":false},"excerpt":{"rendered":"<p>HISTORIA DEL ARTE 2\u00ba de BACHILLERATO MATERIALES ELABORADOS POR EL PROFESORADO Diapositivas en authorstream aqu\u00ed \ud83d\ude2f &nbsp; INFORMACI\u00d3N Y MATERIAL EVAU Contenido EvAU. Especificaciones curso 2019-2020 aqu\u00ed \u27a1\u00a0 Contenidos para las preguntas de la prueba 2020 aqu\u00ed \u27a1\u00a0 Ex\u00e1menes anteriores aqu\u00ed \u27a1\u00a0 &nbsp; WEBS DE INTER\u00c9S: ENSE\u00d1-ARTE aqu\u00ed \ud83d\ude00 Historia &#8230; <a class=\"continue-reading-link\" href=\"https:\/\/wp.catedu.es\/mariajesusmonter\/2o-historia-arte\/\"> Continue reading<\/a><\/p>\n","protected":false},"author":226,"featured_media":0,"parent":0,"menu_order":8,"comment_status":"closed","ping_status":"closed","template":"","meta":{"footnotes":""},"class_list":["post-65","page","type-page","status-publish","hentry"],"_links":{"self":[{"href":"https:\/\/wp.catedu.es\/mariajesusmonter\/wp-json\/wp\/v2\/pages\/65","targetHints":{"allow":["GET"]}}],"collection":[{"href":"https:\/\/wp.catedu.es\/mariajesusmonter\/wp-json\/wp\/v2\/pages"}],"about":[{"href":"https:\/\/wp.catedu.es\/mariajesusmonter\/wp-json\/wp\/v2\/types\/page"}],"author":[{"embeddable":true,"href":"https:\/\/wp.catedu.es\/mariajesusmonter\/wp-json\/wp\/v2\/users\/226"}],"replies":[{"embeddable":true,"href":"https:\/\/wp.catedu.es\/mariajesusmonter\/wp-json\/wp\/v2\/comments?post=65"}],"version-history":[{"count":7,"href":"https:\/\/wp.catedu.es\/mariajesusmonter\/wp-json\/wp\/v2\/pages\/65\/revisions"}],"predecessor-version":[{"id":436,"href":"https:\/\/wp.catedu.es\/mariajesusmonter\/wp-json\/wp\/v2\/pages\/65\/revisions\/436"}],"wp:attachment":[{"href":"https:\/\/wp.catedu.es\/mariajesusmonter\/wp-json\/wp\/v2\/media?parent=65"}],"curies":[{"name":"wp","href":"https:\/\/api.w.org\/{rel}","templated":true}]}}