{"id":78,"date":"2018-06-26T17:46:39","date_gmt":"2018-06-26T16:46:39","guid":{"rendered":"http:\/\/wp.catedu.es\/mariajesusmonter\/?page_id=78"},"modified":"2023-08-27T18:17:07","modified_gmt":"2023-08-27T17:17:07","slug":"departamento","status":"publish","type":"page","link":"https:\/\/wp.catedu.es\/mariajesusmonter\/departamento\/","title":{"rendered":"DEPARTAMENTO"},"content":{"rendered":"<p><img loading=\"lazy\" decoding=\"async\" class=\"size-medium aligncenter\" src=\"https:\/\/site.educa.madrid.org\/ies.carlosbousono.majadahonda\/\/wp-content\/uploads\/ies.carlosbousono.majadahonda\/2020\/11\/imagenGH.jpeg\" width=\"278\" height=\"181\" \/><\/p>\n<p><strong>Documentaci\u00f3n del Departamento: <a href=\"https:\/\/drive.google.com\/drive\/u\/2\/my-drive\" target=\"_blank\" rel=\"noopener\">DRIVE<\/a><\/strong><\/p>\n<p><strong>Direcci\u00f3n de correo del Departamento: <\/strong>geografia.historia.graus@gmail.com<\/p>\n<p><strong>Documentos de adaptaciones:<\/strong><\/p>\n<ul>\n<li>Adaptaci\u00f3n altas capacidades <a href=\"https:\/\/altascapacidadescse.org\/ModeloAdaptaci%C3%B3n(AltasCapacidades).pdf\" target=\"_blank\" rel=\"noopener\">aqu\u00ed\u00a0 \u27a1<\/a><\/li>\n<li>Adaptaci\u00f3n de acceso\u00a0<a href=\"https:\/\/docs.google.com\/document\/d\/19itCuNOTgCYuWlr-SUNcSaZlUc91-5HQnsqcfpUqm-0\/edit?usp=sharing\" target=\"_blank\" rel=\"noopener\">aqu\u00ed\u00a0 \u27a1<\/a><\/li>\n<li>Adaptaci\u00f3n curricular no significativa <a href=\"https:\/\/docs.google.com\/document\/d\/1zkF2JbEmqiaGZeKIhYYwxU-6z34BaMwPRBL90_3sV98\/edit?usp=sharing\" target=\"_blank\" rel=\"noopener\">aqu\u00ed\u00a0 \u27a1<\/a><\/li>\n<li>Adaptaci\u00f3n curricular significativa:\n<ul>\n<li>4\u00ba ESO (2018) <a href=\"https:\/\/docs.google.com\/document\/d\/1yYJbmAUN_psAaE_1-XMCwNYcmLhHi9lM\/edit?usp=sharing&amp;ouid=101125413829990071696&amp;rtpof=true&amp;sd=true\" target=\"_blank\" rel=\"noopener\">aqu\u00ed\u00a0 \u27a1<\/a><\/li>\n<li>1\u00ba ESO (2021)\u00a0<a href=\"https:\/\/docs.google.com\/document\/d\/1wn8rEVGwZ9JWuLn4UC7OIefEISbmocs_90YmZvN6P8o\/edit?usp=sharing\" target=\"_blank\" rel=\"noopener\">aqu\u00ed\u00a0 \u27a1<\/a><\/li>\n<\/ul>\n<\/li>\n<li>Adaptaci\u00f3n curricular documento tutoras <a href=\"https:\/\/docs.google.com\/document\/d\/1LxpJtrIGCUU5w6Y3NwgSRsDzcJgscoJt\/edit\" target=\"_blank\" rel=\"noopener\">aqu\u00ed\u00a0 \u27a1<\/a><\/li>\n<li>Plan individualizado de refuerzo (2019)\u00a0\u00a0<a href=\"https:\/\/docs.google.com\/document\/d\/1l9ZeAKcCKuFmr6Vi-ZOmoyYa6mzZdpObDiVmtcxnHd0\/edit?usp=sharing\" target=\"_blank\" rel=\"noopener\">aqu\u00ed \ud83d\ude42<\/a><\/li>\n<\/ul>\n<p><strong>Informes de competencias:<\/strong><\/p>\n<ul>\n<li>Informe Competencia Curricular 1\u00ba ESO: <a href=\"https:\/\/docs.google.com\/document\/d\/1AahZ-RSwVNgK8L0UcpsXm8OjfddXjNo9\/edit?usp=sharing&amp;ouid=101125413829990071696&amp;rtpof=true&amp;sd=true\" target=\"_blank\" rel=\"noopener\">aqu\u00ed\u00a0 \ud83d\udca1<\/a><\/li>\n<li>Informe Competencia Curricular 2\u00ba ESO: <a href=\"https:\/\/docs.google.com\/document\/d\/1pUqqEPNX4oeThmsWbRdEqQgJ6K-neGH_\/edit?usp=sharing&amp;ouid=101125413829990071696&amp;rtpof=true&amp;sd=true\" target=\"_blank\" rel=\"noopener\">aqu\u00ed\u00a0 \ud83d\udca1<\/a><\/li>\n<li>Informe Competencia Curricular 3\u00ba ESO:<\/li>\n<li>Informe Competencia Curricular 4\u00ba ESO:\n<ul>\n<li>Modelo 1 <a href=\"https:\/\/docs.google.com\/document\/d\/1A4nfohqdkAokKQUtgV46NBAi7jx5Cr8u\/edit?usp=sharing&amp;ouid=101125413829990071696&amp;rtpof=true&amp;sd=true\" target=\"_blank\" rel=\"noopener\">aqu\u00ed\u00a0 \ud83d\udca1<\/a><\/li>\n<li>Modelo 2 (2017) <a href=\"https:\/\/docs.google.com\/document\/d\/1ToK5uWoCoT4s7FL5vSKVPe2mD4ICjmui\/edit?usp=sharing&amp;ouid=101125413829990071696&amp;rtpof=true&amp;sd=true\" target=\"_blank\" rel=\"noopener\">aqu\u00ed\u00a0 \ud83d\udca1<\/a><\/li>\n<\/ul>\n<\/li>\n<\/ul>\n<p><strong>Informes de evaluaci\u00f3n negativa:<\/strong><\/p>\n<ul>\n<li>Modelo general <a href=\"https:\/\/docs.google.com\/document\/d\/1DuZT7Hm_95PiVRcX7JRa8CRu6g3hsDRd\/edit?usp=sharing&amp;ouid=101125413829990071696&amp;rtpof=true&amp;sd=true\" target=\"_blank\" rel=\"noopener\">aqu\u00ed\u00a0 \ud83d\ude41<\/a><\/li>\n<li>1\u00ba ESO\n<ul>\n<li>Modelo 2019 <a href=\"https:\/\/docs.google.com\/document\/d\/1d6L5V8OB0StCETCYa9TfbOPf_-gYGlbP\/edit?usp=sharing&amp;ouid=101125413829990071696&amp;rtpof=true&amp;sd=true\" target=\"_blank\" rel=\"noopener\">aqu\u00ed\u00a0 \ud83d\ude41<\/a><\/li>\n<li>Modelo 2021 <a href=\"https:\/\/drive.google.com\/file\/d\/1jSDtNvtFoCtAYfkQsBkpp_-TO3GiMA8J\/view?usp=sharing\" target=\"_blank\" rel=\"noopener\">aqu\u00ed \ud83d\ude21<\/a><\/li>\n<\/ul>\n<\/li>\n<\/ul>\n<ul>\n<li>2\u00ba ESO\n<ul>\n<li>Modelo 2020\u00a0<a href=\"https:\/\/docs.google.com\/document\/d\/1ScWP3zV3RhTka40ZPG-hiZ3nCo0ekQ4Y\/edit?usp=sharing&amp;ouid=101125413829990071696&amp;rtpof=true&amp;sd=true\" target=\"_blank\" rel=\"noopener\">aqu\u00ed\u00a0 \ud83d\ude41<\/a><\/li>\n<li>Modelo 2019 <a href=\"https:\/\/drive.google.com\/file\/d\/1EqiUXBI0ohDKT-gtkmqYZdXYcbxkmKhq\/view?usp=sharing\" target=\"_blank\" rel=\"noopener noreferrer\">aqu\u00ed \ud83d\ude42<\/a><\/li>\n<li>Modelo 2021 <a href=\"https:\/\/drive.google.com\/file\/d\/1ScWP3zV3RhTka40ZPG-hiZ3nCo0ekQ4Y\/view?usp=sharing\" target=\"_blank\" rel=\"noopener\">aqu\u00ed \ud83d\ude21<\/a><\/li>\n<li><\/li>\n<\/ul>\n<\/li>\n<li>3\u00ba ESO\n<ul>\n<li>Modelo 2020 <a href=\"https:\/\/drive.google.com\/file\/d\/1TQU9wYFITuBk6DL6GvXPEjQz3JS8qnlz\/view?usp=sharing\" target=\"_blank\" rel=\"noopener noreferrer\">aqu\u00ed \ud83d\ude42<\/a><\/li>\n<li>Modelo 2019 <a href=\"https:\/\/drive.google.com\/file\/d\/1hPLJ2VGmmneGI2HK2_UARdxWew8XtSRS\/view?usp=sharing\" target=\"_blank\" rel=\"noopener noreferrer\">aqu\u00ed\u00a0 \ud83d\ude41<\/a><\/li>\n<li>Modelo 2021 <a href=\"https:\/\/drive.google.com\/file\/d\/1k4MY4dx5eVCTFR1ANxYsiCz0jvWxhwOl\/view?usp=sharing\" target=\"_blank\" rel=\"noopener\">aqu\u00ed \ud83d\ude21<\/a><\/li>\n<li><\/li>\n<\/ul>\n<\/li>\n<li>4\u00ba ESO\n<ul>\n<li>Modelo 2019\u00a0<a href=\"https:\/\/docs.google.com\/document\/d\/1RLRUaIzloFaEF8y0jpY4GiO9LfO7BuDb\/edit?usp=sharing&amp;ouid=101125413829990071696&amp;rtpof=true&amp;sd=true\" target=\"_blank\" rel=\"noopener\">aqu\u00ed\u00a0 \ud83d\ude41<\/a><\/li>\n<li>Modelo 2021 <a href=\"https:\/\/drive.google.com\/file\/d\/1qCq-RFp9c61Tvvaqw6qMr7dbGfpoHrF5\/view?usp=sharing\" target=\"_blank\" rel=\"noopener\">aqu\u00ed \ud83d\ude21<\/a><\/li>\n<li><\/li>\n<\/ul>\n<\/li>\n<li>1\u00ba BACH. HISTORIA CONTEMPOR\u00c1NEA\u00a0<a href=\"https:\/\/drive.google.com\/file\/d\/129ryH2TeY-nkNXbPh2T9L1hsubFTfdZK\/view?usp=sharing\" target=\"_blank\" rel=\"noopener noreferrer\">aqu\u00ed\u00a0 \ud83d\ude41<\/a><\/li>\n<li>2\u00ba BACH. HISTORIA DE ESPA\u00d1A\u00a0aqu\u00ed\u00a0 \ud83d\ude41<\/li>\n<li>2\u00ba BACH. GEOGRAF\u00cdA DE ESPA\u00d1A aqu\u00ed\u00a0 \ud83d\ude41<\/li>\n<li>2\u00ba BACH. HISTORIA DEL ARTE aqu\u00ed \ud83d\ude42<\/li>\n<\/ul>\n<p><strong>Memoria del Departamento:\u00a0<\/strong><strong>plantilla<\/strong> <a href=\"https:\/\/drive.google.com\/file\/d\/1SVEPq7VUd4s7KEKoWcKOKTMCKfxuHzQy\/view?usp=sharing\" target=\"_blank\" rel=\"noopener noreferrer\">aqu\u00ed\u00a0 \u27a1<\/a>\u00a0\/ <strong>plantilla 2021<\/strong>\u00a0aqu\u00ed \u27a1<\/p>\n<ol>\n<li>Memoria curso 2015-2016 <a href=\"https:\/\/drive.google.com\/file\/d\/1U0EDQ0-pnKaEhbIa89Nc2ukHjXEbUjl6\/view?usp=sharing\" target=\"_blank\" rel=\"noopener noreferrer\">aqu\u00ed \ud83d\ude00<\/a><\/li>\n<li>Memoria curso 2016-2017 <a href=\"https:\/\/drive.google.com\/file\/d\/1TLFxLMDDb1YPhKcIsOgvfn2pmgbDrLMl\/view?usp=sharing\" target=\"_blank\" rel=\"noopener noreferrer\">aqu\u00ed \ud83d\ude41<\/a><\/li>\n<li>Memoria curso 2017-2018 <a href=\"https:\/\/drive.google.com\/file\/d\/19SuxCaNTDClQ7JqtBmdBbLV1uX9loGDg\/view?usp=sharing\" target=\"_blank\" rel=\"noopener noreferrer\">aqu\u00ed \ud83d\ude00<\/a><\/li>\n<li>Memoria curso 2018-2019 <a href=\"https:\/\/docs.google.com\/document\/d\/1vchR377p5HJ-2LuWZKK-cPagG57dZpF4t9ojJqlGe5w\/edit?usp=sharing\">aqu\u00ed \ud83d\ude1b<\/a><\/li>\n<li>Memoria curso 2019-2020 <a href=\"https:\/\/docs.google.com\/document\/d\/1ESIF8N5LwJAsKVSBiXBH7egujz9MTodOft-gb3Q5qfI\/edit?usp=sharing\" target=\"_blank\" rel=\"noopener noreferrer\">aqu\u00ed \ud83d\ude1b<\/a><\/li>\n<li>Memoria curso 2020-2021 <a href=\"https:\/\/docs.google.com\/document\/d\/1fHdX2BP6fhxunA-jQl2qHioqBcD-vAdBpa2HZdcEjKw\/edit?usp=sharing\" target=\"_blank\" rel=\"noopener\">aqu\u00ed\u00a0\ud83d\ude00<\/a><\/li>\n<li>Memoria curso 2021-2022 <a href=\"https:\/\/docs.google.com\/document\/d\/1X-j14coEjE4vwOR4cBtZ0_0kTjIZ_mlUzxFTVVJtPr4\/edit?usp=sharing\" target=\"_blank\" rel=\"noopener\">aqu\u00ed \ud83d\ude00<\/a><\/li>\n<li>Memoria curso 2022-2023 <a href=\"https:\/\/docs.google.com\/document\/d\/1d_EqejlopA5j1evSub7Sp_lVEZCw2cFXLZdyx4FOfnE\/edit?usp=sharing\" target=\"_blank\" rel=\"noopener\">aqu\u00ed \ud83d\ude00<\/a><\/li>\n<li>Memoria curso 2023-2024 aqu\u00ed \ud83d\ude00<\/li>\n<\/ol>\n<p><strong>Valoraci\u00f3n de los trimestres:\u00a0plantilla<\/strong> (An\u00e1lisis de resultados y seguimiento de la programaci\u00f3n) \u00a0<a href=\"https:\/\/docs.google.com\/document\/d\/1oTsFhZZuPtH3rZXivQsmdb1g405KujnW_JOLzXe4k8o\/edit?usp=sharing\" target=\"_blank\" rel=\"noopener noreferrer\">aqu\u00ed \ud83d\ude2f<\/a><\/p>\n<p><span style=\"color: #800000\"><strong>PROGRAMACIONES:<\/strong><\/span><\/p>\n<ul>\n<li>Programaci\u00f3n del curso 2017-2018 <a href=\"https:\/\/drive.google.com\/file\/d\/1uvRhzQ88DFZFWftrgiQROzgP8it0pe20\/view?usp=sharing\" target=\"_blank\" rel=\"noopener noreferrer\">aqu\u00ed \ud83d\udca1<\/a><\/li>\n<li>Programaci\u00f3n del curso 2018-2019 <a href=\"https:\/\/drive.google.com\/drive\/folders\/1ZyLjtIDCIMb2qyqDlLjQAqWdRRzo_K0w?usp=sharing\" target=\"_blank\" rel=\"noopener noreferrer\">aqu\u00ed\u00a0 \ud83d\udca1<\/a><\/li>\n<li>Programaci\u00f3n del curso 2019-2020 <a href=\"https:\/\/drive.google.com\/drive\/folders\/1stEmMw6vnvcfdE2twp6JRsNkcf-GxG7-?usp=sharing\" target=\"_blank\" rel=\"noopener noreferrer\">aqu\u00ed \ud83d\udca1<\/a>\n<ul>\n<li>Anexos Covid-19 <a href=\"https:\/\/drive.google.com\/open?id=12RYq4t-Pi6W5V5NFCo-gIwbWcXrHipTa\" target=\"_blank\" rel=\"noopener noreferrer\">aqu\u00ed \ud83d\udca1<\/a><\/li>\n<\/ul>\n<\/li>\n<li>Programaci\u00f3n del curso 2020-2021 <a href=\"https:\/\/drive.google.com\/drive\/folders\/1c-Ke9OnYLw7oh0rZtmTsjLqhCHOEi16O?usp=sharing\" target=\"_blank\" rel=\"noopener noreferrer\">aqu\u00ed \ud83d\udca1<\/a>\n<ul>\n<li>Anexo Criterios calificaci\u00f3n presencialidad <a href=\"https:\/\/docs.google.com\/document\/d\/1Fya07BbOtGedkkPyjUdFe9M9RhvgM3F53qtkvCdWhMs\/edit?usp=sharing\" target=\"_blank\" rel=\"noopener\">aqu\u00ed \ud83d\udca1<\/a><\/li>\n<\/ul>\n<\/li>\n<li>Programaci\u00f3n del curso 2021-2022 <a href=\"https:\/\/wp.catedu.es\/mariajesusmonter\/programaciones-curso-2021-2022\/\" target=\"_blank\" rel=\"noopener\">aqu\u00ed \ud83d\udca1<\/a><\/li>\n<li>Programaci\u00f3n del curso 2022-2023 (LOMCE y LOMLOE) <a href=\"https:\/\/wp.catedu.es\/mariajesusmonter\/programaciones-curso-2022-2023-lomce\/\" target=\"_blank\" rel=\"noopener\">aqu\u00ed \ud83d\udca1<\/a><\/li>\n<li>Programaci\u00f3n del curso 2023-2024\u00a0aqu\u00ed \ud83d\udca1<\/li>\n<\/ul>\n<p><span style=\"color: #800000\"><strong>Actas y documentos:<\/strong><\/span><\/p>\n<ul style=\"list-style-type: circle\">\n<li>Actas y otros documentos Curso 2018-2019 <a href=\"https:\/\/drive.google.com\/open?id=1jQQTOKBXKV17XzeFkhKeXhTfFSVXcwBl\" target=\"_blank\" rel=\"noopener noreferrer\">aqu\u00ed \ud83d\ude2f<\/a><\/li>\n<li>Actas y otros documentos Curso 2019-2020 <a href=\"https:\/\/drive.google.com\/drive\/folders\/1DJtiAy4fmQA0yMaAw98TdhBVTHF-kmim?usp=sharing\" target=\"_blank\" rel=\"noopener noreferrer\">aqu\u00ed \ud83d\ude2f<\/a><\/li>\n<li>Actas y otros documentos del Curso 2020-2021 <a href=\"https:\/\/drive.google.com\/drive\/folders\/1j-CTWJi4WDxnfJXVplCliWsPo-BY7lAO?usp=sharing\" target=\"_blank\" rel=\"noopener\">aqu\u00ed \ud83d\ude2f<\/a><\/li>\n<li>Actas y otros documentos del Curso 2021-2022 <a href=\"https:\/\/drive.google.com\/drive\/folders\/1Qqx3md4HZvY0IYBWFSF4aHPtm4pDdaor?usp=sharing\" target=\"_blank\" rel=\"noopener\">aqu\u00ed \ud83d\ude2f<\/a><\/li>\n<li>Actas y otros documentos del Curso 2022-2023 <a href=\"https:\/\/drive.google.com\/drive\/folders\/1tJOOYnf2YBd9hIld2GVEQCunM8bEalZl?usp=sharing\" target=\"_blank\" rel=\"noopener\">aqu\u00ed \ud83d\ude2f<\/a><\/li>\n<li>Actas y otros documentos del Curso 2023-2024 <a href=\"https:\/\/drive.google.com\/drive\/folders\/1CSdkz5CMnWKOWMvlFPzKOqK4Y0Zei8M3?usp=sharing\" target=\"_blank\" rel=\"noopener\">aqu\u00ed \ud83d\ude2f<\/a><\/li>\n<\/ul>\n<p><strong>Informaciones sobre pruebas EvAU:<\/strong><\/p>\n<ul>\n<li>Historia de Espa\u00f1a <a href=\"https:\/\/drive.google.com\/drive\/folders\/1ajly5PUZKurwIRAC1gt8NoCE60vpPOPj?usp=sharing\" target=\"_blank\" rel=\"noopener noreferrer\">carpeta \ud83d\ude2f<\/a><\/li>\n<li>Geograf\u00eda de Espa\u00f1a <a href=\"https:\/\/drive.google.com\/open?id=1o3xCDn1saH2zOAGJXXs9ue1KfEXbPM2V\" target=\"_blank\" rel=\"noopener noreferrer\">carpeta \ud83d\ude2f<\/a><\/li>\n<li>Historia del Arte <a href=\"https:\/\/drive.google.com\/open?id=1Quvgblk8D_D113eZ9CcVu5PAgOGMDWD3\" target=\"_blank\" rel=\"noopener noreferrer\">carpeta \ud83d\ude2f<\/a><\/li>\n<\/ul>\n<p><strong>Modelos de pruebas iniciales:<\/strong>\u00a0<a href=\"https:\/\/drive.google.com\/drive\/folders\/1Yeu3dGQBoFoNmhoXvBBAV3jj6-26n9ul?usp=sharing\" target=\"_blank\" rel=\"noopener\">carpeta\u00a0\ud83d\ude00<\/a><\/p>\n<p>&nbsp;<\/p>\n","protected":false},"excerpt":{"rendered":"<p>Documentaci\u00f3n del Departamento: DRIVE Direcci\u00f3n de correo del Departamento: geografia.historia.graus@gmail.com Documentos de adaptaciones: Adaptaci\u00f3n altas capacidades aqu\u00ed\u00a0 \u27a1 Adaptaci\u00f3n de acceso\u00a0aqu\u00ed\u00a0 \u27a1 Adaptaci\u00f3n curricular no significativa aqu\u00ed\u00a0 \u27a1 Adaptaci\u00f3n curricular significativa: 4\u00ba ESO (2018) aqu\u00ed\u00a0 \u27a1 1\u00ba ESO (2021)\u00a0aqu\u00ed\u00a0 \u27a1 Adaptaci\u00f3n curricular documento tutoras aqu\u00ed\u00a0 \u27a1 Plan individualizado de refuerzo &#8230; <a class=\"continue-reading-link\" href=\"https:\/\/wp.catedu.es\/mariajesusmonter\/departamento\/\"> Continue reading<\/a><\/p>\n","protected":false},"author":226,"featured_media":0,"parent":0,"menu_order":9,"comment_status":"closed","ping_status":"closed","template":"","meta":{"footnotes":""},"class_list":["post-78","page","type-page","status-publish","hentry"],"_links":{"self":[{"href":"https:\/\/wp.catedu.es\/mariajesusmonter\/wp-json\/wp\/v2\/pages\/78","targetHints":{"allow":["GET"]}}],"collection":[{"href":"https:\/\/wp.catedu.es\/mariajesusmonter\/wp-json\/wp\/v2\/pages"}],"about":[{"href":"https:\/\/wp.catedu.es\/mariajesusmonter\/wp-json\/wp\/v2\/types\/page"}],"author":[{"embeddable":true,"href":"https:\/\/wp.catedu.es\/mariajesusmonter\/wp-json\/wp\/v2\/users\/226"}],"replies":[{"embeddable":true,"href":"https:\/\/wp.catedu.es\/mariajesusmonter\/wp-json\/wp\/v2\/comments?post=78"}],"version-history":[{"count":36,"href":"https:\/\/wp.catedu.es\/mariajesusmonter\/wp-json\/wp\/v2\/pages\/78\/revisions"}],"predecessor-version":[{"id":512,"href":"https:\/\/wp.catedu.es\/mariajesusmonter\/wp-json\/wp\/v2\/pages\/78\/revisions\/512"}],"wp:attachment":[{"href":"https:\/\/wp.catedu.es\/mariajesusmonter\/wp-json\/wp\/v2\/media?parent=78"}],"curies":[{"name":"wp","href":"https:\/\/api.w.org\/{rel}","templated":true}]}}