{"id":131,"date":"2020-11-01T09:06:10","date_gmt":"2020-11-01T08:06:10","guid":{"rendered":"http:\/\/wp.catedu.es\/matematicasvdp\/?page_id=131"},"modified":"2020-11-01T09:11:37","modified_gmt":"2020-11-01T08:11:37","slug":"estructura-de-los-examenes","status":"publish","type":"page","link":"https:\/\/wp.catedu.es\/matematicasvdp\/matematicas-evau\/estructura-de-los-examenes\/","title":{"rendered":"ESTRUCTURA EX\u00c1MENES"},"content":{"rendered":"<p><span style=\"font-size: 14pt\">A continuaci\u00f3n podr\u00e9is leer el documento sobre el acuerdo al que se lleg\u00f3 a comienzo de este curso 2020-2021 entre los profesores de 2\u00ba Bachillerato y UNIZAR sobre la <a href=\"http:\/\/wp.catedu.es\/matematicasvdp\/wp-content\/uploads\/sites\/196\/2020\/11\/Estructura-EvAU_20-21.pdf\">estructura de la prueba<\/a>.\u00a0<\/span><\/p>\n<div><\/div>\n<div><\/div>\n","protected":false},"excerpt":{"rendered":"<p>A continuaci\u00f3n podr\u00e9is leer el documento sobre el acuerdo al que se lleg\u00f3 a comienzo de este curso 2020-2021 entre los profesores de 2\u00ba Bachillerato y UNIZAR sobre la estructura de la prueba.\u00a0<\/p>\n","protected":false},"author":354,"featured_media":0,"parent":75,"menu_order":1,"comment_status":"closed","ping_status":"closed","template":"","meta":{"footnotes":""},"class_list":["post-131","page","type-page","status-publish","hentry"],"_links":{"self":[{"href":"https:\/\/wp.catedu.es\/matematicasvdp\/wp-json\/wp\/v2\/pages\/131","targetHints":{"allow":["GET"]}}],"collection":[{"href":"https:\/\/wp.catedu.es\/matematicasvdp\/wp-json\/wp\/v2\/pages"}],"about":[{"href":"https:\/\/wp.catedu.es\/matematicasvdp\/wp-json\/wp\/v2\/types\/page"}],"author":[{"embeddable":true,"href":"https:\/\/wp.catedu.es\/matematicasvdp\/wp-json\/wp\/v2\/users\/354"}],"replies":[{"embeddable":true,"href":"https:\/\/wp.catedu.es\/matematicasvdp\/wp-json\/wp\/v2\/comments?post=131"}],"version-history":[{"count":5,"href":"https:\/\/wp.catedu.es\/matematicasvdp\/wp-json\/wp\/v2\/pages\/131\/revisions"}],"predecessor-version":[{"id":137,"href":"https:\/\/wp.catedu.es\/matematicasvdp\/wp-json\/wp\/v2\/pages\/131\/revisions\/137"}],"up":[{"embeddable":true,"href":"https:\/\/wp.catedu.es\/matematicasvdp\/wp-json\/wp\/v2\/pages\/75"}],"wp:attachment":[{"href":"https:\/\/wp.catedu.es\/matematicasvdp\/wp-json\/wp\/v2\/media?parent=131"}],"curies":[{"name":"wp","href":"https:\/\/api.w.org\/{rel}","templated":true}]}}