{"id":21,"date":"2020-09-20T11:41:55","date_gmt":"2020-09-20T10:41:55","guid":{"rendered":"http:\/\/wp.catedu.es\/matematicasvdp\/?page_id=21"},"modified":"2022-10-06T12:03:52","modified_gmt":"2022-10-06T11:03:52","slug":"miembros-del-departamento","status":"publish","type":"page","link":"https:\/\/wp.catedu.es\/matematicasvdp\/miembros-del-departamento\/","title":{"rendered":"PROFESORES"},"content":{"rendered":"<ul>\n<li><span style=\"color: #0000ff\">CONCHITA PUBILL LAHOZ<\/span>\u00a0 (Jefa del Departamento) conchitapubill@iesvirgendelpilar.com<\/li>\n<li><span style=\"color: #0000ff\">ALMUDENA LATRE RUEDA<\/span> almudenalatre@iesvirgendelpilar.com<\/li>\n<li><span style=\"color: #0000ff\">ENRIQUE L\u00d3PEZ MINGUEZA <\/span>enriquelopez@iesvirgendelpilar.com<\/li>\n<li><span style=\"color: #0000ff\">RA\u00daL L\u00d3PEZ FUENTETAJA<\/span> raullopez@iesvirgendelpilar.com<\/li>\n<\/ul>\n","protected":false},"excerpt":{"rendered":"<p>CONCHITA PUBILL LAHOZ\u00a0 (Jefa del Departamento) conchitapubill@iesvirgendelpilar.com ALMUDENA LATRE RUEDA almudenalatre@iesvirgendelpilar.com ENRIQUE L\u00d3PEZ MINGUEZA enriquelopez@iesvirgendelpilar.com RA\u00daL L\u00d3PEZ FUENTETAJA raullopez@iesvirgendelpilar.com<\/p>\n","protected":false},"author":354,"featured_media":0,"parent":0,"menu_order":2,"comment_status":"closed","ping_status":"closed","template":"","meta":{"footnotes":""},"class_list":["post-21","page","type-page","status-publish","hentry"],"_links":{"self":[{"href":"https:\/\/wp.catedu.es\/matematicasvdp\/wp-json\/wp\/v2\/pages\/21","targetHints":{"allow":["GET"]}}],"collection":[{"href":"https:\/\/wp.catedu.es\/matematicasvdp\/wp-json\/wp\/v2\/pages"}],"about":[{"href":"https:\/\/wp.catedu.es\/matematicasvdp\/wp-json\/wp\/v2\/types\/page"}],"author":[{"embeddable":true,"href":"https:\/\/wp.catedu.es\/matematicasvdp\/wp-json\/wp\/v2\/users\/354"}],"replies":[{"embeddable":true,"href":"https:\/\/wp.catedu.es\/matematicasvdp\/wp-json\/wp\/v2\/comments?post=21"}],"version-history":[{"count":7,"href":"https:\/\/wp.catedu.es\/matematicasvdp\/wp-json\/wp\/v2\/pages\/21\/revisions"}],"predecessor-version":[{"id":292,"href":"https:\/\/wp.catedu.es\/matematicasvdp\/wp-json\/wp\/v2\/pages\/21\/revisions\/292"}],"wp:attachment":[{"href":"https:\/\/wp.catedu.es\/matematicasvdp\/wp-json\/wp\/v2\/media?parent=21"}],"curies":[{"name":"wp","href":"https:\/\/api.w.org\/{rel}","templated":true}]}}