{"id":248,"date":"2021-04-28T14:51:39","date_gmt":"2021-04-28T13:51:39","guid":{"rendered":"http:\/\/wp.catedu.es\/matematicasvdp\/?page_id=248"},"modified":"2022-03-17T13:30:16","modified_gmt":"2022-03-17T12:30:16","slug":"pangea-matematica","status":"publish","type":"page","link":"https:\/\/wp.catedu.es\/matematicasvdp\/concursos\/pangea-matematica\/","title":{"rendered":"PANGEA MATEM\u00c1TICA"},"content":{"rendered":"<p><a href=\"https:\/\/wp.catedu.es\/matematicasvdp\/concursos\/pangea-matematica\/creator-gd-jpeg-v1-0-using-ijg-jpeg-v62-quality-90\/\" rel=\"attachment wp-att-283\"><img loading=\"lazy\" decoding=\"async\" class=\"size-medium wp-image-283 aligncenter\" src=\"http:\/\/wp.catedu.es\/matematicasvdp\/wp-content\/uploads\/sites\/196\/2022\/02\/portada-1-300x175.jpg\" alt=\"\" width=\"300\" height=\"175\" srcset=\"https:\/\/wp.catedu.es\/matematicasvdp\/wp-content\/uploads\/sites\/196\/2022\/02\/portada-1-300x175.jpg 300w, https:\/\/wp.catedu.es\/matematicasvdp\/wp-content\/uploads\/sites\/196\/2022\/02\/portada-1.jpg 600w\" sizes=\"auto, (max-width: 300px) 100vw, 300px\" \/><\/a><\/p>\n<p>La X<strong><em>\u00a0edici\u00f3n del Concurso de Matem\u00e1ticas Pangea<\/em><\/strong>\u00a0ya est\u00e1 en marcha.<\/p>\n<p>Este curso, por tercera vez consecutiva, vamos a organizar el Concurso de forma\u00a0<u>online<\/u>\u00a0a trav\u00e9s de una plataforma mediante la que se podr\u00e1 hacer el registro y se podr\u00e1 acceder a las\u00a0<u>dos pruebas<\/u>\u00a0de las que consta el Concurso. El centro educativo, mediante un profesor o una profesora que ser\u00e1 el contacto entre el centro educativo y la Asociaci\u00f3n Pangea, ser\u00e1 el encargado de inscribir en el Concurso a todos y todas las estudiantes que as\u00ed lo deseen.<\/p>\n<p>El\u00a0<u>coste de inscripci\u00f3n<\/u>\u00a0por cada estudiante es de 3 \u20ac y tendr\u00e1 que ser abonado al centro por la familia de cada estudiante. El dinero tendr\u00e1 que ser ingresado por pago online o por el contacto del centro educativo en la cuenta bancaria de la Asociaci\u00f3n Pangea para financiar parte de los gastos que supone la organizaci\u00f3n del Concurso.<\/p>\n<p>Las\u00a0<u>fechas<\/u>\u00a0principales para la celebraci\u00f3n del Concurso son las siguientes:<\/p>\n<ul>\n<li>Inscripci\u00f3n: hasta el 18 de marzo de 2022, ambos inclusive.<\/li>\n<li>Primera Fase: del 21 de marzo al 01 de abril de 2022, ambos inclusive.<\/li>\n<li>Segunda Fase: del 09 al 13 de mayo de 2022, ambos inclusive.<\/li>\n<\/ul>\n<p>Estas fechas pueden verse sometidas a modificaciones ante posibles incidencias que se produzcan, pero avisaremos con suficiente tiempo.<\/p>\n<p>En nuestra p\u00e1gina web\u00a0<a href=\"https:\/\/www.concursopangea.es\/\"><strong>www.concursopangea.es<\/strong><\/a>\u00a0podr\u00e9is encontrar m\u00e1s informaci\u00f3n, as\u00ed como el enlace a la plataforma online.<\/p>\n<p>En este <strong>curso 2021-2022<\/strong>, los siguientes alumnos y alumnas de 1\u00ba.\u00baESO van a participar en la primera fase de este concurso:<\/p>\n<ul>\n<li><span style=\"color: #000000;font-family: 'courier new', courier, monospace\"><strong>Tianle Mu<\/strong><\/span><\/li>\n<li><span style=\"color: #000000;font-family: 'courier new', courier, monospace\"><strong>Akram Rkiouak Karkab<\/strong><\/span><\/li>\n<li><span style=\"color: #000000;font-family: 'courier new', courier, monospace\"><strong>Andrea Torres Azcoitia<\/strong><\/span><\/li>\n<\/ul>\n<p>&nbsp;<\/p>\n<p>&nbsp;<\/p>\n<p>&nbsp;<\/p>\n<p><strong>En el curso 2020-2021<\/strong>, los siguientes alumnos y alumnas de 1.\u00ba ESO participaron en la primera fase del Concurso Matem\u00e1ticas Pangea.<\/p>\n<p><em>Cristina Torralba Ib\u00e1\u00f1ez<\/em><\/p>\n<p><em>Ana Bujeda L\u00f3pez<\/em><\/p>\n<p><em>Samuel Iritia Bernad<\/em><\/p>\n<p><em>Jara Mart\u00edn Romero<\/em><\/p>\n<p><em>Isabel Naverac Millastre<\/em><\/p>\n<p><em>Francisco Cataldi Furlani<\/em><\/p>\n<p><em>Judith Alconchel de la Torre<\/em><\/p>\n","protected":false},"excerpt":{"rendered":"<p>La X\u00a0edici\u00f3n del Concurso de Matem\u00e1ticas Pangea\u00a0ya est\u00e1 en marcha. Este curso, por tercera vez consecutiva, vamos a organizar el Concurso de forma\u00a0online\u00a0a trav\u00e9s de una plataforma mediante la que se podr\u00e1 hacer el registro y se podr\u00e1 acceder a las\u00a0dos pruebas\u00a0de las que consta el Concurso. El centro educativo, mediante un profesor o una [&hellip;]<\/p>\n","protected":false},"author":354,"featured_media":0,"parent":221,"menu_order":2,"comment_status":"closed","ping_status":"closed","template":"","meta":{"footnotes":""},"class_list":["post-248","page","type-page","status-publish","hentry"],"_links":{"self":[{"href":"https:\/\/wp.catedu.es\/matematicasvdp\/wp-json\/wp\/v2\/pages\/248","targetHints":{"allow":["GET"]}}],"collection":[{"href":"https:\/\/wp.catedu.es\/matematicasvdp\/wp-json\/wp\/v2\/pages"}],"about":[{"href":"https:\/\/wp.catedu.es\/matematicasvdp\/wp-json\/wp\/v2\/types\/page"}],"author":[{"embeddable":true,"href":"https:\/\/wp.catedu.es\/matematicasvdp\/wp-json\/wp\/v2\/users\/354"}],"replies":[{"embeddable":true,"href":"https:\/\/wp.catedu.es\/matematicasvdp\/wp-json\/wp\/v2\/comments?post=248"}],"version-history":[{"count":6,"href":"https:\/\/wp.catedu.es\/matematicasvdp\/wp-json\/wp\/v2\/pages\/248\/revisions"}],"predecessor-version":[{"id":290,"href":"https:\/\/wp.catedu.es\/matematicasvdp\/wp-json\/wp\/v2\/pages\/248\/revisions\/290"}],"up":[{"embeddable":true,"href":"https:\/\/wp.catedu.es\/matematicasvdp\/wp-json\/wp\/v2\/pages\/221"}],"wp:attachment":[{"href":"https:\/\/wp.catedu.es\/matematicasvdp\/wp-json\/wp\/v2\/media?parent=248"}],"curies":[{"name":"wp","href":"https:\/\/api.w.org\/{rel}","templated":true}]}}