{"id":30,"date":"2020-09-20T11:48:35","date_gmt":"2020-09-20T10:48:35","guid":{"rendered":"http:\/\/wp.catedu.es\/matematicasvdp\/?page_id=30"},"modified":"2020-09-20T11:49:19","modified_gmt":"2020-09-20T10:49:19","slug":"presentacion","status":"publish","type":"page","link":"https:\/\/wp.catedu.es\/matematicasvdp\/presentacion\/","title":{"rendered":"PRESENTACI\u00d3N"},"content":{"rendered":"<p class=\"has-text-align-left\">Este es el sitio <strong>web del Departamento de Matem\u00e1ticas<\/strong> de nuestro IES. Aqu\u00ed encontrar\u00e1s toda la informaci\u00f3n acad\u00e9mica sobre las asignaturas que nuestro departamento imparte, as\u00ed como sobre contenidos, actividades extraescolares, informaci\u00f3n para recuperar las materias pendientes, concursos que organizamos\u2026 Si nos quieres hacer alguna consulta, no dudes en ponerte en contacto con nosotros y te atenderemos en cuanto nos sea posible.<\/p>\n<div class=\"wp-block-spacer desktop-only\" aria-hidden=\"true\"><\/div>\n<div class=\"wp-block-columns alignwide has-2-columns\">\n<div class=\"wp-block-column\">\n<h2 class=\"has-text-align-left\"><span style=\"font-size: 24pt\">Ponte en contacto con nosotros<\/span><\/h2>\n<div class=\"wp-block-jetpack-contact-info\">\n<div class=\"wp-block-jetpack-address\">\n<div class=\"jetpack-address__address jetpack-address__address1\">Paseo Reyes de Arag\u00f3n, 20<\/div>\n<div><span class=\"jetpack-address__city\">Zaragoza<\/span>,\u00a0<span class=\"jetpack-address__postal\">50012<\/span><\/div>\n<div class=\"jetpack-address__country\">Espa\u00f1a<\/div>\n<\/div>\n<div class=\"wp-block-jetpack-email\"><a href=\"https:\/\/lenguavdp.home.blog\/contacto\/lengua@iesvirgendelpilar.com\">matematicas@iesvirgendelpilar.com<\/a><\/div>\n<div class=\"wp-block-jetpack-phone\"><a href=\"tel:0034976306009\">00.34.976.30.60.09<\/a><\/div>\n<\/div>\n<\/div>\n<\/div>\n","protected":false},"excerpt":{"rendered":"<p>Este es el sitio web del Departamento de Matem\u00e1ticas de nuestro IES. Aqu\u00ed encontrar\u00e1s toda la informaci\u00f3n acad\u00e9mica sobre las asignaturas que nuestro departamento imparte, as\u00ed como sobre contenidos, actividades extraescolares, informaci\u00f3n para recuperar las materias pendientes, concursos que organizamos\u2026 Si nos quieres hacer alguna consulta, no dudes en ponerte en contacto con nosotros y [&hellip;]<\/p>\n","protected":false},"author":354,"featured_media":0,"parent":0,"menu_order":1,"comment_status":"closed","ping_status":"closed","template":"","meta":{"footnotes":""},"class_list":["post-30","page","type-page","status-publish","hentry"],"_links":{"self":[{"href":"https:\/\/wp.catedu.es\/matematicasvdp\/wp-json\/wp\/v2\/pages\/30","targetHints":{"allow":["GET"]}}],"collection":[{"href":"https:\/\/wp.catedu.es\/matematicasvdp\/wp-json\/wp\/v2\/pages"}],"about":[{"href":"https:\/\/wp.catedu.es\/matematicasvdp\/wp-json\/wp\/v2\/types\/page"}],"author":[{"embeddable":true,"href":"https:\/\/wp.catedu.es\/matematicasvdp\/wp-json\/wp\/v2\/users\/354"}],"replies":[{"embeddable":true,"href":"https:\/\/wp.catedu.es\/matematicasvdp\/wp-json\/wp\/v2\/comments?post=30"}],"version-history":[{"count":1,"href":"https:\/\/wp.catedu.es\/matematicasvdp\/wp-json\/wp\/v2\/pages\/30\/revisions"}],"predecessor-version":[{"id":31,"href":"https:\/\/wp.catedu.es\/matematicasvdp\/wp-json\/wp\/v2\/pages\/30\/revisions\/31"}],"wp:attachment":[{"href":"https:\/\/wp.catedu.es\/matematicasvdp\/wp-json\/wp\/v2\/media?parent=30"}],"curies":[{"name":"wp","href":"https:\/\/api.w.org\/{rel}","templated":true}]}}