{"id":33,"date":"2020-09-20T11:54:47","date_gmt":"2020-09-20T10:54:47","guid":{"rendered":"http:\/\/wp.catedu.es\/matematicasvdp\/?page_id=33"},"modified":"2021-03-15T19:42:05","modified_gmt":"2021-03-15T18:42:05","slug":"dia-del-numero-pi","status":"publish","type":"page","link":"https:\/\/wp.catedu.es\/matematicasvdp\/dia-del-numero-pi\/","title":{"rendered":"D\u00cdA DEL N\u00daMERO PI"},"content":{"rendered":"<p>&nbsp;<\/p>\n<p style=\"text-align: center\"><strong>CURSO 2020-2021<\/strong><\/p>\n<p>Durante los d\u00edas <strong>11 y 12 de marzo<\/strong> hemos celebrado en el IES el d\u00eda del n\u00famero Pi.<\/p>\n<p>Los alumnos de 1\u00baESO han construido un <a href=\"http:\/\/alerce.pntic.mec.es\/rgob0004\/sierpinski\/fichasierpinski.pdf\">Tri\u00e1ngulo Sierpinski<\/a> y han descubierto que hay fractales a su alrededor.<\/p>\n<p>&nbsp;<\/p>\n<p style=\"text-align: center\"><strong>CURSO 2019-2020<\/strong><\/p>\n<p>El <strong>viernes 13 de marzo de 2020<\/strong> celebramos en el IES el d\u00eda del n\u00famero Pi.\u00a0<a href=\"http:\/\/wp.catedu.es\/matematicasvdp\/wp-content\/uploads\/sites\/196\/2020\/10\/Cartel-numero-pi-2020.pdf\">Cartel n\u00famero pi 2020<\/a><\/p>\n<h2><a href=\"http:\/\/wp.catedu.es\/matematicasvdp\/dia-del-numero-pi\/foto-2-dia-pi\/\" rel=\"attachment wp-att-120\"><img loading=\"lazy\" decoding=\"async\" class=\"alignnone size-medium wp-image-120\" src=\"http:\/\/wp.catedu.es\/matematicasvdp\/wp-content\/uploads\/sites\/196\/2020\/10\/foto-2-dia-pi.jpg\" alt=\"\" width=\"300\" height=\"225\" \/><\/a> <a href=\"http:\/\/wp.catedu.es\/matematicasvdp\/dia-del-numero-pi\/foto-3-dia-pi\/\" rel=\"attachment wp-att-121\"><img loading=\"lazy\" decoding=\"async\" class=\"alignnone size-medium wp-image-121\" src=\"http:\/\/wp.catedu.es\/matematicasvdp\/wp-content\/uploads\/sites\/196\/2020\/10\/foto-3-dia-pi.jpg\" alt=\"\" width=\"300\" height=\"225\" \/><\/a> <a href=\"http:\/\/wp.catedu.es\/matematicasvdp\/dia-del-numero-pi\/foto-4dia-pi\/\" rel=\"attachment wp-att-122\"><img loading=\"lazy\" decoding=\"async\" class=\"alignnone size-medium wp-image-122\" src=\"http:\/\/wp.catedu.es\/matematicasvdp\/wp-content\/uploads\/sites\/196\/2020\/10\/foto-4dia-pi.jpg\" alt=\"\" width=\"225\" height=\"300\" \/><\/a><\/h2>\n<h2 id=\"resTit_2\"><span style=\"font-size: 24pt\">Curiosidades del\u00a0 n\u00famero Pi<\/span><\/h2>\n<p><a href=\"https:\/\/youtu.be\/IfWdVsaAobI\">https:\/\/youtu.be\/IfWdVsaAobI<\/a><\/p>\n<h2 id=\"resTit_2\"><span style=\"font-size: 24pt\">\u00bfQu\u00e9 es el n\u00famero Pi?<\/span><\/h2>\n<p>Se entiende como n\u00famero Pi, al n\u00famero que se obtiene al dividir la longitud de una circunferencia por su di\u00e1metro. Est\u00e1 considerado un n\u00famero irracional, as\u00ed como una constante matem\u00e1tica de gran valor.<\/p>\n<h2 id=\"resTit_3\"><span style=\"font-size: 24pt\">Historia del n\u00famero Pi<\/span><\/h2>\n<p>Al parecer el n\u00famero Pi es muy antiguo. Se cree que ha ido utilizado desde hace miles de a\u00f1os, mucho antes de los babilonios. Para los egipcios, el n\u00famero Pi ten\u00eda mucho que ver con la construcci\u00f3n de las pir\u00e1mides y tambi\u00e9n los chinos tienen muchas historias que contar de este extraordinario y misterioso n\u00famero.<\/p>\n<p>Grandes cient\u00edficos y matem\u00e1ticos como\u00a0<strong>Isaac Newton<\/strong>\u00a0lograron descifrar algunos de sus d\u00edgitos. Con el transcurrir de los a\u00f1os, otros genios de las matem\u00e1ticas y la f\u00edsica, pudieron calcular un n\u00famero m\u00e1s grande de d\u00edgitos.<\/p>\n<p>Hasta la presente fecha, resulta imposible calcular el \u00e1rea exacta de la circunferencia, ya que Pi es un n\u00famero infinito.<\/p>\n","protected":false},"excerpt":{"rendered":"<p>&nbsp; CURSO 2020-2021 Durante los d\u00edas 11 y 12 de marzo hemos celebrado en el IES el d\u00eda del n\u00famero Pi. Los alumnos de 1\u00baESO han construido un Tri\u00e1ngulo Sierpinski y han descubierto que hay fractales a su alrededor. &nbsp; CURSO 2019-2020 El viernes 13 de marzo de 2020 celebramos en el IES el d\u00eda [&hellip;]<\/p>\n","protected":false},"author":354,"featured_media":0,"parent":0,"menu_order":8,"comment_status":"closed","ping_status":"closed","template":"","meta":{"footnotes":""},"class_list":["post-33","page","type-page","status-publish","hentry"],"_links":{"self":[{"href":"https:\/\/wp.catedu.es\/matematicasvdp\/wp-json\/wp\/v2\/pages\/33","targetHints":{"allow":["GET"]}}],"collection":[{"href":"https:\/\/wp.catedu.es\/matematicasvdp\/wp-json\/wp\/v2\/pages"}],"about":[{"href":"https:\/\/wp.catedu.es\/matematicasvdp\/wp-json\/wp\/v2\/types\/page"}],"author":[{"embeddable":true,"href":"https:\/\/wp.catedu.es\/matematicasvdp\/wp-json\/wp\/v2\/users\/354"}],"replies":[{"embeddable":true,"href":"https:\/\/wp.catedu.es\/matematicasvdp\/wp-json\/wp\/v2\/comments?post=33"}],"version-history":[{"count":8,"href":"https:\/\/wp.catedu.es\/matematicasvdp\/wp-json\/wp\/v2\/pages\/33\/revisions"}],"predecessor-version":[{"id":246,"href":"https:\/\/wp.catedu.es\/matematicasvdp\/wp-json\/wp\/v2\/pages\/33\/revisions\/246"}],"wp:attachment":[{"href":"https:\/\/wp.catedu.es\/matematicasvdp\/wp-json\/wp\/v2\/media?parent=33"}],"curies":[{"name":"wp","href":"https:\/\/api.w.org\/{rel}","templated":true}]}}