{"id":38,"date":"2020-09-20T11:57:43","date_gmt":"2020-09-20T10:57:43","guid":{"rendered":"http:\/\/wp.catedu.es\/matematicasvdp\/?page_id=38"},"modified":"2021-10-06T20:03:02","modified_gmt":"2021-10-06T19:03:02","slug":"bachillerato","status":"publish","type":"page","link":"https:\/\/wp.catedu.es\/matematicasvdp\/programaciones\/bachillerato\/","title":{"rendered":"BACHILLERATO"},"content":{"rendered":"<p>En el siguiente enlace encontrar\u00e1s la programaci\u00f3n de la materia de\u00a0 de Matem\u00e1ticas y del Taller de Matem\u00e1ticas de la ESO.<\/p>\n<p style=\"text-align: center\"><a href=\"http:\/\/wp.catedu.es\/matematicasvdp\/wp-content\/uploads\/sites\/196\/2021\/10\/Programacion-CORTA-BTO-21-22.pdf\">Programaci\u00f3n BTO 20-21<\/a><\/p>\n<p>A cada alumno al inicio del curso se le entrega una programaci\u00f3n corta con la secuenciaci\u00f3n de los contenidos,\u00a0 los procedimientos de evaluaci\u00f3n, criterios de calificaci\u00f3n y otros aspectos importantes a tener en cuenta.<\/p>\n<p style=\"text-align: center\"><a href=\"http:\/\/wp.catedu.es\/matematicasvdp\/wp-content\/uploads\/sites\/196\/2021\/10\/1o-BCT_CORTA-ALUMNOS.pdf\">1\u00baCIENCIAS\u00a0<\/a> \u00a0 \u00a0 \u00a0 \u00a0 \u00a0 \u00a0 \u00a0<a href=\"http:\/\/wp.catedu.es\/matematicasvdp\/wp-content\/uploads\/sites\/196\/2021\/10\/1o-BCS_CORTA-ALUMNOS-1.pdf\">1\u00baCIENCIAS SOCIALES<\/a><\/p>\n<p style=\"text-align: center\"><a href=\"http:\/\/wp.catedu.es\/matematicasvdp\/wp-content\/uploads\/sites\/196\/2021\/10\/2o-BCT_CORTA-ALUMNOS.pdf\">2\u00baCIENCIAS<\/a>\u00a0 \u00a0 \u00a0 \u00a0 \u00a0 \u00a0 \u00a0 <a href=\"http:\/\/wp.catedu.es\/matematicasvdp\/wp-content\/uploads\/sites\/196\/2021\/10\/2o-BCS_CORTA-ALUMNOS.pdf\">\u00a02\u00baCIENCIAS SOCIALES<\/a><\/p>\n<p>&nbsp;<\/p>\n","protected":false},"excerpt":{"rendered":"<p>En el siguiente enlace encontrar\u00e1s la programaci\u00f3n de la materia de\u00a0 de Matem\u00e1ticas y del Taller de Matem\u00e1ticas de la ESO. Programaci\u00f3n BTO 20-21 A cada alumno al inicio del curso se le entrega una programaci\u00f3n corta con la secuenciaci\u00f3n de los contenidos,\u00a0 los procedimientos de evaluaci\u00f3n, criterios de calificaci\u00f3n y otros aspectos importantes a [&hellip;]<\/p>\n","protected":false},"author":354,"featured_media":0,"parent":19,"menu_order":2,"comment_status":"closed","ping_status":"closed","template":"","meta":{"footnotes":""},"class_list":["post-38","page","type-page","status-publish","hentry"],"_links":{"self":[{"href":"https:\/\/wp.catedu.es\/matematicasvdp\/wp-json\/wp\/v2\/pages\/38","targetHints":{"allow":["GET"]}}],"collection":[{"href":"https:\/\/wp.catedu.es\/matematicasvdp\/wp-json\/wp\/v2\/pages"}],"about":[{"href":"https:\/\/wp.catedu.es\/matematicasvdp\/wp-json\/wp\/v2\/types\/page"}],"author":[{"embeddable":true,"href":"https:\/\/wp.catedu.es\/matematicasvdp\/wp-json\/wp\/v2\/users\/354"}],"replies":[{"embeddable":true,"href":"https:\/\/wp.catedu.es\/matematicasvdp\/wp-json\/wp\/v2\/comments?post=38"}],"version-history":[{"count":7,"href":"https:\/\/wp.catedu.es\/matematicasvdp\/wp-json\/wp\/v2\/pages\/38\/revisions"}],"predecessor-version":[{"id":268,"href":"https:\/\/wp.catedu.es\/matematicasvdp\/wp-json\/wp\/v2\/pages\/38\/revisions\/268"}],"up":[{"embeddable":true,"href":"https:\/\/wp.catedu.es\/matematicasvdp\/wp-json\/wp\/v2\/pages\/19"}],"wp:attachment":[{"href":"https:\/\/wp.catedu.es\/matematicasvdp\/wp-json\/wp\/v2\/media?parent=38"}],"curies":[{"name":"wp","href":"https:\/\/api.w.org\/{rel}","templated":true}]}}