{"id":77,"date":"2020-10-18T10:19:25","date_gmt":"2020-10-18T09:19:25","guid":{"rendered":"http:\/\/wp.catedu.es\/matematicasvdp\/?page_id=77"},"modified":"2020-11-01T09:16:15","modified_gmt":"2020-11-01T08:16:15","slug":"matematicas-i","status":"publish","type":"page","link":"https:\/\/wp.catedu.es\/matematicasvdp\/matematicas-evau\/matematicas-i\/","title":{"rendered":"MATEM\u00c1TICAS II"},"content":{"rendered":"<p><span style=\"font-size: 14pt\">En el siguiente documento encontrar\u00e1s informaci\u00f3n general sobre los contenidos de la materia <a href=\"http:\/\/wp.catedu.es\/matematicasvdp\/wp-content\/uploads\/sites\/196\/2020\/11\/Matematicas-II.pdf\">MATEM\u00c1TICAS II<\/a>. <\/span><\/p>\n<p><span style=\"font-size: 14pt\">Hay enlace a un examen-tipo, seg\u00fan\u00a0 la nueva estructura de la prueba.<\/span><\/p>\n","protected":false},"excerpt":{"rendered":"<p>En el siguiente documento encontrar\u00e1s informaci\u00f3n general sobre los contenidos de la materia MATEM\u00c1TICAS II. Hay enlace a un examen-tipo, seg\u00fan\u00a0 la nueva estructura de la prueba.<\/p>\n","protected":false},"author":354,"featured_media":0,"parent":75,"menu_order":1,"comment_status":"closed","ping_status":"closed","template":"","meta":{"footnotes":""},"class_list":["post-77","page","type-page","status-publish","hentry"],"_links":{"self":[{"href":"https:\/\/wp.catedu.es\/matematicasvdp\/wp-json\/wp\/v2\/pages\/77","targetHints":{"allow":["GET"]}}],"collection":[{"href":"https:\/\/wp.catedu.es\/matematicasvdp\/wp-json\/wp\/v2\/pages"}],"about":[{"href":"https:\/\/wp.catedu.es\/matematicasvdp\/wp-json\/wp\/v2\/types\/page"}],"author":[{"embeddable":true,"href":"https:\/\/wp.catedu.es\/matematicasvdp\/wp-json\/wp\/v2\/users\/354"}],"replies":[{"embeddable":true,"href":"https:\/\/wp.catedu.es\/matematicasvdp\/wp-json\/wp\/v2\/comments?post=77"}],"version-history":[{"count":5,"href":"https:\/\/wp.catedu.es\/matematicasvdp\/wp-json\/wp\/v2\/pages\/77\/revisions"}],"predecessor-version":[{"id":142,"href":"https:\/\/wp.catedu.es\/matematicasvdp\/wp-json\/wp\/v2\/pages\/77\/revisions\/142"}],"up":[{"embeddable":true,"href":"https:\/\/wp.catedu.es\/matematicasvdp\/wp-json\/wp\/v2\/pages\/75"}],"wp:attachment":[{"href":"https:\/\/wp.catedu.es\/matematicasvdp\/wp-json\/wp\/v2\/media?parent=77"}],"curies":[{"name":"wp","href":"https:\/\/api.w.org\/{rel}","templated":true}]}}