{"id":1750,"date":"2022-03-24T18:02:41","date_gmt":"2022-03-24T17:02:41","guid":{"rendered":"https:\/\/wp.catedu.es\/museocienciasrychuesca\/?page_id=1750"},"modified":"2022-03-24T18:15:13","modified_gmt":"2022-03-24T17:15:13","slug":"rocas","status":"publish","type":"page","link":"https:\/\/wp.catedu.es\/museocienciasrychuesca\/rocas\/","title":{"rendered":"Rocas"},"content":{"rendered":"\t\t<div data-elementor-type=\"wp-page\" data-elementor-id=\"1750\" class=\"elementor elementor-1750\">\n\t\t\t\t\t\t<section class=\"elementor-section elementor-top-section elementor-element elementor-element-8ed76a7 elementor-section-boxed elementor-section-height-default elementor-section-height-default\" data-id=\"8ed76a7\" data-element_type=\"section\" data-e-type=\"section\">\n\t\t\t\t\t\t<div class=\"elementor-container elementor-column-gap-default\">\n\t\t\t\t\t<div class=\"elementor-column elementor-col-100 elementor-top-column elementor-element elementor-element-99e2d9b\" data-id=\"99e2d9b\" data-element_type=\"column\" data-e-type=\"column\">\n\t\t\t<div class=\"elementor-widget-wrap elementor-element-populated\">\n\t\t\t\t\t\t<div class=\"elementor-element elementor-element-8ccb313 elementor-widget elementor-widget-text-editor\" data-id=\"8ccb313\" data-element_type=\"widget\" data-e-type=\"widget\" data-widget_type=\"text-editor.default\">\n\t\t\t\t<div class=\"elementor-widget-container\">\n\t\t\t\t\t\t\t\t\t<p><span style=\"color: #808080;font-family: georgia, palatino, serif;font-size: 12pt\">Una roca es un agregado natural formado por uno o m\u00e1s minerales. De tal manera que se distinguen las rocas monominer\u00e1licas\u00a0(formadas por un solo mineral) como por ejemplo la CALIZA, formada por granos de calcita de las poliminer\u00e1licas (formadas por mas\u00a0de un mineral) por ejemplo el GRANITO formado por cuarzo, feldespato y mica.<\/span><\/p><div>\u00a0<\/div><div><span style=\"color: #808080;font-family: georgia, palatino, serif;font-size: 12pt\">Atendiendo a c\u00f3mo\u00a0se forman, se distinguen tres tipos de rocas:<\/span><\/div><div>\u00a0<\/div><div><table cellspacing=\"5\" cellpadding=\"0\"><tbody><tr><td valign=\"top\"><span style=\"font-size: 12pt;color: #808080;font-family: georgia, palatino, serif\"><strong>Las rocas \u00edgneas o magm\u00e1ticas<\/strong><br \/>Se forman por el enfriamiento del magma que existe en el interior de la Tierra. Si el magma se enfr\u00eda lentamente, sin llegar a salir a la superficie, da lugar a rocas con cristales bien formados, llamadas rocas plut\u00f3nicas, como lel granito de Panticosa. Si el enfriamiento es r\u00e1pido, porque el magma sale a la superficie, se forman las rocas volc\u00e1nicas como la andesita del Pico Anayet.<br \/><strong><br \/><\/strong><strong>Las rocas sedimentarias<\/strong><br \/>Se originan en la superficie terrestre o en el fondo de los mares y lagos a partir de la acumulaci\u00f3n de materiales procedentes de la erosi\u00f3n de otras rocas; en este caso se forman las rocas detr\u00edticas, como las areniscas, las arcillas y los conglomerados. Huesca capital est\u00e1 rodeada por este tipo de rocas. Pueden provenir tambi\u00e9n de la precipitaci\u00f3n qu\u00edmica de sustancias disueltas en el agua o de la acumulaci\u00f3n de restos org\u00e1nicos; en este caso, se forman rocas como las calizas que podemos observar en Santa Elena (Biescas) o el yeso tan frecuente en Monegros.\u00a0\u00a0<br \/><strong><br \/><\/strong><strong>Las rocas metam\u00f3rficas<\/strong>\u00a0<br \/>Se forman cuando se somete cualquier tipo de roca a altas presiones y\/o temperaturas sin llegar a la fusi\u00f3n. Este hecho hace variar la mineralog\u00eda y la estructura de la roca inicial dando lugar a una nueva roca. Ejemplos de este tipo de rocas son las pizarras, las filitas, los esquistos y los gneis. En las cumbres pirenaicas es frecuente encontrar este tipo de rocas, un ejemplo sobresaliente es el m\u00e1rmol\u00a0que conforma la marmolera de los Infiernos.<\/span><\/td><\/tr><tr><td valign=\"top\"><span style=\"color: #808080;font-family: georgia, palatino, serif;font-size: 12pt\">\u00a0<\/span><br \/><span style=\"color: #808080;font-family: georgia, palatino, serif;font-size: 12pt\">En el museo tenemos ejemplos de todas ellas y de las estructuras que pueden presentar. \u00a1Os animamos a visitarlo!<\/span><\/td><\/tr><\/tbody><\/table><\/div>\t\t\t\t\t\t\t\t<\/div>\n\t\t\t\t<\/div>\n\t\t\t\t\t<\/div>\n\t\t<\/div>\n\t\t\t\t\t<\/div>\n\t\t<\/section>\n\t\t\t\t<\/div>\n\t\t","protected":false},"excerpt":{"rendered":"<p>Una roca es un agregado natural formado por uno o m\u00e1s minerales. De tal manera que se distinguen las rocas monominer\u00e1licas\u00a0(formadas por un solo mineral) como por ejemplo la CALIZA, formada por granos de calcita de las poliminer\u00e1licas (formadas por mas\u00a0de un mineral) por ejemplo el GRANITO formado por cuarzo, feldespato y mica. \u00a0Atendiendo a [&hellip;]<\/p>\n","protected":false},"author":359,"featured_media":0,"parent":0,"menu_order":0,"comment_status":"closed","ping_status":"closed","template":"","meta":{"footnotes":""},"class_list":["post-1750","page","type-page","status-publish","hentry"],"_links":{"self":[{"href":"https:\/\/wp.catedu.es\/museocienciasrychuesca\/wp-json\/wp\/v2\/pages\/1750","targetHints":{"allow":["GET"]}}],"collection":[{"href":"https:\/\/wp.catedu.es\/museocienciasrychuesca\/wp-json\/wp\/v2\/pages"}],"about":[{"href":"https:\/\/wp.catedu.es\/museocienciasrychuesca\/wp-json\/wp\/v2\/types\/page"}],"author":[{"embeddable":true,"href":"https:\/\/wp.catedu.es\/museocienciasrychuesca\/wp-json\/wp\/v2\/users\/359"}],"replies":[{"embeddable":true,"href":"https:\/\/wp.catedu.es\/museocienciasrychuesca\/wp-json\/wp\/v2\/comments?post=1750"}],"version-history":[{"count":7,"href":"https:\/\/wp.catedu.es\/museocienciasrychuesca\/wp-json\/wp\/v2\/pages\/1750\/revisions"}],"predecessor-version":[{"id":1763,"href":"https:\/\/wp.catedu.es\/museocienciasrychuesca\/wp-json\/wp\/v2\/pages\/1750\/revisions\/1763"}],"wp:attachment":[{"href":"https:\/\/wp.catedu.es\/museocienciasrychuesca\/wp-json\/wp\/v2\/media?parent=1750"}],"curies":[{"name":"wp","href":"https:\/\/api.w.org\/{rel}","templated":true}]}}