{"id":1754,"date":"2022-03-24T18:05:10","date_gmt":"2022-03-24T17:05:10","guid":{"rendered":"https:\/\/wp.catedu.es\/museocienciasrychuesca\/?page_id=1754"},"modified":"2022-03-24T18:05:48","modified_gmt":"2022-03-24T17:05:48","slug":"coleccion-mineralogica","status":"publish","type":"page","link":"https:\/\/wp.catedu.es\/museocienciasrychuesca\/coleccion-mineralogica\/","title":{"rendered":"Colecci\u00f3n mineral\u00f3gica"},"content":{"rendered":"\t\t<div data-elementor-type=\"wp-page\" data-elementor-id=\"1754\" class=\"elementor elementor-1754\">\n\t\t\t\t\t\t<section class=\"elementor-section elementor-top-section elementor-element elementor-element-23587ab elementor-section-boxed elementor-section-height-default elementor-section-height-default\" data-id=\"23587ab\" data-element_type=\"section\" data-e-type=\"section\">\n\t\t\t\t\t\t<div class=\"elementor-container elementor-column-gap-default\">\n\t\t\t\t\t<div class=\"elementor-column elementor-col-100 elementor-top-column elementor-element elementor-element-6094e1c\" data-id=\"6094e1c\" data-element_type=\"column\" data-e-type=\"column\">\n\t\t\t<div class=\"elementor-widget-wrap elementor-element-populated\">\n\t\t\t\t\t\t<div class=\"elementor-element elementor-element-f142636 elementor-widget elementor-widget-text-editor\" data-id=\"f142636\" data-element_type=\"widget\" data-e-type=\"widget\" data-widget_type=\"text-editor.default\">\n\t\t\t\t<div class=\"elementor-widget-container\">\n\t\t\t\t\t\t\t\t\t<div>Los minerales son sustancias s\u00f3lidas, inorg\u00e1nicas, naturales, terrestres con una composici\u00f3n\u00a0qu\u00edmica determinada y que tiene una estructura cristalina definida. Esta estructura cristalina a veces se corresponde con caras planas, lo que dota a esos ejemplares de gran belleza.<\/div><div>\u00a0<\/div><div>Los minerales son los componentes de las rocas y se forman, como estas, por diferentes procesos. Existen m\u00e1s\u00a0de 5300\u00a0<b>especies minerales<\/b>\u00a0conocidas y de ellas m\u00e1s de 5090 aprobadas por la Asociaci\u00f3n Internacional de Mineralog\u00eda.<\/div><div>\u00a0<\/div><div>Es muy \u00fatil poder clasificar los minerales y para ello se atiende a su composici\u00f3n qu\u00edmica, concretamente al\u00a0ani\u00f3n o grupo ani\u00f3nico predominante.\u00a0<\/div><div>\u00a0<\/div><div>De esta manera los minerales se pueden clasificar en las siguientes clases:<\/div><div>Elemento nativos, sulfuros y sulfosales, \u00f3xidos e hidr\u00f3xidos, haluros, carbonatos, nitratos y boratos, fosfatos, arseniatos y vanadatos, sulfatos, cromatos, molibdatos y volframatos y si<span style=\"color: #808080\">licatos.<\/span><\/div><div>\u00a0<\/div><div><span style=\"color: #808080;font-family: arial, sans-serif\">En las fichas de cada mineral puedes aprender sobre su composici\u00f3n y usos. Adem\u00e1s en el museo tenemos algunos\u00a0ejemplares de gran belleza o rareza, como el Rutilo de Horcajuelas o el Cinabrio de Riotinto, as\u00ed\u00a0como un magn\u00edfico ejemplar de Celestina y Azufre de origen siciliano.\u00a0<\/span><\/div>\t\t\t\t\t\t\t\t<\/div>\n\t\t\t\t<\/div>\n\t\t\t\t\t<\/div>\n\t\t<\/div>\n\t\t\t\t\t<\/div>\n\t\t<\/section>\n\t\t\t\t<\/div>\n\t\t","protected":false},"excerpt":{"rendered":"<p>Los minerales son sustancias s\u00f3lidas, inorg\u00e1nicas, naturales, terrestres con una composici\u00f3n\u00a0qu\u00edmica determinada y que tiene una estructura cristalina definida. Esta estructura cristalina a veces se corresponde con caras planas, lo que dota a esos ejemplares de gran belleza.\u00a0Los minerales son los componentes de las rocas y se forman, como estas, por diferentes procesos. Existen m\u00e1s\u00a0de [&hellip;]<\/p>\n","protected":false},"author":359,"featured_media":0,"parent":0,"menu_order":0,"comment_status":"closed","ping_status":"closed","template":"","meta":{"footnotes":""},"class_list":["post-1754","page","type-page","status-publish","hentry"],"_links":{"self":[{"href":"https:\/\/wp.catedu.es\/museocienciasrychuesca\/wp-json\/wp\/v2\/pages\/1754","targetHints":{"allow":["GET"]}}],"collection":[{"href":"https:\/\/wp.catedu.es\/museocienciasrychuesca\/wp-json\/wp\/v2\/pages"}],"about":[{"href":"https:\/\/wp.catedu.es\/museocienciasrychuesca\/wp-json\/wp\/v2\/types\/page"}],"author":[{"embeddable":true,"href":"https:\/\/wp.catedu.es\/museocienciasrychuesca\/wp-json\/wp\/v2\/users\/359"}],"replies":[{"embeddable":true,"href":"https:\/\/wp.catedu.es\/museocienciasrychuesca\/wp-json\/wp\/v2\/comments?post=1754"}],"version-history":[{"count":3,"href":"https:\/\/wp.catedu.es\/museocienciasrychuesca\/wp-json\/wp\/v2\/pages\/1754\/revisions"}],"predecessor-version":[{"id":1757,"href":"https:\/\/wp.catedu.es\/museocienciasrychuesca\/wp-json\/wp\/v2\/pages\/1754\/revisions\/1757"}],"wp:attachment":[{"href":"https:\/\/wp.catedu.es\/museocienciasrychuesca\/wp-json\/wp\/v2\/media?parent=1754"}],"curies":[{"name":"wp","href":"https:\/\/api.w.org\/{rel}","templated":true}]}}