{"id":30,"date":"2020-12-30T17:02:51","date_gmt":"2020-12-30T16:02:51","guid":{"rendered":"http:\/\/wp.catedu.es\/museocienciasrychuesca\/?page_id=30"},"modified":"2021-04-27T15:15:51","modified_gmt":"2021-04-27T13:15:51","slug":"museo-ejemplares","status":"publish","type":"page","link":"https:\/\/wp.catedu.es\/museocienciasrychuesca\/museo-ejemplares\/","title":{"rendered":"Museo &#8211; Ejemplares"},"content":{"rendered":"\t\t<div data-elementor-type=\"wp-page\" data-elementor-id=\"30\" class=\"elementor elementor-30\">\n\t\t\t\t\t\t<section class=\"elementor-section elementor-top-section elementor-element elementor-element-fe1d28c elementor-section-boxed elementor-section-height-default elementor-section-height-default\" data-id=\"fe1d28c\" data-element_type=\"section\" data-e-type=\"section\">\n\t\t\t\t\t\t<div class=\"elementor-container elementor-column-gap-default\">\n\t\t\t\t\t<div class=\"elementor-column elementor-col-100 elementor-top-column elementor-element elementor-element-c8d96e8\" data-id=\"c8d96e8\" data-element_type=\"column\" data-e-type=\"column\">\n\t\t\t<div class=\"elementor-widget-wrap elementor-element-populated\">\n\t\t\t\t\t\t<div class=\"elementor-element elementor-element-e23e07a elementor-widget elementor-widget-text-editor\" data-id=\"e23e07a\" data-element_type=\"widget\" data-e-type=\"widget\" data-widget_type=\"text-editor.default\">\n\t\t\t\t<div class=\"elementor-widget-container\">\n\t\t\t\t\t\t\t\t\t<p style=\"text-align: justify\"><span style=\"font-size: 14pt\">Los seres vivos que conocemos representan un peque\u00f1\u00edsima parte de la gran variedad que existe en el planeta Tierra. \u00a1Se cree que el n\u00famero total de especies puede ser entre 4 y 100 millones! De las cuales, se han podido identificar alrededor de 1.8 millones; \u00a1Escasamente estamos empezando a conocerlas!<\/span><\/p><p style=\"text-align: justify\"><span style=\"font-size: 14pt\">\u00a0\u00bfC\u00f3mo se puede poner un poco de orden a toda esta inmensidad de especies? A este reto se han enfrentado los bi\u00f3logos y naturalistas de todas las \u00e9pocas. Aunque utilizando los medios y conocimientos de cada \u00e9poca, siempre se ha buscado que la clasificaci\u00f3n cumpliera dos requisitos: que comprendiera a todos los seres vivos conocidos en ese momento y que ninguno de ellos pudiera pertenecer a dos categor\u00edas diferentes. C\u00f3mo imaginar\u00e1s, la tarea no es nada sencilla, y continuamente va apareciendo nueva informaci\u00f3n que hay que ir incorporando en dicha clasificaci\u00f3n.<\/span><\/p><p style=\"text-align: justify\"><span style=\"font-size: 14pt\">La primera clasificaci\u00f3n de los seres vivos importante la realiz\u00f3\u00a0<u>Arist\u00f3teles<\/u>\u00a0(384 \u2013 332 a C) que clasific\u00f3 a los seres vivos en dos grandes grupos: animales y vegetales. Con el paso del tiempo estas agrupaciones resultaron poco pr\u00e1cticas y fueron modificadas, pero se le reconoce el m\u00e9rito de empezar a ordenar el conocimiento de los seres vivos.<\/span><\/p><p style=\"text-align: justify\"><span style=\"font-size: 14pt\">Fue un naturalista sueco,\u00a0<u>Carl von Linn\u00e9<\/u>\u00a0(1707 \u2013 1788) el que estableci\u00f3 el sistema de clasificaci\u00f3n que todav\u00eda sigue vigente en la actualidad. Se bas\u00f3 en las semejanzas de la forma y la estructura de los organismos, y pens\u00f3 que los seres vivos m\u00e1s parecidos en\u00a0forma, pod\u00edan pertenecer al mismo grupo, y los que eran menos parecidos pertenecer\u00edan a grupos diferentes. As\u00ed cre\u00f3 y nombr\u00f3 cada uno de estos grupos, llamados taxones, que de lo m\u00e1s general a lo m\u00e1s particular son:\u00a0<\/span><\/p><p><span style=\"font-size: 14pt\">Reino, Filo, Clase, Orden, Familia, G\u00e9nero y Especie.<\/span><\/p>\t\t\t\t\t\t\t\t<\/div>\n\t\t\t\t<\/div>\n\t\t\t\t\t<\/div>\n\t\t<\/div>\n\t\t\t\t\t<\/div>\n\t\t<\/section>\n\t\t\t\t<section class=\"elementor-section elementor-top-section elementor-element elementor-element-f033b54 elementor-section-boxed elementor-section-height-default elementor-section-height-default\" data-id=\"f033b54\" data-element_type=\"section\" data-e-type=\"section\">\n\t\t\t\t\t\t<div class=\"elementor-container elementor-column-gap-default\">\n\t\t\t\t\t<div class=\"elementor-column elementor-col-100 elementor-top-column elementor-element elementor-element-9bffcc8\" data-id=\"9bffcc8\" data-element_type=\"column\" data-e-type=\"column\">\n\t\t\t<div class=\"elementor-widget-wrap elementor-element-populated\">\n\t\t\t\t\t\t<div class=\"elementor-element elementor-element-6d0ed51 elementor-widget elementor-widget-image\" data-id=\"6d0ed51\" data-element_type=\"widget\" data-e-type=\"widget\" data-widget_type=\"image.default\">\n\t\t\t\t<div class=\"elementor-widget-container\">\n\t\t\t\t\t\t\t\t\t\t\t\t<figure class=\"wp-caption\">\n\t\t\t\t\t\t\t\t\t\t<img fetchpriority=\"high\" decoding=\"async\" width=\"640\" height=\"425\" src=\"https:\/\/wp.catedu.es\/museocienciasrychuesca\/wp-content\/uploads\/sites\/201\/2021\/02\/mammals-3218028_1280-1024x680.jpg\" class=\"attachment-large size-large wp-image-185\" alt=\"Imagen de Tom Frydenlund en Pixabay\" srcset=\"https:\/\/wp.catedu.es\/museocienciasrychuesca\/wp-content\/uploads\/sites\/201\/2021\/02\/mammals-3218028_1280-1024x680.jpg 1024w, https:\/\/wp.catedu.es\/museocienciasrychuesca\/wp-content\/uploads\/sites\/201\/2021\/02\/mammals-3218028_1280-300x199.jpg 300w, https:\/\/wp.catedu.es\/museocienciasrychuesca\/wp-content\/uploads\/sites\/201\/2021\/02\/mammals-3218028_1280-768x510.jpg 768w, https:\/\/wp.catedu.es\/museocienciasrychuesca\/wp-content\/uploads\/sites\/201\/2021\/02\/mammals-3218028_1280.jpg 1280w\" sizes=\"(max-width: 640px) 100vw, 640px\" \/>\t\t\t\t\t\t\t\t\t\t\t<figcaption class=\"widget-image-caption wp-caption-text\"><\/figcaption>\n\t\t\t\t\t\t\t\t\t\t<\/figure>\n\t\t\t\t\t\t\t\t\t<\/div>\n\t\t\t\t<\/div>\n\t\t\t\t\t<\/div>\n\t\t<\/div>\n\t\t\t\t\t<\/div>\n\t\t<\/section>\n\t\t\t\t<section class=\"elementor-section elementor-top-section elementor-element elementor-element-ec9ebb4 elementor-section-boxed elementor-section-height-default elementor-section-height-default\" data-id=\"ec9ebb4\" data-element_type=\"section\" data-e-type=\"section\">\n\t\t\t\t\t\t<div class=\"elementor-container elementor-column-gap-default\">\n\t\t\t\t\t<div class=\"elementor-column elementor-col-100 elementor-top-column elementor-element elementor-element-350544d\" data-id=\"350544d\" data-element_type=\"column\" data-e-type=\"column\">\n\t\t\t<div class=\"elementor-widget-wrap elementor-element-populated\">\n\t\t\t\t\t\t<div class=\"elementor-element elementor-element-fab3364 elementor-widget elementor-widget-text-editor\" data-id=\"fab3364\" data-element_type=\"widget\" data-e-type=\"widget\" data-widget_type=\"text-editor.default\">\n\t\t\t\t<div class=\"elementor-widget-container\">\n\t\t\t\t\t\t\t\t\t<p style=\"text-align: justify\"><span style=\"font-size: 14pt\">Adem\u00e1s de poner nombre a cada uno de estos grupos, Linn\u00e9 estableci\u00f3 una norma estandarizada para denominar diferentes especies de seres vivos mediante la combinaci\u00f3n de dos nombres en lat\u00edn:<\/span><\/p><p style=\"text-align: justify\"><span style=\"font-size: 14pt\">&#8211; El primer nombre hace referencia al G\u00e9nero al que pertenece y se escribe con may\u00fascula.<\/span><\/p><p style=\"text-align: justify\"><span style=\"font-size: 14pt\">&#8211; El segundo, que es un descriptor espec\u00edfico, designa a la especie y se escribe en min\u00fascula. \u00c9ste puede hacer referencia a su descubridor, a su nombre vulgar, a su\u00a0<\/span><\/p><p style=\"text-align: justify\"><span style=\"font-size: 14pt\">localizaci\u00f3n, a si aspecto f\u00edsico\u2026<\/span><\/p><p style=\"text-align: justify\"><span style=\"font-size: 14pt\">El conjunto de ambos es el nombre cient\u00edfico de la especie.<\/span><\/p>\t\t\t\t\t\t\t\t<\/div>\n\t\t\t\t<\/div>\n\t\t\t\t\t<\/div>\n\t\t<\/div>\n\t\t\t\t\t<\/div>\n\t\t<\/section>\n\t\t\t\t<section class=\"elementor-section elementor-top-section elementor-element elementor-element-ee36ea0 elementor-section-boxed elementor-section-height-default elementor-section-height-default\" data-id=\"ee36ea0\" data-element_type=\"section\" data-e-type=\"section\">\n\t\t\t\t\t\t<div class=\"elementor-container elementor-column-gap-default\">\n\t\t\t\t\t<div class=\"elementor-column elementor-col-100 elementor-top-column elementor-element elementor-element-bcc6d88\" data-id=\"bcc6d88\" data-element_type=\"column\" data-e-type=\"column\">\n\t\t\t<div class=\"elementor-widget-wrap elementor-element-populated\">\n\t\t\t\t\t\t<div class=\"elementor-element elementor-element-15b8d28 elementor-widget elementor-widget-text-editor\" data-id=\"15b8d28\" data-element_type=\"widget\" data-e-type=\"widget\" data-widget_type=\"text-editor.default\">\n\t\t\t\t<div class=\"elementor-widget-container\">\n\t\t\t\t\t\t\t\t\t<blockquote><p><span style=\"font-size: 14pt;font-family: tahoma, arial, helvetica, sans-serif\"><em>Sab\u00edas que\u2026La persona que describe por primera vez una especie (su \u00abautor\u00bb) es la que tiene el privilegio de darle nombre. Lo m\u00e1s habitual es que el nombre haga referencia a alguna caracter\u00edstica del ser vivo, a su localidad o en honor a personalidades \u2026<\/em><\/span><\/p><p><span style=\"font-size: 14pt;font-family: tahoma, arial, helvetica, sans-serif\"><em>Pe: Legionella shakespearei<\/em><\/span><\/p><\/blockquote>\t\t\t\t\t\t\t\t<\/div>\n\t\t\t\t<\/div>\n\t\t\t\t<div class=\"elementor-element elementor-element-5c0049e elementor-widget elementor-widget-text-editor\" data-id=\"5c0049e\" data-element_type=\"widget\" data-e-type=\"widget\" data-widget_type=\"text-editor.default\">\n\t\t\t\t<div class=\"elementor-widget-container\">\n\t\t\t\t\t\t\t\t\t<p style=\"text-align: justify\"><span style=\"font-size: 14pt\">La descripci\u00f3n de los ejemplares las han realizado los alumnos de 4\u00ba de ESO de la asignatura de Cultura cient\u00edfica y de 2\u00ba de Bachillerato con la asignatura de Ciencias de la Tierra y medio ambiente, bajo la supervisi\u00f3n de las profesoras Eva Garcia Malo y Teresa Ti\u00f1ena. Esperamos que os gusten y aprend\u00e1is un mont\u00f3n acerca de la biodiversidad que puebla nuestro planeta.<\/span><\/p>\t\t\t\t\t\t\t\t<\/div>\n\t\t\t\t<\/div>\n\t\t\t\t\t<\/div>\n\t\t<\/div>\n\t\t\t\t\t<\/div>\n\t\t<\/section>\n\t\t\t\t<section class=\"elementor-section elementor-top-section elementor-element elementor-element-86a6fed elementor-section-boxed elementor-section-height-default elementor-section-height-default\" data-id=\"86a6fed\" data-element_type=\"section\" data-e-type=\"section\">\n\t\t\t\t\t\t<div class=\"elementor-container elementor-column-gap-default\">\n\t\t\t\t\t<div class=\"elementor-column elementor-col-100 elementor-top-column elementor-element elementor-element-e342373\" data-id=\"e342373\" data-element_type=\"column\" data-e-type=\"column\">\n\t\t\t<div class=\"elementor-widget-wrap elementor-element-populated\">\n\t\t\t\t\t\t<div class=\"elementor-element elementor-element-9623abc elementor-widget elementor-widget-heading\" data-id=\"9623abc\" data-element_type=\"widget\" data-e-type=\"widget\" data-widget_type=\"heading.default\">\n\t\t\t\t<div class=\"elementor-widget-container\">\n\t\t\t\t\t<h2 class=\"elementor-heading-title elementor-size-default\">El equipo<\/h2>\t\t\t\t<\/div>\n\t\t\t\t<\/div>\n\t\t\t\t\t<\/div>\n\t\t<\/div>\n\t\t\t\t\t<\/div>\n\t\t<\/section>\n\t\t\t\t<section class=\"elementor-section elementor-top-section elementor-element elementor-element-8ea55c7 elementor-section-boxed elementor-section-height-default elementor-section-height-default\" data-id=\"8ea55c7\" data-element_type=\"section\" data-e-type=\"section\">\n\t\t\t\t\t\t<div class=\"elementor-container elementor-column-gap-default\">\n\t\t\t\t\t<div class=\"elementor-column elementor-col-50 elementor-top-column elementor-element elementor-element-ef9a73e\" data-id=\"ef9a73e\" data-element_type=\"column\" data-e-type=\"column\">\n\t\t\t<div class=\"elementor-widget-wrap elementor-element-populated\">\n\t\t\t\t\t\t<div class=\"elementor-element elementor-element-62044a4 elementor-widget elementor-widget-image\" data-id=\"62044a4\" data-element_type=\"widget\" data-e-type=\"widget\" data-widget_type=\"image.default\">\n\t\t\t\t<div class=\"elementor-widget-container\">\n\t\t\t\t\t\t\t\t\t\t\t\t\t\t\t<img decoding=\"async\" width=\"542\" height=\"341\" src=\"https:\/\/wp.catedu.es\/museocienciasrychuesca\/wp-content\/uploads\/sites\/201\/2021\/04\/TeresaMuseoEjemplares-542x341.jpeg\" class=\"attachment-slider-thumb size-slider-thumb wp-image-1246\" alt=\"\" \/>\t\t\t\t\t\t\t\t\t\t\t\t\t\t\t<\/div>\n\t\t\t\t<\/div>\n\t\t\t\t\t<\/div>\n\t\t<\/div>\n\t\t\t\t<div class=\"elementor-column elementor-col-50 elementor-top-column elementor-element elementor-element-afaef19\" data-id=\"afaef19\" data-element_type=\"column\" data-e-type=\"column\">\n\t\t\t<div class=\"elementor-widget-wrap elementor-element-populated\">\n\t\t\t\t\t\t<div class=\"elementor-element elementor-element-2fdeb63 elementor-widget elementor-widget-image\" data-id=\"2fdeb63\" data-element_type=\"widget\" data-e-type=\"widget\" data-widget_type=\"image.default\">\n\t\t\t\t<div class=\"elementor-widget-container\">\n\t\t\t\t\t\t\t\t\t\t\t\t\t\t\t<img decoding=\"async\" width=\"640\" height=\"408\" src=\"https:\/\/wp.catedu.es\/museocienciasrychuesca\/wp-content\/uploads\/sites\/201\/2021\/04\/ChicaMuseoEjemplares1-1024x652.jpeg\" class=\"attachment-large size-large wp-image-1247\" alt=\"\" srcset=\"https:\/\/wp.catedu.es\/museocienciasrychuesca\/wp-content\/uploads\/sites\/201\/2021\/04\/ChicaMuseoEjemplares1-1024x652.jpeg 1024w, https:\/\/wp.catedu.es\/museocienciasrychuesca\/wp-content\/uploads\/sites\/201\/2021\/04\/ChicaMuseoEjemplares1-300x191.jpeg 300w, https:\/\/wp.catedu.es\/museocienciasrychuesca\/wp-content\/uploads\/sites\/201\/2021\/04\/ChicaMuseoEjemplares1-768x489.jpeg 768w, https:\/\/wp.catedu.es\/museocienciasrychuesca\/wp-content\/uploads\/sites\/201\/2021\/04\/ChicaMuseoEjemplares1.jpeg 1485w\" sizes=\"(max-width: 640px) 100vw, 640px\" \/>\t\t\t\t\t\t\t\t\t\t\t\t\t\t\t<\/div>\n\t\t\t\t<\/div>\n\t\t\t\t\t<\/div>\n\t\t<\/div>\n\t\t\t\t\t<\/div>\n\t\t<\/section>\n\t\t\t\t<\/div>\n\t\t","protected":false},"excerpt":{"rendered":"<p>Los seres vivos que conocemos representan un peque\u00f1\u00edsima parte de la gran variedad que existe en el planeta Tierra. \u00a1Se cree que el n\u00famero total de especies puede ser entre 4 y 100 millones! De las cuales, se han podido identificar alrededor de 1.8 millones; \u00a1Escasamente estamos empezando a conocerlas! \u00a0\u00bfC\u00f3mo se puede poner un [&hellip;]<\/p>\n","protected":false},"author":359,"featured_media":0,"parent":0,"menu_order":0,"comment_status":"closed","ping_status":"closed","template":"elementor_theme","meta":{"footnotes":""},"class_list":["post-30","page","type-page","status-publish","hentry"],"_links":{"self":[{"href":"https:\/\/wp.catedu.es\/museocienciasrychuesca\/wp-json\/wp\/v2\/pages\/30","targetHints":{"allow":["GET"]}}],"collection":[{"href":"https:\/\/wp.catedu.es\/museocienciasrychuesca\/wp-json\/wp\/v2\/pages"}],"about":[{"href":"https:\/\/wp.catedu.es\/museocienciasrychuesca\/wp-json\/wp\/v2\/types\/page"}],"author":[{"embeddable":true,"href":"https:\/\/wp.catedu.es\/museocienciasrychuesca\/wp-json\/wp\/v2\/users\/359"}],"replies":[{"embeddable":true,"href":"https:\/\/wp.catedu.es\/museocienciasrychuesca\/wp-json\/wp\/v2\/comments?post=30"}],"version-history":[{"count":20,"href":"https:\/\/wp.catedu.es\/museocienciasrychuesca\/wp-json\/wp\/v2\/pages\/30\/revisions"}],"predecessor-version":[{"id":1250,"href":"https:\/\/wp.catedu.es\/museocienciasrychuesca\/wp-json\/wp\/v2\/pages\/30\/revisions\/1250"}],"wp:attachment":[{"href":"https:\/\/wp.catedu.es\/museocienciasrychuesca\/wp-json\/wp\/v2\/media?parent=30"}],"curies":[{"name":"wp","href":"https:\/\/api.w.org\/{rel}","templated":true}]}}