{"id":546,"date":"2018-09-24T16:30:05","date_gmt":"2018-09-24T15:30:05","guid":{"rendered":"http:\/\/wp.catedu.es\/neuroeducaccion\/?page_id=546"},"modified":"2018-09-24T16:34:03","modified_gmt":"2018-09-24T15:34:03","slug":"jose-maria-toro","status":"publish","type":"page","link":"https:\/\/wp.catedu.es\/neuroeducaccion\/jose-maria-toro\/","title":{"rendered":"JOS\u00c9 MAR\u00cdA TORO"},"content":{"rendered":"<p>&nbsp;<\/p>\n<ul>\n<li><b><i>EL CO-RAZ\u00d3N, UN CONTINENTE PEDAG\u00d3GICO POR DESCUBRIR<\/i><\/b><\/li>\n<\/ul>\n<p>El Coraz\u00f3n es mucho m\u00e1s que un m\u00fasculo que bombea sangre. \u00a0Las relaciones peculiares que se van descubriendo entre el coraz\u00f3n y el cerebro nos invitan a ver y afrontar de otra manera nuestra identidad, nuestras conductas y relaciones.<span style=\"font-weight: 400\">Vivir y, sobre todo educar, es m\u00e1s un latido, una pulsaci\u00f3n que una formulaci\u00f3n mental.<\/span><span style=\"font-weight: 400\">En esta conferencia pasaremos por la \u201cmirada del Coraz\u00f3n\u201d lo esencial de toda pedagog\u00eda, los aportes de la neurociencia, el abordaje de las emociones y, sobre todo, el papel fundamental del adulto como recurso por excelencia a la hora de educar.<\/span><span style=\"font-weight: 400\">Se explicitar\u00e1n algunos de los aspectos fundamentales de la propuesta de \u201cEducar con Co-raz\u00f3n\u201d, sobre todo aquellos que la conforman como una pedagog\u00eda de la Presencia, del Sentido y Significado y de la Experiencia.<\/span><span style=\"font-weight: 400\">Una educaci\u00f3n integral ha de unir, coordinar e integrar Coraz\u00f3n y Cerebro para facilitar e impulsar la sana y gozosa Autorrealizaci\u00f3n de ni\u00f1os y j\u00f3venes. \u00a0Todo ello desde una visi\u00f3n integradora del Cuerpo y orientado al desarrollo de la Conciencia<\/span><span style=\"font-weight: 400\">.<\/span><\/p>\n<p><a href=\"http:\/\/wp.catedu.es\/neuroeducaccion\/wp-content\/uploads\/sites\/54\/2018\/09\/JM-en-Radio-UAL.Acortado-e1537802886882.jpg\"><img decoding=\"async\" class=\"alignnone size-full wp-image-547\" src=\"http:\/\/wp.catedu.es\/neuroeducaccion\/wp-content\/uploads\/sites\/54\/2018\/09\/JM-en-Radio-UAL.Acortado-e1537802886882.jpg\" alt=\"JM en Radio UAL.Acortado\" width=\"200\" height=\"213\" \/><\/a><\/p>\n<p><b>JOS\u00c9 MAR\u00cdA TORO:<\/b> <span style=\"font-weight: 400\">es profesor de ense\u00f1anza primaria y actualmente centra su labor investigadora y divulgadora de aspectos tales como el desarrollo de actitudes creativas en el quehacer de la vida cotidiana, la formaci\u00f3n personal de padres, maestros y otros colectivos profesionales, la educaci\u00f3n desde los valores, la pedagog\u00eda emocional y la meditaci\u00f3n.<\/span><span style=\"font-weight: 400\">Especialista en distintos \u00e1mbitos de la Expresi\u00f3n (Escuela de Expresi\u00f3n de Barcelona) es tambi\u00e9n profesor del Sistema Consciente para la T\u00e9cnica del Movimiento. <\/span><span style=\"font-weight: 400\">Ha sido colaborador o director en diferentes proyectos de innovaci\u00f3n educativa y experimentaci\u00f3n pedag\u00f3gica, seminarios permanentes y grupos de trabajo reconocidos por la Junta de Andaluc\u00eda.<\/span><span style=\"font-weight: 400\">Ha dictado numerosas conferencias y seminarios e impartido cursos en la mayor parte de las comunidades aut\u00f3nomas del Estado y M\u00e9xico as\u00ed como en los procesos de formaci\u00f3n continua del Hospital Virgen del Roc\u00edo de Sevilla y de otras instituciones sociales, sanitarias y educativas. <\/span><span style=\"font-weight: 400\">Ha publicado una gran variedad de art\u00edculos de tem\u00e1tica diversa vinculados con la educaci\u00f3n y el desarrollo personal. <\/span><\/p>\n<p><span style=\"font-weight: 400\">Es autor, entre otros, de los libros <\/span><i><span style=\"font-weight: 400\">El pulso del cotidiano<\/span><\/i><span style=\"font-weight: 400\"> (Sal Terrae, 1993 y Descl\u00e9e 2017); <\/span><i><span style=\"font-weight: 400\">La Vida Maestra<\/span><\/i><span style=\"font-weight: 400\"> \u00a0(2\u00aa ed.) (Descl\u00e9e, 2001); \u201c<\/span><i><span style=\"font-weight: 400\">Educar con Co-raz\u00f3n<\/span><\/i><span style=\"font-weight: 400\">\u201d(19\u00aa edic.) (Descl\u00e9e, 2005), <\/span><i><span style=\"font-weight: 400\">La sabidur\u00eda de vivir<\/span><\/i><span style=\"font-weight: 400\"> (4\u00aa ed) (Descl\u00e9e 2008); <\/span><i><span style=\"font-weight: 400\">Descanser. Descansar para ser<\/span><\/i><span style=\"font-weight: 400\"> (Propuestas para liberarnos del secuestro del descanso). \u00a0(3\u00aa ed) (Descl\u00e9e 2010); <\/span><i><span style=\"font-weight: 400\">Mi alegr\u00eda sobre el puente. Mirando la vida con los ojos del coraz\u00f3n<\/span><\/i><span style=\"font-weight: 400\"> (Descl\u00e9e, 2015). \u00a0Coautor del libro, <\/span><i><span style=\"font-weight: 400\">Maestros del Coraz\u00f3n. Hacia una pedagog\u00eda de la interioridad<\/span><\/i><span style=\"font-weight: 400\"> (Ed. Walters Kluwer 2013)<\/span><\/p>\n","protected":false},"excerpt":{"rendered":"<p>&nbsp; EL CO-RAZ\u00d3N, UN CONTINENTE PEDAG\u00d3GICO POR DESCUBRIR El Coraz\u00f3n es mucho m\u00e1s que un m\u00fasculo que bombea sangre. \u00a0Las relaciones peculiares que se van descubriendo entre el coraz\u00f3n y el cerebro nos invitan a ver y afrontar de otra manera nuestra identidad, nuestras conductas y relaciones.Vivir y, sobre todo educar, es m\u00e1s un latido, &hellip; <\/p>\n<p><a class=\"more-link btn\" href=\"https:\/\/wp.catedu.es\/neuroeducaccion\/jose-maria-toro\/\">Seguir leyendo<\/a><\/p>\n","protected":false},"author":105,"featured_media":0,"parent":0,"menu_order":0,"comment_status":"closed","ping_status":"closed","template":"","meta":{"footnotes":""},"class_list":["post-546","page","type-page","status-publish","hentry","nodate","item-wrap"],"_links":{"self":[{"href":"https:\/\/wp.catedu.es\/neuroeducaccion\/wp-json\/wp\/v2\/pages\/546","targetHints":{"allow":["GET"]}}],"collection":[{"href":"https:\/\/wp.catedu.es\/neuroeducaccion\/wp-json\/wp\/v2\/pages"}],"about":[{"href":"https:\/\/wp.catedu.es\/neuroeducaccion\/wp-json\/wp\/v2\/types\/page"}],"author":[{"embeddable":true,"href":"https:\/\/wp.catedu.es\/neuroeducaccion\/wp-json\/wp\/v2\/users\/105"}],"replies":[{"embeddable":true,"href":"https:\/\/wp.catedu.es\/neuroeducaccion\/wp-json\/wp\/v2\/comments?post=546"}],"version-history":[{"count":3,"href":"https:\/\/wp.catedu.es\/neuroeducaccion\/wp-json\/wp\/v2\/pages\/546\/revisions"}],"predecessor-version":[{"id":552,"href":"https:\/\/wp.catedu.es\/neuroeducaccion\/wp-json\/wp\/v2\/pages\/546\/revisions\/552"}],"wp:attachment":[{"href":"https:\/\/wp.catedu.es\/neuroeducaccion\/wp-json\/wp\/v2\/media?parent=546"}],"curies":[{"name":"wp","href":"https:\/\/api.w.org\/{rel}","templated":true}]}}