{"id":662,"date":"2019-09-20T09:48:08","date_gmt":"2019-09-20T08:48:08","guid":{"rendered":"http:\/\/wp.catedu.es\/neuroeducaccion\/?page_id=662"},"modified":"2019-09-24T10:27:56","modified_gmt":"2019-09-24T09:27:56","slug":"luis-martinez","status":"publish","type":"page","link":"https:\/\/wp.catedu.es\/neuroeducaccion\/luis-martinez\/","title":{"rendered":"EL VIAJE DE EL GRECO"},"content":{"rendered":"<p style=\"text-align: center\">Al ver, al interpretar visualmente el mundo, no representamos fielmente el mundo. Al contrario, generamos una ilusi\u00f3n de continuidad, un relato, que es subjetivo y fruto tanto de nuestra percepci\u00f3n inmediata como de nuestra experiencia previa. Este viaje desde una representaci\u00f3n m\u00e1s o menos fiel, aunque en dos dimensiones, que el mundo proyecta sobre nuestras retinas hasta una versi\u00f3n idealizada, e infinitamente m\u00e1s \u00fatil para nuestro comportamiento, es similar al que El Greco realiz\u00f3 desde su Creta natal y el arte religioso ortodoxo, hasta su residencia final en Toledo en el apogeo del arte barroco, conceptual, en<br \/>\nel que la finalidad \u00faltima de la representaci\u00f3n es, quiz\u00e1s por primera vez, m\u00e1s epistemol\u00f3gica que ontol\u00f3gica.<\/p>\n<p><img fetchpriority=\"high\" decoding=\"async\" class=\"alignnone size-medium wp-image-730 aligncenter\" src=\"http:\/\/wp.catedu.es\/neuroeducaccion\/wp-content\/uploads\/sites\/54\/2019\/09\/luis-286x300.png\" alt=\"\" width=\"286\" height=\"300\" srcset=\"https:\/\/wp.catedu.es\/neuroeducaccion\/wp-content\/uploads\/sites\/54\/2019\/09\/luis-286x300.png 286w, https:\/\/wp.catedu.es\/neuroeducaccion\/wp-content\/uploads\/sites\/54\/2019\/09\/luis.png 335w\" sizes=\"(max-width: 286px) 100vw, 286px\" \/><\/p>\n<p style=\"text-align: center\"><strong>Luis M. Mart\u00ednez Otero<\/strong><\/p>\n<p style=\"text-align: center\">Dirijo el laboratorio de Analog\u00edas Visuales (thevisualanalogylab.com) en el Instituto de Neurociencias de Alicante, un centro mixto de la Universidad Miguel Hern\u00e1ndez y el Consejo Superior de Investigaciones Cient\u00edficas.<\/p>\n<p style=\"text-align: center\">En el laboratorio investigamos los principios de dise\u00f1o que rigen la estructura y funci\u00f3n de los circuitos neuronales y c\u00f3mo estos circuitos median procesos fundamentales como la memoria, el razonamiento y factores emocionales que finalmente influyen en nuestras creencias, juicios y decisiones.<\/p>\n<p style=\"text-align: center\">Desarroll\u00e9 mi formaci\u00f3n post-doctoral en el la Universidad Rockefeller de Nueva York con Torsten N. Wiesel (Premio Nobel en 1981), con una beca de Human Frontiers Science Project Organization (HFSP) y nuestro trabajo ha aparecido en documentales de TV (tanto en Espa\u00f1a como en el extranjero), en revistas internacionales (como New Scientist o Scientific American). Ha recibido un premio (mejor art\u00edculo cient\u00edfico y finalista en otro de divulgaci\u00f3n) y ha sido seleccionado por la Society for Neuroscience como contribuci\u00f3n representativa del a\u00f1o 2012.<\/p>\n<p style=\"text-align: center\">Participo activamente en la organizaci\u00f3n de actividades y sociedades cient\u00edficas, siendo miembro del comit\u00e9 ejecutivo de la European Conference on Visual Perception (2003-2005) y la Neuralcorrelate Society (2005- ) y del comit\u00e9 organizador local de FENS 2012 en Barcelona, ECEM 2019, entre otras.<\/p>\n<p style=\"text-align: center\">He impartido m\u00e1s de 150 conferencias en universidades (Harvard, University College London, Riken, Lund University, University of Copenhague, Drexel University, etc) y reuniones cient\u00edficas (ICON, ECVP, COSYNE, TEDx, IWINAC, etc) de todo el mundo.<\/p>\n<p style=\"text-align: center\">Soy miembro de la DANA Allience for the Brain, vicepresidente de la CorBI Foundation, para promocionar las matem\u00e1ticas en las ciencias biom\u00e9dicas y sociales, y asesor cient\u00edfico de la Fundaci\u00f3n Pasqual Maragall y el Museo Cosmocaixa, Barcelona, de la Fundaci\u00f3n La Caixa.<\/p>\n<p style=\"text-align: center\">Soy editor de las revistas Frontiers in Human Neuroscience y PLoS One y revisor de publicaciones cient\u00edficas (PNAS, Trends in Neuroscience, Journal of Neuroscience, Journal of Neurophysiology, Journal of Physiology, Perception, Spatial Vision, etc.), agencias evaluadoras (en Espa\u00f1a, Reino Unido, Francia, Estados Unidos, Noruega, Argentina), y centros de investigaci\u00f3n y universidades en Francia (Unidades del CNRS) y Estados Unidos (Barrow Neurological Institute, State University of New York, University of Southern California).<\/p>\n","protected":false},"excerpt":{"rendered":"<p>Al ver, al interpretar visualmente el mundo, no representamos fielmente el mundo. Al contrario, generamos una ilusi\u00f3n de continuidad, un relato, que es subjetivo y fruto tanto de nuestra percepci\u00f3n inmediata como de nuestra experiencia previa. Este viaje desde una representaci\u00f3n m\u00e1s o menos fiel, aunque en dos dimensiones, que el mundo proyecta sobre nuestras &hellip; <\/p>\n<p><a class=\"more-link btn\" href=\"https:\/\/wp.catedu.es\/neuroeducaccion\/luis-martinez\/\">Seguir leyendo<\/a><\/p>\n","protected":false},"author":105,"featured_media":0,"parent":0,"menu_order":0,"comment_status":"closed","ping_status":"closed","template":"","meta":{"footnotes":""},"class_list":["post-662","page","type-page","status-publish","hentry","nodate","item-wrap"],"_links":{"self":[{"href":"https:\/\/wp.catedu.es\/neuroeducaccion\/wp-json\/wp\/v2\/pages\/662","targetHints":{"allow":["GET"]}}],"collection":[{"href":"https:\/\/wp.catedu.es\/neuroeducaccion\/wp-json\/wp\/v2\/pages"}],"about":[{"href":"https:\/\/wp.catedu.es\/neuroeducaccion\/wp-json\/wp\/v2\/types\/page"}],"author":[{"embeddable":true,"href":"https:\/\/wp.catedu.es\/neuroeducaccion\/wp-json\/wp\/v2\/users\/105"}],"replies":[{"embeddable":true,"href":"https:\/\/wp.catedu.es\/neuroeducaccion\/wp-json\/wp\/v2\/comments?post=662"}],"version-history":[{"count":4,"href":"https:\/\/wp.catedu.es\/neuroeducaccion\/wp-json\/wp\/v2\/pages\/662\/revisions"}],"predecessor-version":[{"id":733,"href":"https:\/\/wp.catedu.es\/neuroeducaccion\/wp-json\/wp\/v2\/pages\/662\/revisions\/733"}],"wp:attachment":[{"href":"https:\/\/wp.catedu.es\/neuroeducaccion\/wp-json\/wp\/v2\/media?parent=662"}],"curies":[{"name":"wp","href":"https:\/\/api.w.org\/{rel}","templated":true}]}}