{"id":86,"date":"2016-08-16T17:28:02","date_gmt":"2016-08-16T16:28:02","guid":{"rendered":"http:\/\/wp.catedu.es\/neuroeducaccion\/?page_id=86"},"modified":"2016-10-02T09:29:31","modified_gmt":"2016-10-02T08:29:31","slug":"marta-ligioiz","status":"publish","type":"page","link":"https:\/\/wp.catedu.es\/neuroeducaccion\/marta-ligioiz\/","title":{"rendered":"Marta Ligioiz"},"content":{"rendered":"<p><img fetchpriority=\"high\" decoding=\"async\" class=\"alignnone size-medium wp-image-87\" src=\"http:\/\/wp.catedu.es\/neuroeducaccion\/wp-content\/uploads\/sites\/54\/2016\/08\/marta_ligioiz-300x200.jpg\" alt=\"marta_ligioiz\" width=\"300\" height=\"200\" srcset=\"https:\/\/wp.catedu.es\/neuroeducaccion\/wp-content\/uploads\/sites\/54\/2016\/08\/marta_ligioiz-300x200.jpg 300w, https:\/\/wp.catedu.es\/neuroeducaccion\/wp-content\/uploads\/sites\/54\/2016\/08\/marta_ligioiz.jpg 500w\" sizes=\"(max-width: 300px) 100vw, 300px\" \/><\/p>\n<p><em><strong>MARTA LIGIOIZ V\u00c1ZQUEZ<\/strong><\/em><\/p>\n<p>M\u00e9dica, especialidad Neurociencia (Neurobiolog\u00eda del comportamiento). Miembro del grupo de estudio de enfermedades psicosom\u00e1ticas del Colegio de M\u00e9dicos de Sevilla (SAMP). M\u00e1ster europeo de Coaching-Instituto Europeo de Coaching. Co-directora del posgrado &#8220;Neuroeducaci\u00f3n, aprender con todo nuestro potencial&#8221; de la UB. \u00c1mbitos de trabajo habituales: Sanitario, Educativo y Empresas-equipos. Autora de 4 libros: \u201cCurso de Vuelo para Constructores de Sue\u00f1os\u201d, \u201cLa Invitaci\u00f3n\u201d. Co-autora junto a Anna For\u00e9s de \u201cDescubrir la Neurodid\u00e1ctica, aprender desde, en y para la vida\u201d. Coautora de \u201cNeuromitos en Educaci\u00f3n\u201d.<\/p>\n<p>&nbsp;<\/p>\n<ul>\n<li><em><strong>CONFERENCIA: EL BAMB\u00da NEUROEDUCATIVO<\/strong><\/em><\/li>\n<\/ul>\n<p>Al igual que el bamb\u00fa prioriza y hace crecer sus ra\u00edces en profundidad para poder aportar despu\u00e9s una gran fortaleza y flexibilidad, la siembra llevada a cabo hasta ahora est\u00e1 generando un espacio de crecimiento y frutos que generar\u00e1n profundas y excelentes cosechas. Saborearemos con la Acci\u00f3n algunos matices Neuroeducativos que nos puedan inspirar y apoyar el comienzo de un gran a\u00f1o. Que nuestro nivel de energ\u00eda, de alegr\u00eda y cooperaci\u00f3n reciba un impulso y abrazo neurodid\u00e1ctico. La siembra y cuidados continua.<\/p>\n<p>&nbsp;<\/p>\n<iframe src=\"\/\/docs.google.com\/viewer?url=http%3A%2F%2Fwp.catedu.es%2Fneuroeducaccion%2Fwp-content%2Fuploads%2Fsites%2F54%2F2016%2F08%2FEl-Bamb%C3%BA-Neuroeducativo.pdf&hl=es&embedded=true\" class=\"gde-frame\" style=\"width:100%; height:700px; border: none;\" scrolling=\"no\"><\/iframe>\n<p class=\"gde-text\"><a href=\"http:\/\/wp.catedu.es\/neuroeducaccion\/wp-content\/uploads\/sites\/54\/2016\/08\/El-Bamb\u00fa-Neuroeducativo.pdf\" class=\"gde-link\">Descargar<\/a><\/p>\n","protected":false},"excerpt":{"rendered":"<p>MARTA LIGIOIZ V\u00c1ZQUEZ M\u00e9dica, especialidad Neurociencia (Neurobiolog\u00eda del comportamiento). Miembro del grupo de estudio de enfermedades psicosom\u00e1ticas del Colegio de M\u00e9dicos de Sevilla (SAMP). M\u00e1ster europeo de Coaching-Instituto Europeo de Coaching. Co-directora del posgrado &#8220;Neuroeducaci\u00f3n, aprender con todo nuestro potencial&#8221; de la UB. \u00c1mbitos de trabajo habituales: Sanitario, Educativo y Empresas-equipos. Autora de 4 libros: &hellip; <\/p>\n<p><a class=\"more-link btn\" href=\"https:\/\/wp.catedu.es\/neuroeducaccion\/marta-ligioiz\/\">Seguir leyendo<\/a><\/p>\n","protected":false},"author":105,"featured_media":0,"parent":0,"menu_order":0,"comment_status":"closed","ping_status":"closed","template":"","meta":{"footnotes":""},"class_list":["post-86","page","type-page","status-publish","hentry","nodate","item-wrap"],"_links":{"self":[{"href":"https:\/\/wp.catedu.es\/neuroeducaccion\/wp-json\/wp\/v2\/pages\/86","targetHints":{"allow":["GET"]}}],"collection":[{"href":"https:\/\/wp.catedu.es\/neuroeducaccion\/wp-json\/wp\/v2\/pages"}],"about":[{"href":"https:\/\/wp.catedu.es\/neuroeducaccion\/wp-json\/wp\/v2\/types\/page"}],"author":[{"embeddable":true,"href":"https:\/\/wp.catedu.es\/neuroeducaccion\/wp-json\/wp\/v2\/users\/105"}],"replies":[{"embeddable":true,"href":"https:\/\/wp.catedu.es\/neuroeducaccion\/wp-json\/wp\/v2\/comments?post=86"}],"version-history":[{"count":9,"href":"https:\/\/wp.catedu.es\/neuroeducaccion\/wp-json\/wp\/v2\/pages\/86\/revisions"}],"predecessor-version":[{"id":247,"href":"https:\/\/wp.catedu.es\/neuroeducaccion\/wp-json\/wp\/v2\/pages\/86\/revisions\/247"}],"wp:attachment":[{"href":"https:\/\/wp.catedu.es\/neuroeducaccion\/wp-json\/wp\/v2\/media?parent=86"}],"curies":[{"name":"wp","href":"https:\/\/api.w.org\/{rel}","templated":true}]}}