{"id":30,"date":"2014-11-13T22:46:27","date_gmt":"2014-11-13T21:46:27","guid":{"rendered":"http:\/\/wp.catedu.es\/ochoben\/?page_id=30"},"modified":"2015-01-26T18:10:11","modified_gmt":"2015-01-26T17:10:11","slug":"antiguallas","status":"publish","type":"page","link":"https:\/\/wp.catedu.es\/ochoben\/antiguallas\/","title":{"rendered":"Antiguallas"},"content":{"rendered":"<p><strong>Curso 2012\/2013 &#8211; <a href=\"http:\/\/youtu.be\/Xx7j5KYvujM\" target=\"_blank\">Lip Dub IES Domingo Miral<\/a><\/strong><\/p>\n<div id=\"watch-description-text\" class=\"\">\n<p id=\"eow-description\">Coordinado por la profesora de Educaci\u00f3n F\u00edsica Ana Bel\u00e9n Jarne, alumnos, profesores y dem\u00e1s trabajadores del IES Domingo Miral de Jaca nos muestran el instituto y sus diversas habilidades.<\/p>\n<p><span class=\"embed-youtube\" style=\"text-align:center; display: block;\"><iframe loading=\"lazy\" class=\"youtube-player\" width=\"474\" height=\"267\" src=\"https:\/\/www.youtube.com\/embed\/Xx7j5KYvujM?version=3&#038;rel=1&#038;showsearch=0&#038;showinfo=1&#038;iv_load_policy=1&#038;fs=1&#038;hl=es-ES&#038;autohide=2&#038;wmode=transparent\" allowfullscreen=\"true\" style=\"border:0;\" sandbox=\"allow-scripts allow-same-origin allow-popups allow-presentation allow-popups-to-escape-sandbox\"><\/iframe><\/span><\/p>\n<\/div>\n<p>Durante el curso <strong>2011\/2012<\/strong> el IES Domingo Miral celebr\u00f3 el <strong>50 aniversario<\/strong> con una serie de eventos y actividades que se recogieron tanto en una <strong><a href=\"https:\/\/sites.google.com\/site\/iesdm50\/\" target=\"_blank\">web <\/a><\/strong>dise\u00f1ada y creada para la conmemoraci\u00f3n como a trav\u00e9s del <strong><a href=\"https:\/\/www.facebook.com\/piratas.deguanteblanco\/photos_albums\" target=\"_blank\">facebook <\/a><\/strong>de Piratas de Guante Blanco.<\/p>\n<p><a href=\"https:\/\/sites.google.com\/site\/iesdm50\/\" target=\"_blank\"><img data-recalc-dims=\"1\" loading=\"lazy\" decoding=\"async\" class=\"https:\/\/sites.google.com\/site\/iesdm50\/ aligncenter wp-image-190 size-full\" src=\"https:\/\/i0.wp.com\/wp.catedu.es\/ochoben\/wp-content\/uploads\/sites\/5\/2014\/11\/%C3%81RBOL-50-Aniversario-negativo.jpg?resize=400%2C383\" alt=\"\u00c1RBOL 50 Aniversario negativo\" width=\"400\" height=\"383\" srcset=\"https:\/\/i0.wp.com\/wp.catedu.es\/ochoben\/wp-content\/uploads\/sites\/5\/2014\/11\/%C3%81RBOL-50-Aniversario-negativo.jpg?w=400&amp;ssl=1 400w, https:\/\/i0.wp.com\/wp.catedu.es\/ochoben\/wp-content\/uploads\/sites\/5\/2014\/11\/%C3%81RBOL-50-Aniversario-negativo.jpg?resize=300%2C287&amp;ssl=1 300w\" sizes=\"auto, (max-width: 400px) 100vw, 400px\" \/><\/a><\/p>\n<p><a href=\"http:\/\/piratasdeguanteblanco.blogspot.com.es\/\" target=\"_blank\"><strong>Piratas de Guante Blanco<\/strong><\/a> fue una aventura en forma de blogs que recogi\u00f3 la vida en el instituto del 2008 al 2012 mediante cuatro blogs y redes sociales.<\/p>\n<p><a href=\"http:\/\/piratasdeguanteblanco.blogspot.com.es\/\" target=\"_blank\"><img data-recalc-dims=\"1\" loading=\"lazy\" decoding=\"async\" class=\"wp-image-195 size-full aligncenter\" src=\"https:\/\/i0.wp.com\/wp.catedu.es\/ochoben\/wp-content\/uploads\/sites\/5\/2014\/11\/pgb.jpg?resize=335%2C296\" alt=\"pgb\" width=\"335\" height=\"296\" srcset=\"https:\/\/i0.wp.com\/wp.catedu.es\/ochoben\/wp-content\/uploads\/sites\/5\/2014\/11\/pgb.jpg?w=335&amp;ssl=1 335w, https:\/\/i0.wp.com\/wp.catedu.es\/ochoben\/wp-content\/uploads\/sites\/5\/2014\/11\/pgb.jpg?resize=300%2C265&amp;ssl=1 300w\" sizes=\"auto, (max-width: 335px) 100vw, 335px\" \/><\/a><\/p>\n","protected":false},"excerpt":{"rendered":"<p>Curso 2012\/2013 &#8211; Lip Dub IES Domingo Miral Coordinado por la profesora de Educaci\u00f3n F\u00edsica Ana Bel\u00e9n Jarne, alumnos, profesores y dem\u00e1s trabajadores del IES Domingo Miral de Jaca nos muestran el instituto y sus diversas habilidades. Durante el curso 2011\/2012 el IES Domingo Miral celebr\u00f3 el 50 aniversario con una serie de eventos y &hellip; <a href=\"https:\/\/wp.catedu.es\/ochoben\/antiguallas\/\" class=\"more-link\">Seguir leyendo <span class=\"screen-reader-text\">Antiguallas<\/span> <span class=\"meta-nav\">&rarr;<\/span><\/a><\/p>\n","protected":false},"author":7,"featured_media":0,"parent":0,"menu_order":0,"comment_status":"closed","ping_status":"closed","template":"","meta":{"footnotes":""},"class_list":["post-30","page","type-page","status-publish","hentry"],"jetpack_sharing_enabled":true,"jetpack_shortlink":"https:\/\/wp.me\/P5Lz4C-u","_links":{"self":[{"href":"https:\/\/wp.catedu.es\/ochoben\/wp-json\/wp\/v2\/pages\/30","targetHints":{"allow":["GET"]}}],"collection":[{"href":"https:\/\/wp.catedu.es\/ochoben\/wp-json\/wp\/v2\/pages"}],"about":[{"href":"https:\/\/wp.catedu.es\/ochoben\/wp-json\/wp\/v2\/types\/page"}],"author":[{"embeddable":true,"href":"https:\/\/wp.catedu.es\/ochoben\/wp-json\/wp\/v2\/users\/7"}],"replies":[{"embeddable":true,"href":"https:\/\/wp.catedu.es\/ochoben\/wp-json\/wp\/v2\/comments?post=30"}],"version-history":[{"count":15,"href":"https:\/\/wp.catedu.es\/ochoben\/wp-json\/wp\/v2\/pages\/30\/revisions"}],"predecessor-version":[{"id":233,"href":"https:\/\/wp.catedu.es\/ochoben\/wp-json\/wp\/v2\/pages\/30\/revisions\/233"}],"wp:attachment":[{"href":"https:\/\/wp.catedu.es\/ochoben\/wp-json\/wp\/v2\/media?parent=30"}],"curies":[{"name":"wp","href":"https:\/\/api.w.org\/{rel}","templated":true}]}}