{"id":613,"date":"2015-03-02T22:01:42","date_gmt":"2015-03-02T21:01:42","guid":{"rendered":"http:\/\/wp.catedu.es\/ochoben\/?page_id=613"},"modified":"2018-05-04T16:30:02","modified_gmt":"2018-05-04T15:30:02","slug":"microrrelatos","status":"publish","type":"page","link":"https:\/\/wp.catedu.es\/ochoben\/microrrelatos\/","title":{"rendered":"Microrrelatos"},"content":{"rendered":"<h5>\u00bfEres de esas personas breves y concisas que termina los ex\u00e1menes r\u00e1pido y no les\u00a0gusta enrollarse mucho? \u00bfS\u00ed? \u00a1\u00a1Pues este concurso est\u00e1 pensado para ti!<\/h5>\n<p><a href=\"http:\/\/nomevengasconhistorias.blogspot.com.es\/p\/ilustraciones.html\"><img data-recalc-dims=\"1\" loading=\"lazy\" decoding=\"async\" class=\"aligncenter size-full wp-image-616\" src=\"https:\/\/i0.wp.com\/wp.catedu.es\/ochoben\/wp-content\/uploads\/sites\/5\/2015\/03\/micro.jpg?resize=474%2C364\" alt=\"micro\" width=\"474\" height=\"364\" srcset=\"https:\/\/i0.wp.com\/wp.catedu.es\/ochoben\/wp-content\/uploads\/sites\/5\/2015\/03\/micro.jpg?w=500&amp;ssl=1 500w, https:\/\/i0.wp.com\/wp.catedu.es\/ochoben\/wp-content\/uploads\/sites\/5\/2015\/03\/micro.jpg?resize=300%2C230&amp;ssl=1 300w\" sizes=\"auto, (max-width: 474px) 100vw, 474px\" \/><\/a><\/p>\n<p><strong>CONCURSO DE MICRORRELATOS<\/strong><\/p>\n<ul>\n<li>M\u00e1ximo 150 palabras<\/li>\n<li>Tienen que incluir cinco conceptos que te dir\u00e1n tus profesores<\/li>\n<li>Los mejores se publicar\u00e1n en O Choben a partir del 19\u00a0de Abril.<\/li>\n<li>\u00a1\u00a1\u00a1Hay premios!!!<\/li>\n<li>M\u00e1s informaci\u00f3n <a href=\"http:\/\/wp.catedu.es\/ochoben\/concurso-de-microrrelatos-por-materias\/\" target=\"_blank\"><strong>AQU\u00cd<\/strong><\/a><\/li>\n<\/ul>\n<p>Para facilit\u00e1rtelo te hemos preparado varias entradas con informaci\u00f3n variada:<\/p>\n<ol>\n<li><a href=\"http:\/\/wp.catedu.es\/ochoben\/microrrelato-decalogo\/\" target=\"_blank\"><strong>DEC\u00c1LOGO MICRORRELATOS<\/strong><\/a>. Una forma de narrar diferente.<\/li>\n<li><strong>PARA INSPIRARSE<\/strong>. Ejemplos de escritores de la historia de la literatura y otros microcuentistas. <strong><a title=\"Microrrelatos I\" href=\"http:\/\/wp.catedu.es\/ochoben\/microrrelatos-i\/\">MICRORRELATOS I<\/a><\/strong> &#8211; <strong><a title=\"Microrrelatos II\" href=\"http:\/\/wp.catedu.es\/ochoben\/microrrelatos-ii\/\">MICRORRELATOS II<\/a><\/strong><\/li>\n<li><strong><a href=\"http:\/\/wp.catedu.es\/ochoben\/microrrelatos-de-nuestros-alumnos\/\">MICRORRELATOS <\/a><\/strong>de nuestros alumnos sobre el Primer Viernes de Mayo (2014\/2015)<\/li>\n<li>MICRORRELATOS DE CTM (2015\/2016):\n<ul>\n<li><a href=\"http:\/\/wp.catedu.es\/ochoben\/micros-de-cultura-cientifica-2\/\">MARIO BERMUDEZ<\/a><\/li>\n<li><a href=\"http:\/\/wp.catedu.es\/ochoben\/micros-de-cultura-cientifica-3\/\">CLAUDIA BANEGAS<\/a><\/li>\n<li><a href=\"http:\/\/wp.catedu.es\/ochoben\/micros-de-cultura-cientifica\/\">ROCIO ABOLLO<\/a><\/li>\n<li><a href=\"http:\/\/wp.catedu.es\/ochoben\/ese-cielo-azul-que-conociamos-de-eloy-aznar\/\">ELOY AZNAR<\/a><\/li>\n<\/ul>\n<\/li>\n<li>MICRORRELATOS\u00a0<a href=\"http:\/\/wp.catedu.es\/ochoben\/ganadores-del-concurso-de-microrrelatos\/\" target=\"_blank\"><strong>2016\/17<\/strong><\/a><\/li>\n<\/ol>\n","protected":false},"excerpt":{"rendered":"<p>\u00bfEres de esas personas breves y concisas que termina los ex\u00e1menes r\u00e1pido y no les\u00a0gusta enrollarse mucho? \u00bfS\u00ed? \u00a1\u00a1Pues este concurso est\u00e1 pensado para ti! CONCURSO DE MICRORRELATOS M\u00e1ximo 150 palabras Tienen que incluir cinco conceptos que te dir\u00e1n tus profesores Los mejores se publicar\u00e1n en O Choben a partir del 19\u00a0de Abril. \u00a1\u00a1\u00a1Hay premios!!! &hellip; <a href=\"https:\/\/wp.catedu.es\/ochoben\/microrrelatos\/\" class=\"more-link\">Seguir leyendo <span class=\"screen-reader-text\">Microrrelatos<\/span> <span class=\"meta-nav\">&rarr;<\/span><\/a><\/p>\n","protected":false},"author":7,"featured_media":0,"parent":0,"menu_order":0,"comment_status":"closed","ping_status":"closed","template":"","meta":{"footnotes":""},"class_list":["post-613","page","type-page","status-publish","hentry"],"jetpack_sharing_enabled":true,"jetpack_shortlink":"https:\/\/wp.me\/P5Lz4C-9T","_links":{"self":[{"href":"https:\/\/wp.catedu.es\/ochoben\/wp-json\/wp\/v2\/pages\/613","targetHints":{"allow":["GET"]}}],"collection":[{"href":"https:\/\/wp.catedu.es\/ochoben\/wp-json\/wp\/v2\/pages"}],"about":[{"href":"https:\/\/wp.catedu.es\/ochoben\/wp-json\/wp\/v2\/types\/page"}],"author":[{"embeddable":true,"href":"https:\/\/wp.catedu.es\/ochoben\/wp-json\/wp\/v2\/users\/7"}],"replies":[{"embeddable":true,"href":"https:\/\/wp.catedu.es\/ochoben\/wp-json\/wp\/v2\/comments?post=613"}],"version-history":[{"count":11,"href":"https:\/\/wp.catedu.es\/ochoben\/wp-json\/wp\/v2\/pages\/613\/revisions"}],"predecessor-version":[{"id":2880,"href":"https:\/\/wp.catedu.es\/ochoben\/wp-json\/wp\/v2\/pages\/613\/revisions\/2880"}],"wp:attachment":[{"href":"https:\/\/wp.catedu.es\/ochoben\/wp-json\/wp\/v2\/media?parent=613"}],"curies":[{"name":"wp","href":"https:\/\/api.w.org\/{rel}","templated":true}]}}