{"id":541,"date":"2021-08-22T11:40:04","date_gmt":"2021-08-22T09:40:04","guid":{"rendered":"http:\/\/wp.catedu.es\/orientacionvdp\/?page_id=541"},"modified":"2025-09-01T11:21:28","modified_gmt":"2025-09-01T09:21:28","slug":"libros-de-texto","status":"publish","type":"page","link":"https:\/\/wp.catedu.es\/orientacionvdp\/libros-de-texto\/","title":{"rendered":"Libros de texto curso 25-26"},"content":{"rendered":"\t\t<div data-elementor-type=\"wp-page\" data-elementor-id=\"541\" class=\"elementor elementor-541\">\n\t\t\t\t\t\t<section class=\"elementor-section elementor-top-section elementor-element elementor-element-58c5bc8 elementor-section-boxed elementor-section-height-default elementor-section-height-default\" data-id=\"58c5bc8\" data-element_type=\"section\" data-e-type=\"section\">\n\t\t\t\t\t\t<div class=\"elementor-container elementor-column-gap-default\">\n\t\t\t\t\t<div class=\"elementor-column elementor-col-33 elementor-top-column elementor-element elementor-element-6fe7f52\" data-id=\"6fe7f52\" data-element_type=\"column\" data-e-type=\"column\">\n\t\t\t<div class=\"elementor-widget-wrap elementor-element-populated\">\n\t\t\t\t\t\t<div class=\"elementor-element elementor-element-3662819 elementor-widget elementor-widget-image\" data-id=\"3662819\" data-element_type=\"widget\" data-e-type=\"widget\" data-widget_type=\"image.default\">\n\t\t\t\t<div class=\"elementor-widget-container\">\n\t\t\t\t\t\t\t\t\t\t\t\t\t\t\t<img decoding=\"async\" width=\"150\" height=\"150\" src=\"https:\/\/wp.catedu.es\/orientacionvdp\/wp-content\/uploads\/sites\/192\/2021\/08\/PikPng.com_open-book-png_1021547-150x150.png\" class=\"attachment-thumbnail size-thumbnail wp-image-546\" alt=\"\" \/>\t\t\t\t\t\t\t\t\t\t\t\t\t\t\t<\/div>\n\t\t\t\t<\/div>\n\t\t\t\t\t<\/div>\n\t\t<\/div>\n\t\t\t\t<div class=\"elementor-column elementor-col-66 elementor-top-column elementor-element elementor-element-79e9ec9\" data-id=\"79e9ec9\" data-element_type=\"column\" data-e-type=\"column\">\n\t\t\t<div class=\"elementor-widget-wrap elementor-element-populated\">\n\t\t\t\t\t\t<div class=\"elementor-element elementor-element-93bb645 elementor-widget elementor-widget-text-editor\" data-id=\"93bb645\" data-element_type=\"widget\" data-e-type=\"widget\" data-widget_type=\"text-editor.default\">\n\t\t\t\t<div class=\"elementor-widget-container\">\n\t\t\t\t\t\t\t\t\t<table style=\"border-collapse: collapse;width: 100%;height: 117px\"><tbody><tr style=\"height: 39px\"><td style=\"width: 17.6667%;height: 39px\">3\u00baDIVERSIFICACI\u00d3N<\/td><td style=\"width: 35.1333%;height: 39px\">\u00c1mbito Cient\u00edfico-Tecnol\u00f3gico I<\/td><td style=\"width: 22.2%;height: 39px\">EDITEX<\/td><td style=\"width: 25%;height: 39px\">ISBN: 978-84-1321-831-1<\/td><\/tr><tr style=\"height: 39px\"><td style=\"width: 17.6667%;height: 39px\">3\u00baDIVERSIFICACI\u00d3N<\/td><td style=\"width: 35.1333%;height: 39px\">\u00c1mbito Ling\u00fc\u00edstico y Social I<\/td><td style=\"width: 22.2%;height: 39px\">BRU\u00d1O<\/td><td style=\"width: 25%;height: 39px\">ISBN: 978-84-696-3297-0<\/td><\/tr><tr><td style=\"width: 17.6667%\">3\u00baDIVERSIFICACI\u00d3N<\/td><td style=\"width: 35.1333%\"><p>Teamwork 3 Student&#8217;s Book\u00a0 \u00a0 \u00a0 Teamwork 3 Workbook<\/p><\/td><td style=\"width: 22.2%\">BURLINGTON BOOKS<\/td><td style=\"width: 25%\"><p>ISBN: 978-9925-30-468-4 ISBN: 978-9925-30-469-1<\/p><\/td><\/tr><tr><td style=\"width: 17.6667%\">4\u00baDIVERSIFICACI\u00d3N<\/td><td style=\"width: 35.1333%\"><p>\u00c1mbito Cient\u00edfico-Tecnol\u00f3gico II<\/p><\/td><td style=\"width: 22.2%\">EDITEX<\/td><td style=\"width: 25%\"><p>ISBN: 978-84-1134-476-0<\/p><\/td><\/tr><tr><td style=\"width: 17.6667%\">4\u00baDIVERSIFICACI\u00d3N<\/td><td style=\"width: 35.1333%\"><p>\u00a0\u00c1mbito Ling\u00fc\u00edstico y Social II<\/p><\/td><td style=\"width: 22.2%\">BRU\u00d1O<\/td><td style=\"width: 25%\"><p>ISBN: 978-84-696-3410-3<\/p><\/td><\/tr><tr><td style=\"width: 17.6667%\">4\u00baDIVERSIFICACI\u00d3N<\/td><td style=\"width: 35.1333%\"><p>Teamwork 4 Student&#8217;s Book\u00a0 \u00a0 \u00a0 Teamwork 4 Workbook<\/p><\/td><td style=\"width: 22.2%\">BURLINGTON BOOKS<\/td><td style=\"width: 25%\"><p>ISBN: 978-9925-30-474-5 ISBN: 978-9925-30-475-2<\/p><\/td><\/tr><\/tbody><\/table>\t\t\t\t\t\t\t\t<\/div>\n\t\t\t\t<\/div>\n\t\t\t\t\t<\/div>\n\t\t<\/div>\n\t\t\t\t\t<\/div>\n\t\t<\/section>\n\t\t\t\t<\/div>\n\t\t","protected":false},"excerpt":{"rendered":"<p>3\u00baDIVERSIFICACI\u00d3N \u00c1mbito Cient\u00edfico-Tecnol\u00f3gico I EDITEX ISBN: 978-84-1321-831-1 3\u00baDIVERSIFICACI\u00d3N \u00c1mbito Ling\u00fc\u00edstico y Social I BRU\u00d1O ISBN: 978-84-696-3297-0 3\u00baDIVERSIFICACI\u00d3N Teamwork 3 Student&#8217;s Book\u00a0 \u00a0 \u00a0 Teamwork 3 Workbook BURLINGTON BOOKS ISBN: 978-9925-30-468-4 ISBN: 978-9925-30-469-1 4\u00baDIVERSIFICACI\u00d3N \u00c1mbito Cient\u00edfico-Tecnol\u00f3gico II EDITEX ISBN: 978-84-1134-476-0 4\u00baDIVERSIFICACI\u00d3N \u00a0\u00c1mbito Ling\u00fc\u00edstico y Social II BRU\u00d1O ISBN: 978-84-696-3410-3 4\u00baDIVERSIFICACI\u00d3N Teamwork 4 Student&#8217;s Book\u00a0 \u00a0 \u00a0 &hellip; <\/p>\n<p><a class=\"more-link btn\" href=\"https:\/\/wp.catedu.es\/orientacionvdp\/libros-de-texto\/\">Seguir leyendo<\/a><\/p>\n","protected":false},"author":340,"featured_media":0,"parent":0,"menu_order":0,"comment_status":"closed","ping_status":"closed","template":"","meta":{"footnotes":""},"class_list":["post-541","page","type-page","status-publish","hentry","nodate","item-wrap"],"_links":{"self":[{"href":"https:\/\/wp.catedu.es\/orientacionvdp\/wp-json\/wp\/v2\/pages\/541","targetHints":{"allow":["GET"]}}],"collection":[{"href":"https:\/\/wp.catedu.es\/orientacionvdp\/wp-json\/wp\/v2\/pages"}],"about":[{"href":"https:\/\/wp.catedu.es\/orientacionvdp\/wp-json\/wp\/v2\/types\/page"}],"author":[{"embeddable":true,"href":"https:\/\/wp.catedu.es\/orientacionvdp\/wp-json\/wp\/v2\/users\/340"}],"replies":[{"embeddable":true,"href":"https:\/\/wp.catedu.es\/orientacionvdp\/wp-json\/wp\/v2\/comments?post=541"}],"version-history":[{"count":37,"href":"https:\/\/wp.catedu.es\/orientacionvdp\/wp-json\/wp\/v2\/pages\/541\/revisions"}],"predecessor-version":[{"id":1167,"href":"https:\/\/wp.catedu.es\/orientacionvdp\/wp-json\/wp\/v2\/pages\/541\/revisions\/1167"}],"wp:attachment":[{"href":"https:\/\/wp.catedu.es\/orientacionvdp\/wp-json\/wp\/v2\/media?parent=541"}],"curies":[{"name":"wp","href":"https:\/\/api.w.org\/{rel}","templated":true}]}}