{"id":37,"date":"2015-05-23T00:55:36","date_gmt":"2015-05-22T23:55:36","guid":{"rendered":"http:\/\/wp.catedu.es\/proyectoalegria\/?page_id=37"},"modified":"2015-05-23T00:56:25","modified_gmt":"2015-05-22T23:56:25","slug":"37-2","status":"publish","type":"page","link":"https:\/\/wp.catedu.es\/proyectoalegria\/berta\/instrucciones\/37-2\/","title":{"rendered":"\u00bfQu\u00e9 tipos de cuentos tiene?"},"content":{"rendered":"<p style=\"text-align: justify\"><strong>El abuelo Li, una abeja China, una inmigrante a la fuerza, que tras quedarse dormida en una orqu\u00eddea en las monta\u00f1as de China, acaba en una florister\u00eda espa\u00f1ola, y la peque\u00f1a Berta, una abejita muy especial que descubre en su primera salida de la colmena que es al\u00e9rgica a las flores, son los hilos conductores de siete cuentos escritos e ilustrados para que los ni\u00f1os y ni\u00f1as disfruten y aprendan.<\/strong><\/p>\n","protected":false},"excerpt":{"rendered":"<p>El abuelo Li, una abeja China, una inmigrante a la fuerza, que tras quedarse dormida en una orqu\u00eddea en las monta\u00f1as de China, acaba en una florister\u00eda espa\u00f1ola, y la peque\u00f1a Berta, una abejita muy especial que descubre en su &hellip;<\/p>\n<p class=\"read-more\"> <a class=\"more-link\" href=\"https:\/\/wp.catedu.es\/proyectoalegria\/berta\/instrucciones\/37-2\/\"> <span class=\"screen-reader-text\">\u00bfQu\u00e9 tipos de cuentos tiene?<\/span> Leer m\u00e1s \u00bb<\/a><\/p>\n","protected":false},"author":68,"featured_media":0,"parent":31,"menu_order":2,"comment_status":"closed","ping_status":"closed","template":"full-width-page.php","meta":{"footnotes":""},"class_list":["post-37","page","type-page","status-publish","hentry"],"_links":{"self":[{"href":"https:\/\/wp.catedu.es\/proyectoalegria\/wp-json\/wp\/v2\/pages\/37","targetHints":{"allow":["GET"]}}],"collection":[{"href":"https:\/\/wp.catedu.es\/proyectoalegria\/wp-json\/wp\/v2\/pages"}],"about":[{"href":"https:\/\/wp.catedu.es\/proyectoalegria\/wp-json\/wp\/v2\/types\/page"}],"author":[{"embeddable":true,"href":"https:\/\/wp.catedu.es\/proyectoalegria\/wp-json\/wp\/v2\/users\/68"}],"replies":[{"embeddable":true,"href":"https:\/\/wp.catedu.es\/proyectoalegria\/wp-json\/wp\/v2\/comments?post=37"}],"version-history":[{"count":2,"href":"https:\/\/wp.catedu.es\/proyectoalegria\/wp-json\/wp\/v2\/pages\/37\/revisions"}],"predecessor-version":[{"id":39,"href":"https:\/\/wp.catedu.es\/proyectoalegria\/wp-json\/wp\/v2\/pages\/37\/revisions\/39"}],"up":[{"embeddable":true,"href":"https:\/\/wp.catedu.es\/proyectoalegria\/wp-json\/wp\/v2\/pages\/31"}],"wp:attachment":[{"href":"https:\/\/wp.catedu.es\/proyectoalegria\/wp-json\/wp\/v2\/media?parent=37"}],"curies":[{"name":"wp","href":"https:\/\/api.w.org\/{rel}","templated":true}]}}