{"id":54,"date":"2015-05-23T01:12:24","date_gmt":"2015-05-23T00:12:24","guid":{"rendered":"http:\/\/wp.catedu.es\/proyectoalegria\/?page_id=54"},"modified":"2015-05-23T01:12:24","modified_gmt":"2015-05-23T00:12:24","slug":"por-donde-empiezo-entonces","status":"publish","type":"page","link":"https:\/\/wp.catedu.es\/proyectoalegria\/berta\/instrucciones\/por-donde-empiezo-entonces\/","title":{"rendered":"\u00bfPor d\u00f3nde empiezo entonces?"},"content":{"rendered":"<p style=\"text-align: justify\"><strong>Pasa a la p\u00e1gina principal del proyecto. All\u00ed tienes los siete cuentos. Deber\u00e1s empezar por el primero. Una vez dentro descubrir\u00e1s el cuento, la sesi\u00f3n de EF, las fichas de trabajo, las tareas competenciales, las fichas de correcci\u00f3n, la ficha de las familias\u2026 Navega a tu gusto para curiosear. Si decides que te puede servir lee bien la presentaci\u00f3n del proyecto y la gu\u00eda did\u00e1ctica y de evaluaci\u00f3n que aparecen en la p\u00e1gina principal. Te dar\u00e1n las pautas para ponerlo en pr\u00e1ctica.<\/strong><\/p>\n","protected":false},"excerpt":{"rendered":"<p>Pasa a la p\u00e1gina principal del proyecto. All\u00ed tienes los siete cuentos. Deber\u00e1s empezar por el primero. Una vez dentro descubrir\u00e1s el cuento, la sesi\u00f3n de EF, las fichas de trabajo, las tareas competenciales, las fichas de correcci\u00f3n, la ficha &hellip;<\/p>\n<p class=\"read-more\"> <a class=\"more-link\" href=\"https:\/\/wp.catedu.es\/proyectoalegria\/berta\/instrucciones\/por-donde-empiezo-entonces\/\"> <span class=\"screen-reader-text\">\u00bfPor d\u00f3nde empiezo entonces?<\/span> Leer m\u00e1s \u00bb<\/a><\/p>\n","protected":false},"author":68,"featured_media":0,"parent":31,"menu_order":9,"comment_status":"closed","ping_status":"closed","template":"full-width-page.php","meta":{"footnotes":""},"class_list":["post-54","page","type-page","status-publish","hentry"],"_links":{"self":[{"href":"https:\/\/wp.catedu.es\/proyectoalegria\/wp-json\/wp\/v2\/pages\/54","targetHints":{"allow":["GET"]}}],"collection":[{"href":"https:\/\/wp.catedu.es\/proyectoalegria\/wp-json\/wp\/v2\/pages"}],"about":[{"href":"https:\/\/wp.catedu.es\/proyectoalegria\/wp-json\/wp\/v2\/types\/page"}],"author":[{"embeddable":true,"href":"https:\/\/wp.catedu.es\/proyectoalegria\/wp-json\/wp\/v2\/users\/68"}],"replies":[{"embeddable":true,"href":"https:\/\/wp.catedu.es\/proyectoalegria\/wp-json\/wp\/v2\/comments?post=54"}],"version-history":[{"count":1,"href":"https:\/\/wp.catedu.es\/proyectoalegria\/wp-json\/wp\/v2\/pages\/54\/revisions"}],"predecessor-version":[{"id":55,"href":"https:\/\/wp.catedu.es\/proyectoalegria\/wp-json\/wp\/v2\/pages\/54\/revisions\/55"}],"up":[{"embeddable":true,"href":"https:\/\/wp.catedu.es\/proyectoalegria\/wp-json\/wp\/v2\/pages\/31"}],"wp:attachment":[{"href":"https:\/\/wp.catedu.es\/proyectoalegria\/wp-json\/wp\/v2\/media?parent=54"}],"curies":[{"name":"wp","href":"https:\/\/api.w.org\/{rel}","templated":true}]}}