{"id":56,"date":"2015-05-23T01:15:02","date_gmt":"2015-05-23T00:15:02","guid":{"rendered":"http:\/\/wp.catedu.es\/proyectoalegria\/?page_id=56"},"modified":"2015-05-23T01:15:02","modified_gmt":"2015-05-23T00:15:02","slug":"y-si-tengo-alguna-duda-al-aplicarlo","status":"publish","type":"page","link":"https:\/\/wp.catedu.es\/proyectoalegria\/berta\/instrucciones\/y-si-tengo-alguna-duda-al-aplicarlo\/","title":{"rendered":"\u00bfY si tengo alguna duda al aplicarlo?"},"content":{"rendered":"<p style=\"text-align: justify\"><strong>PONTE EN CONTACTO CON MART\u00cdN. SU CORREO ES:<\/strong><\/p>\n<p style=\"text-align: center\"><strong><a href=\"mailto:martin.pinos@gmail.com\" target=\"_blank\">martin.pinos@gmail.com<\/a><\/strong><\/p>\n<p style=\"text-align: justify\"><strong> ADEM\u00c1S ESTAR\u00c1 ENCANTADO DE LEER TUS SUGERENCIAS, EXPECTATIVAS O APORTACIONES.<\/strong><\/p>\n","protected":false},"excerpt":{"rendered":"<p>PONTE EN CONTACTO CON MART\u00cdN. SU CORREO ES: martin.pinos@gmail.com ADEM\u00c1S ESTAR\u00c1 ENCANTADO DE LEER TUS SUGERENCIAS, EXPECTATIVAS O APORTACIONES.<\/p>\n","protected":false},"author":68,"featured_media":0,"parent":31,"menu_order":10,"comment_status":"closed","ping_status":"closed","template":"full-width-page.php","meta":{"footnotes":""},"class_list":["post-56","page","type-page","status-publish","hentry"],"_links":{"self":[{"href":"https:\/\/wp.catedu.es\/proyectoalegria\/wp-json\/wp\/v2\/pages\/56","targetHints":{"allow":["GET"]}}],"collection":[{"href":"https:\/\/wp.catedu.es\/proyectoalegria\/wp-json\/wp\/v2\/pages"}],"about":[{"href":"https:\/\/wp.catedu.es\/proyectoalegria\/wp-json\/wp\/v2\/types\/page"}],"author":[{"embeddable":true,"href":"https:\/\/wp.catedu.es\/proyectoalegria\/wp-json\/wp\/v2\/users\/68"}],"replies":[{"embeddable":true,"href":"https:\/\/wp.catedu.es\/proyectoalegria\/wp-json\/wp\/v2\/comments?post=56"}],"version-history":[{"count":1,"href":"https:\/\/wp.catedu.es\/proyectoalegria\/wp-json\/wp\/v2\/pages\/56\/revisions"}],"predecessor-version":[{"id":57,"href":"https:\/\/wp.catedu.es\/proyectoalegria\/wp-json\/wp\/v2\/pages\/56\/revisions\/57"}],"up":[{"embeddable":true,"href":"https:\/\/wp.catedu.es\/proyectoalegria\/wp-json\/wp\/v2\/pages\/31"}],"wp:attachment":[{"href":"https:\/\/wp.catedu.es\/proyectoalegria\/wp-json\/wp\/v2\/media?parent=56"}],"curies":[{"name":"wp","href":"https:\/\/api.w.org\/{rel}","templated":true}]}}