{"id":60,"date":"2015-05-23T01:25:46","date_gmt":"2015-05-23T00:25:46","guid":{"rendered":"http:\/\/wp.catedu.es\/proyectoalegria\/?page_id=60"},"modified":"2015-05-23T01:31:32","modified_gmt":"2015-05-23T00:31:32","slug":"documentos-originales","status":"publish","type":"page","link":"https:\/\/wp.catedu.es\/proyectoalegria\/documentos-originales\/","title":{"rendered":"Documentos"},"content":{"rendered":"<p style=\"text-align: justify\"><strong>Cada uno de los ficheros de este proyecto se puede modificar para adaptarlo al m\u00e9todo de ense\u00f1anza de cada centro y de cada maestro. Si desea tener acceso a esos ficheros, pulse sobre el bot\u00f3n de la parte inferior y aseg\u00farese de que tiene instaladas en su equipo las tipograf\u00edas que adjuntamos para la total y correcta visualizaci\u00f3n de cada fichero.<\/strong><\/p>\n<p style=\"text-align: center\"><a href=\"https:\/\/dl.dropboxusercontent.com\/u\/46039577\/berta\/documentacion\/docs.rar\" target=\"_blank\">Descargar documentos editables<\/a><\/p>\n","protected":false},"excerpt":{"rendered":"<p>Cada uno de los ficheros de este proyecto se puede modificar para adaptarlo al m\u00e9todo de ense\u00f1anza de cada centro y de cada maestro. Si desea tener acceso a esos ficheros, pulse sobre el bot\u00f3n de la parte inferior y &hellip;<\/p>\n<p class=\"read-more\"> <a class=\"more-link\" href=\"https:\/\/wp.catedu.es\/proyectoalegria\/documentos-originales\/\"> <span class=\"screen-reader-text\">Documentos<\/span> Leer m\u00e1s \u00bb<\/a><\/p>\n","protected":false},"author":68,"featured_media":0,"parent":0,"menu_order":13,"comment_status":"closed","ping_status":"closed","template":"full-width-page.php","meta":{"footnotes":""},"class_list":["post-60","page","type-page","status-publish","hentry"],"_links":{"self":[{"href":"https:\/\/wp.catedu.es\/proyectoalegria\/wp-json\/wp\/v2\/pages\/60","targetHints":{"allow":["GET"]}}],"collection":[{"href":"https:\/\/wp.catedu.es\/proyectoalegria\/wp-json\/wp\/v2\/pages"}],"about":[{"href":"https:\/\/wp.catedu.es\/proyectoalegria\/wp-json\/wp\/v2\/types\/page"}],"author":[{"embeddable":true,"href":"https:\/\/wp.catedu.es\/proyectoalegria\/wp-json\/wp\/v2\/users\/68"}],"replies":[{"embeddable":true,"href":"https:\/\/wp.catedu.es\/proyectoalegria\/wp-json\/wp\/v2\/comments?post=60"}],"version-history":[{"count":2,"href":"https:\/\/wp.catedu.es\/proyectoalegria\/wp-json\/wp\/v2\/pages\/60\/revisions"}],"predecessor-version":[{"id":69,"href":"https:\/\/wp.catedu.es\/proyectoalegria\/wp-json\/wp\/v2\/pages\/60\/revisions\/69"}],"wp:attachment":[{"href":"https:\/\/wp.catedu.es\/proyectoalegria\/wp-json\/wp\/v2\/media?parent=60"}],"curies":[{"name":"wp","href":"https:\/\/api.w.org\/{rel}","templated":true}]}}