{"id":345,"date":"2020-02-21T11:10:42","date_gmt":"2020-02-21T10:10:42","guid":{"rendered":"http:\/\/wp.catedu.es\/seminarioeducacionfisicabmb\/?page_id=345"},"modified":"2020-03-18T11:33:09","modified_gmt":"2020-03-18T10:33:09","slug":"webs-interesantes","status":"publish","type":"page","link":"https:\/\/wp.catedu.es\/seminarioeducacionfisicabmb\/webs-interesantes\/","title":{"rendered":"Webs Interesantes"},"content":{"rendered":"<p>Web sobre <strong>Datchbal<\/strong>l, (es un deporte de equipo de cancha dividida, por lo tanto no existe el contacto directo y el riesgo de lesi\u00f3n es m\u00ednimo. El Datchball \u00a0es un deporte nuevo nacido en la escuela y como tal, nace de la convicci\u00f3n de que la participaci\u00f3n y\u00a0 la competici\u00f3n no deben de ser dos caminos tan distantes), creador <strong>Roberto Navarro<\/strong>, pincha <a href=\"https:\/\/www.datchball.com\/\"><strong>AQU<\/strong>\u00cd<\/a> para acceder a ella y descubre m\u00e1s sobre este deporte.<\/p>\n<p>Web sobre <strong>Tribol<\/strong> (Es un juego de equipo de cooperaci\u00f3n y colaboraci\u00f3n-oposici\u00f3n creado en el instituto intentando fomentar la colaboraci\u00f3n y cooperaci\u00f3n entre los alumnos para conseguir un objetivo com\u00fan), creador <strong>Vicente Grau<\/strong>. pincha <strong><a href=\"https:\/\/educacionfisicagra.wixsite.com\/misitio\">AQU\u00cd<\/a><\/strong> para acceder a ella y descubre m\u00e1s sobre este deporte.<\/p>\n<p>Web de Amig@s Activ@s, nace desde el \u00e1rea de Educaci\u00f3n F\u00edsica e integra tareas competenciales, educaci\u00f3n emocional y metodolog\u00edas activas, creado por <strong>varios profesores de Edcuaci\u00f3n F\u00edsica<\/strong>, pincha <a href=\"https:\/\/proyectoamigosactivos.blogspot.com\/\"><strong>AQU\u00cd<\/strong><\/a> para acceder a ella y descubre m\u00e1s.<\/p>\n<p><strong>Blog La Cajonera de Marta Ar\u00e9valo<\/strong>, donde combina Educaci\u00f3n F\u00edsica y Tic con una gran cantidad y variedad de recursos, pincha <a href=\"http:\/\/lacajonerademarta.blogspot.com\/p\/tic-y-ef.html?m=1\"><strong>AQU\u00cd<\/strong><\/a> para acceder a ella y descubre m\u00e1s.<\/p>\n<p><strong>V\u00eddeos sobre juegos de Educaci\u00f3n F\u00edsica de Flipped Primary<\/strong>, pincha <a href=\"https:\/\/www.youtube.com\/channel\/UC89b7BsngRfgcOG0XqQE-Tw\/about\"><strong>AQU\u00cd<\/strong><\/a> para acceder a ellos y visualizarlos.<\/p>\n<p>Web <strong>Un Rat\u00f3n de patio<\/strong> con recursos Tic vinculados a la Educaci\u00f3n F\u00edsica y a otros contenidos de <strong>Julio Benito Lorenzo<\/strong>, pincha <a href=\"http:\/\/wp.catedu.es\/unratondepatio\/\">AQU\u00cd<\/a> para acceder a ella y descubre m\u00e1s.<\/p>\n","protected":false},"excerpt":{"rendered":"<p>Web sobre Datchball, (es un deporte de equipo de cancha dividida, por lo tanto no existe el contacto directo y el riesgo de lesi\u00f3n es m\u00ednimo. El Datchball \u00a0es un deporte nuevo nacido en la escuela y como tal, nace de la convicci\u00f3n de que la participaci\u00f3n y\u00a0 la competici\u00f3n no deben de ser dos &hellip; <\/p>\n<p><a class=\"more-link btn\" href=\"https:\/\/wp.catedu.es\/seminarioeducacionfisicabmb\/webs-interesantes\/\">Seguir leyendo<\/a><\/p>\n","protected":false},"author":187,"featured_media":0,"parent":0,"menu_order":0,"comment_status":"closed","ping_status":"closed","template":"","meta":{"footnotes":""},"class_list":["post-345","page","type-page","status-publish","hentry","nodate","item-wrap"],"_links":{"self":[{"href":"https:\/\/wp.catedu.es\/seminarioeducacionfisicabmb\/wp-json\/wp\/v2\/pages\/345","targetHints":{"allow":["GET"]}}],"collection":[{"href":"https:\/\/wp.catedu.es\/seminarioeducacionfisicabmb\/wp-json\/wp\/v2\/pages"}],"about":[{"href":"https:\/\/wp.catedu.es\/seminarioeducacionfisicabmb\/wp-json\/wp\/v2\/types\/page"}],"author":[{"embeddable":true,"href":"https:\/\/wp.catedu.es\/seminarioeducacionfisicabmb\/wp-json\/wp\/v2\/users\/187"}],"replies":[{"embeddable":true,"href":"https:\/\/wp.catedu.es\/seminarioeducacionfisicabmb\/wp-json\/wp\/v2\/comments?post=345"}],"version-history":[{"count":7,"href":"https:\/\/wp.catedu.es\/seminarioeducacionfisicabmb\/wp-json\/wp\/v2\/pages\/345\/revisions"}],"predecessor-version":[{"id":448,"href":"https:\/\/wp.catedu.es\/seminarioeducacionfisicabmb\/wp-json\/wp\/v2\/pages\/345\/revisions\/448"}],"wp:attachment":[{"href":"https:\/\/wp.catedu.es\/seminarioeducacionfisicabmb\/wp-json\/wp\/v2\/media?parent=345"}],"curies":[{"name":"wp","href":"https:\/\/api.w.org\/{rel}","templated":true}]}}