{"id":388,"date":"2020-03-15T06:55:44","date_gmt":"2020-03-15T05:55:44","guid":{"rendered":"http:\/\/wp.catedu.es\/seminarioeducacionfisicabmb\/?page_id=388"},"modified":"2020-03-22T18:32:11","modified_gmt":"2020-03-22T17:32:11","slug":"me-quedo-en-casa","status":"publish","type":"page","link":"https:\/\/wp.catedu.es\/seminarioeducacionfisicabmb\/me-quedo-en-casa\/","title":{"rendered":"Me quedo en casa"},"content":{"rendered":"<p>Ante la situaci\u00f3n excepcional que tenemos y sabiendo que la mejor medida es quedarse en casa, os dejamos un serie de enlaces que hemos recopilado las compa\u00f1eras y compa\u00f1eros del Seminario para que ocup\u00e9is vuestro tiempo en casa. Hay diferentes materiales, desde pdf para leer, v\u00eddeos para ver, ideas para realizar y enlaces on-line interactivos.<\/p>\n<p><strong>Enlace oficial del Gobierno de Arag\u00f3n al procedimiento e informaciones del corona virus<\/strong>, para acceder clica <a href=\"http:\/\/www.educaragon.org\/noticias\/noticias.asp?idNoticia=15098\"><strong>AQU\u00cd.<\/strong>\u00a0<\/a><\/p>\n<p>Lista de enlaces de diferentes tem\u00e1ticas <strong>Yo Me Quedo en casa de Ami 3 y la Concejal\u00eda de Tres Cantos<\/strong>, para acceder clica <strong><a href=\"https:\/\/drive.google.com\/file\/d\/1065c1B--1HBtLF3HVpidOQBDk02jnXBX\/view?usp=sharing\">AQU\u00cd.\u00a0<\/a><\/strong><\/p>\n<p>P\u00e1gina de materiales y recursos educativos <strong>de RTVE\u00a0Aprendo en casa<\/strong>, para acceder clica <strong><a href=\"https:\/\/aprendoencasa.educacion.es\/\">AQU\u00cd.<\/a>\u00a0<\/strong><\/p>\n<p><strong>Canciones y Cuentos en directo de los Titiriteros de Bin\u00e9far<\/strong>, para visualizarlo clica <a href=\"https:\/\/www.facebook.com\/titiriteros\/videos\/vb.109429732415035\/581621169106709\/?type=2&amp;theater\"><strong>AQU\u00cd.<\/strong><\/a><\/p>\n<p><strong>Cuento sobre el Corona virus del Colegio Oficial de Psicol\u00f3gos de Madrid,\u00a0<\/strong>para visualizarlo pincha <a href=\"https:\/\/issuu.com\/colegiooficialpsicologosmadrid\/docs\/cuento_rosa_contra_el_virus_alta\/24\"><strong>AQU\u00cd.<\/strong><\/a><\/p>\n<p><em>\u00abCuentos para quedarse en casa\u00bb<\/em> de <strong>Eloy Moreno<\/strong>, para acceder clica <strong><a href=\"https:\/\/drive.google.com\/file\/d\/1Pwz2p9kv81EBZ1AfY0OF7mEtk81lX2bK\/view?usp=sharing\">AQU\u00cd.<\/a><\/strong><\/p>\n<p><em><strong>Cuento\u00a0<\/strong>\u00abEn Familia\u00bb<\/em> de <strong>Olga De Dios<\/strong>, para acceder clica <strong><a href=\"https:\/\/drive.google.com\/file\/d\/1WFzXQvB7JUAH_DW-u_yeCbAwJiMna3nE\/view?usp=sharing\">AQU\u00cd.<\/a><\/strong><\/p>\n<p><em><strong>Cuento\u00a0<\/strong>\u00abGato Negro\u00bb<\/em> de <strong>Ebook<\/strong>, para acceder clica <a href=\"https:\/\/drive.google.com\/file\/d\/1iZxYMu0490evIfLLeNm63Ft8Rdon-Roh\/view?usp=sharing\"><strong>AQU\u00cd.<\/strong><\/a><\/p>\n<p><em><strong>Cuento\u00a0<\/strong>\u00abLeotolda\u00bb<\/em> de <strong>Olga De Dios<\/strong>, para acceder clica <a href=\"https:\/\/drive.google.com\/file\/d\/12RfNPZaX1c2f_uVauycE4uvWTDF12Oa_\/view?usp=sharing\"><strong>AQU\u00cd.<\/strong><\/a><\/p>\n<p><em><strong>Cuento\u00a0<\/strong>\u00abP\u00e1jaro Amarillo\u00bb<\/em> de <strong>Olga De Dios<\/strong>, para acceder clica <a href=\"https:\/\/drive.google.com\/file\/d\/12RfNPZaX1c2f_uVauycE4uvWTDF12Oa_\/view?usp=sharing\"><strong>AQU\u00cd.<\/strong><\/a><\/p>\n<p><em><strong>Cuento\u00a0<\/strong>\u00abPampurrias\u00bb<\/em> de <strong>Ebook<\/strong>, para acceder clica <a href=\"https:\/\/drive.google.com\/file\/d\/1zIGamHmkfTrlas95mopV3EijOBr66zMI\/view?usp=sharing\"><strong>AQU\u00cd.<\/strong><\/a><\/p>\n<p><em><strong>Cuento\u00a0<\/strong>\u00abCoronavirus no es un principe ni una princesa\u00bb<\/em>\u00a0de\u00a0<strong>Mar\u00eda Coco Hernado<\/strong>, para acceder clica <a href=\"https:\/\/www.yumpu.com\/es\/document\/read\/63156813\/coronavirus-no-es-un-principe-ni-una-princesa\"><strong>AQU\u00cd.<\/strong><\/a><\/p>\n<p><strong>Cuento <\/strong><em>\u00abAmar\u00bb\u00a0<\/em><strong> de Cristina N\u00fa\u00f1ez y Rafael Valc\u00e1rcel, <\/strong>para acceder clica <strong><a href=\"https:\/\/drive.google.com\/file\/d\/1ZZFwJrZveVED9wAgmO5A-GwfkAkZTSB3\/view?usp=sharing\">AQU\u00cd.<\/a><\/strong><\/p>\n<p><strong>Cuentos por letras de Salom\u00e9 Recio Caride<\/strong>, para acceder clica <a href=\"https:\/\/drive.google.com\/file\/d\/137eX1QMWvCTBo6wKBgOcg6TAEDVkYxDD\/view?usp=sharing\"><strong>AQU\u00cd.\u00a0<\/strong><\/a><\/p>\n<p>Libro de <strong>ni\u00f1as a leyendas<\/strong> para visualizarlo clica\u00a0<a href=\"http:\/\/wp.catedu.es\/seminarioeducacionfisicabmb\/wp-content\/uploads\/sites\/158\/2020\/03\/Libro-de-ni\u00f1as-a-leyendas-2.pdf\"><strong>AQU\u00cd.<\/strong><\/a><\/p>\n<p><strong>Cartel creativo y solidario de Baboom<\/strong>, para saber m\u00e1s clica <strong><a href=\"https:\/\/www.facebook.com\/search\/top\/?q=baboom%20espacio%20creativo&amp;epa=SEARCH_BOX\">AQU\u00cd<\/a>.<\/strong><\/p>\n<p><strong>Educlan<\/strong> herramienta educativa con contenidos audiovisuales de 4 a 10 a\u00f1os en la plataforma de <strong>RTVE<\/strong>, para saber m\u00e1s clica\u00a0<strong><a href=\"https:\/\/www.rtve.es\/rtve\/20200313\/clan-lanza-educlan-durante-cierre-centros\/2010023.shtml\">AQU\u00cd.<\/a><\/strong><\/p>\n<p><strong>Pruebas de Uno para Ganar<\/strong>, para visualizarlas clica\u00a0<a href=\"https:\/\/drive.google.com\/file\/d\/1-5gJEiMi216NrSgzhnEzG0k2z_fpq5FV\/view?usp=sharing\"><strong>AQU\u00cd,<\/strong><\/a> \u00a0de la p\u00e1gina <strong>Educaci\u00f3n F\u00edsica en Primaria<\/strong> para visualizar la p\u00e1gina clica <a href=\"http:\/\/www.educacionfisicaenprimaria.es\"><strong>AQU\u00cd.<\/strong><\/a><\/p>\n<p><strong>Pel\u00edculas<\/strong> relacionadas con el \u00e1rea que se pueden ver estos d\u00edas, para ver la lista clica <a href=\"http:\/\/wp.catedu.es\/seminarioeducacionfisicabmb\/wp-content\/uploads\/sites\/158\/2020\/03\/PHOTO-2020-03-14-21-36-53.jpg\"><strong>AQU\u00cd.\u00a0<\/strong><\/a><\/p>\n<p><strong>Juegos con globos<\/strong> para realizar en casa <strong>aportada por el Valor de Educaci\u00f3n F\u00edsica<\/strong>, para visualizarlos clica <a href=\"http:\/\/wp.catedu.es\/seminarioeducacionfisicabmb\/wp-content\/uploads\/sites\/158\/2020\/03\/Juegos-Globos.jpg\"><strong>AQU\u00cd.<\/strong><\/a><\/p>\n<p><strong>Retos del C.E.I.P. Parque Roma de Utebo aportado por Roberto Navarro<\/strong>, para acceder clica <a href=\"https:\/\/view.genial.ly\/5e7730a56d276f0db76f6be3\/horizontal-infographic-review-educacion-fisica-ceip-parque-europa\"><strong>AQU\u00cd.<\/strong>\u00a0<\/a><\/p>\n<p><strong>Bingos con retos del C.R.A. L\u00b4Albada de Bujaraloz y La Almolda aportados por Sergio Vidal<\/strong>, para acceder clica <a href=\"https:\/\/drive.google.com\/file\/d\/1SfYttkC_PnNj_ydw2i5Mb7Nnm8Y8gYTN\/view?usp=sharing\"><strong>AQU\u00cd<\/strong><\/a> y <a href=\"https:\/\/drive.google.com\/file\/d\/1S9MdFln4R4BYkKyj2icsQhIQF0TbFB7g\/view?usp=sharing\"><strong>AQU\u00cd<\/strong> <\/a>(Mayores).<\/p>\n<p><strong>V\u00eddeos de Yoga para ni\u00f1os con animales<\/strong>, de la plataforma <strong>Smile and Learn<\/strong>, para visualizarlos pincha <a href=\"https:\/\/www.youtube.com\/watch?v=t8748OWc1nQ&amp;feature=youtu.be\"><strong>AQU\u00cd<\/strong><\/a> y <a href=\"https:\/\/youtu.be\/Dwt0qeBj85I\"><strong>AQU\u00cd.<\/strong><\/a><\/p>\n<p><strong>Presentaci\u00f3n Genially con enlaces a aplicaciones On-line del C.E.I.P. CERVANTES DE MIRANDA DE EBRO<\/strong>, para visualizarlo pincha <a href=\"https:\/\/view.genial.ly\/5e6c9b0127aede0fbe6fda32\/presentation-encasatambien-2\"><strong>AQU\u00cd.<\/strong><\/a><\/p>\n<p><strong>Presentaci\u00f3n Genially de una planificaci\u00f3n quincenal para Educaci\u00f3n F\u00edsica aportado por Frikazos en el aula,\u00a0<\/strong>para visualizarlo clica\u00a0<a href=\"https:\/\/frikazosenelaula.com\/planificacion-semanal-e-f-dos-semanas\/\"><strong>AQU\u00cd.<\/strong><\/a><\/p>\n<p><strong>Recursos Educativos on-line LUDOS,\u00a0<\/strong>para acceder clica <a href=\"http:\/\/recursostic.educacion.es\/primaria\/ludos\/web\/alumnos.html\"><strong>AQU\u00cd.\u00a0<\/strong><\/a><\/p>\n<p><b>Documento de Educaci\u00f3n F\u00edsica en casa de H\u00e9ctor Lordan, <\/b>para acceder clica <a href=\"http:\/\/wp.catedu.es\/seminarioeducacionfisicabmb\/wp-content\/uploads\/sites\/158\/2020\/03\/EF-d\u00eda-1.pdf\"><strong>AQU\u00cd.\u00a0<\/strong><\/a><\/p>\n<p><strong>Documento para aprender malabares en casa de Pili Monforte,\u00a0<\/strong>para acceder clica <a href=\"http:\/\/wp.catedu.es\/seminarioeducacionfisicabmb\/wp-content\/uploads\/sites\/158\/2020\/03\/EF-d\u00eda-1.pdf\"><strong>AQU\u00cd.\u00a0<\/strong><\/a><\/p>\n<p><strong>Danzas del mundo de Begodanzas<\/strong>, para acceder clica <a href=\"https:\/\/danzasdelmundo.wordpress.com\/category\/danzas\/\"><strong>AQU\u00cd.<\/strong><\/a><\/p>\n<p><strong>Visita museos desde Casa,\u00a010 museos para visitar estando en casa: tour virtual y colecciones online.<\/strong><\/p>\n<p>1. Pinacoteca di Brera &#8211; Milano <a href=\"https:\/\/pinacotecabrera.org\/\" target=\"_blank\" rel=\"noopener noreferrer\" data-saferedirecturl=\"https:\/\/www.google.com\/url?q=https:\/\/pinacotecabrera.org\/&amp;source=gmail&amp;ust=1584337702871000&amp;usg=AFQjCNHTmE5Uyr8vQo53O_o4u4t51X_kqQ\">https:\/\/pinacotecabrera.org\/<\/a><\/p>\n<p>2. Galleria degli Uffizi &#8211; Firenze <a href=\"https:\/\/www.uffizi.it\/mostre-virtuali\" target=\"_blank\" rel=\"noopener noreferrer\" data-saferedirecturl=\"https:\/\/www.google.com\/url?q=https:\/\/www.uffizi.it\/mostre-virtuali&amp;source=gmail&amp;ust=1584337702871000&amp;usg=AFQjCNHB5pZrQgnakGr6co2Tq_GFzk_VOA\">https:\/\/www.uffizi.it\/mostre-virtuali<\/a><\/p>\n<p>3. Musei Vaticani &#8211; Roma <a href=\"http:\/\/www.museivaticani.va\/content\/museivaticani\/it\/collezioni\/catalogo-online.html\" target=\"_blank\" rel=\"noopener noreferrer\" data-saferedirecturl=\"https:\/\/www.google.com\/url?q=http:\/\/www.museivaticani.va\/content\/museivaticani\/it\/collezioni\/catalogo-online.html&amp;source=gmail&amp;ust=1584337702871000&amp;usg=AFQjCNFRiOGVq69pfT8anuFIwrILScTeBg\">http:\/\/www.museivaticani.va\/content\/museivaticani\/it\/collezioni\/catalogo-online.html<\/a><\/p>\n<p>4. Museo Archeologico &#8211; Atene <a href=\"https:\/\/www.namuseum.gr\/en\/collections\/\" target=\"_blank\" rel=\"noopener noreferrer\" data-saferedirecturl=\"https:\/\/www.google.com\/url?q=https:\/\/www.namuseum.gr\/en\/collections\/&amp;source=gmail&amp;ust=1584337702871000&amp;usg=AFQjCNEbaeoFjIAyhNygjF03qotwLJAjbg\">https:\/\/www.namuseum.gr\/en\/collections\/<\/a><\/p>\n<p>5. Prado &#8211; Madrid <a href=\"https:\/\/www.museodelprado.es\/en\/the-collection\/art-works\" target=\"_blank\" rel=\"noopener noreferrer\" data-saferedirecturl=\"https:\/\/www.google.com\/url?q=https:\/\/www.museodelprado.es\/en\/the-collection\/art-works&amp;source=gmail&amp;ust=1584337702871000&amp;usg=AFQjCNFrXcyotGogc2h7BaeHJC-oGYtcmA\">https:\/\/www.museodelprado.es\/en\/the-collection\/art-works<\/a><\/p>\n<p>6. Louvre &#8211; Parigi <a href=\"https:\/\/www.louvre.fr\/en\/visites-en-ligne\" target=\"_blank\" rel=\"noopener noreferrer\" data-saferedirecturl=\"https:\/\/www.google.com\/url?q=https:\/\/www.louvre.fr\/en\/visites-en-ligne&amp;source=gmail&amp;ust=1584337702871000&amp;usg=AFQjCNHaJj4ul82XNkpFXw3oMzr4Bwvkbg\">https:\/\/www.louvre.fr\/en\/visites-en-ligne<\/a><\/p>\n<p>7. British Museum &#8211; Londra <a href=\"https:\/\/www.britishmuseum.org\/collection\" target=\"_blank\" rel=\"noopener noreferrer\" data-saferedirecturl=\"https:\/\/www.google.com\/url?q=https:\/\/www.britishmuseum.org\/collection&amp;source=gmail&amp;ust=1584337702871000&amp;usg=AFQjCNFqmoyWYfuc-iv3Qi_GKHNfPngHqw\">https:\/\/www.britishmuseum.org\/collection<\/a><\/p>\n<p>8. Metropolitan Museum &#8211; New York <a href=\"https:\/\/artsandculture.google.com\/explore\" target=\"_blank\" rel=\"noopener noreferrer\" data-saferedirecturl=\"https:\/\/www.google.com\/url?q=https:\/\/artsandculture.google.com\/explore&amp;source=gmail&amp;ust=1584337702871000&amp;usg=AFQjCNGAY44O50GZq9mQ-B0YD94RRV0KTw\">https:\/\/artsandculture.google.com\/explore<\/a><\/p>\n<p>9. Hermitage &#8211; San Pietroburgo <a href=\"https:\/\/bit.ly\/3cJHdnj\" target=\"_blank\" rel=\"noopener noreferrer\" data-saferedirecturl=\"https:\/\/www.google.com\/url?q=https:\/\/bit.ly\/3cJHdnj&amp;source=gmail&amp;ust=1584337702871000&amp;usg=AFQjCNEvW-36lwbMtE-YP2kfu41DB55jCg\">https:\/\/bit.ly\/3cJHdnj<\/a><\/p>\n<p>10. National Gallery of art &#8211; Washington <a href=\"https:\/\/www.nga.gov\/index.html\" target=\"_blank\" rel=\"noopener noreferrer\" data-saferedirecturl=\"https:\/\/www.google.com\/url?q=https:\/\/www.nga.gov\/index.html&amp;source=gmail&amp;ust=1584337702871000&amp;usg=AFQjCNEuG0UufGYAt1cSKvruvt6MweQAhw\">https:\/\/www.nga.gov\/index.html<\/a><\/p>\n<p><strong>Documentales Gratis de Kilian Jornet corredor de monta\u00f1a,\u00a0<\/strong>para acceder a ellos clica <a href=\"https:\/\/www.soycorredor.es\/noticias\/articulo\/kilian-jornet-ofrece-gratis-todos-sus-documentales-coronavirus\"><strong>AQU\u00cd.\u00a0<\/strong><\/a><\/p>\n<p><strong>Consejos Psicol\u00f3gicos para largos periodos dentro de casa por Elena San Mart\u00edn<\/strong>, para visualizarlo clica <a href=\"http:\/\/wp.catedu.es\/seminarioeducacionfisicabmb\/wp-content\/uploads\/sites\/158\/2020\/03\/Consejos-Psicologicos-para-largos-periodos-dentro-de-casa.pdf.pdf.pdf\"><strong>AQU\u00cd.<\/strong><\/a><\/p>\n<p><strong>P\u00edldora formativa sobre el Corona Virus a trav\u00e9s de Cruz Roja,<\/strong> formaci\u00f3n on-line y gratuita a trav\u00e9s de su plataforma, para saber m\u00e1s clica <a href=\"https:\/\/www2.cruzroja.es\/-\/pildora-formativa-sobre-el-coronavirus\"><strong>AQU\u00cd.\u00a0<\/strong><\/a><\/p>\n","protected":false},"excerpt":{"rendered":"<p>Ante la situaci\u00f3n excepcional que tenemos y sabiendo que la mejor medida es quedarse en casa, os dejamos un serie de enlaces que hemos recopilado las compa\u00f1eras y compa\u00f1eros del Seminario para que ocup\u00e9is vuestro tiempo en casa. Hay diferentes materiales, desde pdf para leer, v\u00eddeos para ver, ideas para realizar y enlaces on-line interactivos. &hellip; <\/p>\n<p><a class=\"more-link btn\" href=\"https:\/\/wp.catedu.es\/seminarioeducacionfisicabmb\/me-quedo-en-casa\/\">Seguir leyendo<\/a><\/p>\n","protected":false},"author":187,"featured_media":0,"parent":0,"menu_order":0,"comment_status":"closed","ping_status":"closed","template":"","meta":{"footnotes":""},"class_list":["post-388","page","type-page","status-publish","hentry","nodate","item-wrap"],"_links":{"self":[{"href":"https:\/\/wp.catedu.es\/seminarioeducacionfisicabmb\/wp-json\/wp\/v2\/pages\/388","targetHints":{"allow":["GET"]}}],"collection":[{"href":"https:\/\/wp.catedu.es\/seminarioeducacionfisicabmb\/wp-json\/wp\/v2\/pages"}],"about":[{"href":"https:\/\/wp.catedu.es\/seminarioeducacionfisicabmb\/wp-json\/wp\/v2\/types\/page"}],"author":[{"embeddable":true,"href":"https:\/\/wp.catedu.es\/seminarioeducacionfisicabmb\/wp-json\/wp\/v2\/users\/187"}],"replies":[{"embeddable":true,"href":"https:\/\/wp.catedu.es\/seminarioeducacionfisicabmb\/wp-json\/wp\/v2\/comments?post=388"}],"version-history":[{"count":31,"href":"https:\/\/wp.catedu.es\/seminarioeducacionfisicabmb\/wp-json\/wp\/v2\/pages\/388\/revisions"}],"predecessor-version":[{"id":477,"href":"https:\/\/wp.catedu.es\/seminarioeducacionfisicabmb\/wp-json\/wp\/v2\/pages\/388\/revisions\/477"}],"wp:attachment":[{"href":"https:\/\/wp.catedu.es\/seminarioeducacionfisicabmb\/wp-json\/wp\/v2\/media?parent=388"}],"curies":[{"name":"wp","href":"https:\/\/api.w.org\/{rel}","templated":true}]}}