{"id":26,"date":"2019-01-27T11:46:21","date_gmt":"2019-01-27T10:46:21","guid":{"rendered":"http:\/\/wp.catedu.es\/steamjam\/?page_id=26"},"modified":"2019-02-02T16:06:53","modified_gmt":"2019-02-02T15:06:53","slug":"objetivos-de-steam-jam-2019","status":"publish","type":"page","link":"https:\/\/wp.catedu.es\/steamjam\/objetivos-de-steam-jam-2019\/","title":{"rendered":"OBJETIVOS STEAM JAM 2019"},"content":{"rendered":"<ul>\n<li style=\"font-weight: 400;text-align: justify\"><span style=\"font-weight: 400\">Experimentar mediante el trabajo con otros docentes la realizaci\u00f3n de un proyecto en equipo para acercarse al gran objetivo STEAM, trabajar las <\/span><span style=\"color: #333333\"><strong>asignaturas STEAM de forma integrada.<\/strong><\/span><\/li>\n<li style=\"font-weight: 400;text-align: justify\"><span style=\"font-weight: 400\">Comprobar en primera persona lo que las <\/span><span style=\"color: #333333\"><strong>metodolog\u00edas \u00e1giles (Design Thinking y Dise\u00f1o de Servicios) <\/strong><\/span><span style=\"font-weight: 400\">pueden ofrecernos en nuestro centro educativo y aula.<\/span><\/li>\n<li style=\"font-weight: 400;text-align: justify\"><span style=\"font-weight: 400\">Conocer mediante el <\/span><span style=\"color: #333333\"><strong>trabajo colaborativo<\/strong><\/span> herramientas a aplicar en la mejora de la experiencia y del proceso ense\u00f1anza-aprendizaje<span style=\"font-weight: 400\">.<\/span><\/li>\n<li style=\"font-weight: 400;text-align: justify\"><span style=\"font-weight: 400\">Realizar un proyecto de dise\u00f1o colaborativo para <\/span><span style=\"color: #333333\"><strong>empatizar, co-crear y prototipar<\/strong> <\/span>con y para el alumnado<span style=\"font-weight: 400\">.<\/span><\/li>\n<\/ul>\n<p><a href=\"http:\/\/wp.catedu.es\/steamjam\/wp-content\/uploads\/sites\/125\/2019\/01\/OBJETIVOS-STEAM-JAM.png\" target=\"_blank\" rel=\"noopener\" data-rel=\"lightbox-image-0\" data-rl_title=\"\" data-rl_caption=\"\"><img loading=\"lazy\" decoding=\"async\" class=\"aligncenter wp-image-77 \" title=\"\" src=\"http:\/\/wp.catedu.es\/steamjam\/wp-content\/uploads\/sites\/125\/2019\/01\/OBJETIVOS-STEAM-JAM.png\" alt=\"OBJETIVOS STEAM JAM 2019\" width=\"361\" height=\"405\" srcset=\"https:\/\/wp.catedu.es\/steamjam\/wp-content\/uploads\/sites\/125\/2019\/01\/OBJETIVOS-STEAM-JAM.png 635w, https:\/\/wp.catedu.es\/steamjam\/wp-content\/uploads\/sites\/125\/2019\/01\/OBJETIVOS-STEAM-JAM-267x300.png 267w\" sizes=\"auto, (max-width: 361px) 100vw, 361px\" \/><\/a><\/p>\n","protected":false},"excerpt":{"rendered":"<p>Experimentar mediante el trabajo con otros docentes la realizaci\u00f3n de un proyecto en equipo para acercarse al gran objetivo STEAM, trabajar las asignaturas STEAM de forma integrada. Comprobar en primera persona lo que las metodolog\u00edas \u00e1giles (Design Thinking y Dise\u00f1o<\/p>\n","protected":false},"author":252,"featured_media":0,"parent":0,"menu_order":0,"comment_status":"closed","ping_status":"closed","template":"","meta":{"footnotes":""},"class_list":["post-26","page","type-page","status-publish","hentry"],"_links":{"self":[{"href":"https:\/\/wp.catedu.es\/steamjam\/wp-json\/wp\/v2\/pages\/26","targetHints":{"allow":["GET"]}}],"collection":[{"href":"https:\/\/wp.catedu.es\/steamjam\/wp-json\/wp\/v2\/pages"}],"about":[{"href":"https:\/\/wp.catedu.es\/steamjam\/wp-json\/wp\/v2\/types\/page"}],"author":[{"embeddable":true,"href":"https:\/\/wp.catedu.es\/steamjam\/wp-json\/wp\/v2\/users\/252"}],"replies":[{"embeddable":true,"href":"https:\/\/wp.catedu.es\/steamjam\/wp-json\/wp\/v2\/comments?post=26"}],"version-history":[{"count":10,"href":"https:\/\/wp.catedu.es\/steamjam\/wp-json\/wp\/v2\/pages\/26\/revisions"}],"predecessor-version":[{"id":190,"href":"https:\/\/wp.catedu.es\/steamjam\/wp-json\/wp\/v2\/pages\/26\/revisions\/190"}],"wp:attachment":[{"href":"https:\/\/wp.catedu.es\/steamjam\/wp-json\/wp\/v2\/media?parent=26"}],"curies":[{"name":"wp","href":"https:\/\/api.w.org\/{rel}","templated":true}]}}