{"id":32,"date":"2019-01-27T11:57:05","date_gmt":"2019-01-27T10:57:05","guid":{"rendered":"http:\/\/wp.catedu.es\/steamjam\/?page_id=32"},"modified":"2019-02-02T16:09:59","modified_gmt":"2019-02-02T15:09:59","slug":"contacto","status":"publish","type":"page","link":"https:\/\/wp.catedu.es\/steamjam\/contacto\/","title":{"rendered":"CONTACTO"},"content":{"rendered":"<p><a href=\"http:\/\/web.catedu.es\/webcatedu\/\" target=\"_blank\" rel=\"noopener\"><img loading=\"lazy\" decoding=\"async\" class=\"aligncenter wp-image-125 \" title=\"CATEDU Centro Aragone\u0301s de Tecnologi\u0301as para la Educacio\u0301n logo\" src=\"http:\/\/wp.catedu.es\/steamjam\/wp-content\/uploads\/sites\/125\/2019\/01\/CATEDU-Centro-Aragone\u0301s-de-Tecnologi\u0301as-para-la-Educacio\u0301n-logo-300x150.png\" alt=\"CATEDU Centro Aragone\u0301s de Tecnologi\u0301as para la Educacio\u0301n logo\" width=\"362\" height=\"181\" srcset=\"https:\/\/wp.catedu.es\/steamjam\/wp-content\/uploads\/sites\/125\/2019\/01\/CATEDU-Centro-Aragone\u0301s-de-Tecnologi\u0301as-para-la-Educacio\u0301n-logo-300x150.png 300w, https:\/\/wp.catedu.es\/steamjam\/wp-content\/uploads\/sites\/125\/2019\/01\/CATEDU-Centro-Aragone\u0301s-de-Tecnologi\u0301as-para-la-Educacio\u0301n-logo-768x383.png 768w, https:\/\/wp.catedu.es\/steamjam\/wp-content\/uploads\/sites\/125\/2019\/01\/CATEDU-Centro-Aragone\u0301s-de-Tecnologi\u0301as-para-la-Educacio\u0301n-logo-1024x511.png 1024w\" sizes=\"auto, (max-width: 362px) 100vw, 362px\" \/><\/a><\/p>\n<p style=\"text-align: center\">Para cualquier consulta acerca de la organizaci\u00f3n del evento puedes ponerte en contacto con el <span style=\"text-decoration: underline\"><a href=\"http:\/\/web.catedu.es\/webcatedu\/\" target=\"_blank\" rel=\"noopener\"><strong>Centro Aragon\u00e9s de Tecnolog\u00edas para la Educaci\u00f3n.<\/strong><\/a><\/span><\/p>\n<p>&nbsp;<\/p>\n<h4 style=\"text-align: center\"><span style=\"color: #333333\"><strong>@catedu_es<\/strong><\/span><\/h4>\n<p>&nbsp;<\/p>\n<p>&nbsp;<\/p>\n<p>&nbsp;<\/p>\n","protected":false},"excerpt":{"rendered":"<p>Para cualquier consulta acerca de la organizaci\u00f3n del evento puedes ponerte en contacto con el Centro Aragon\u00e9s de Tecnolog\u00edas para la Educaci\u00f3n. &nbsp; @catedu_es &nbsp; &nbsp; &nbsp;<\/p>\n","protected":false},"author":252,"featured_media":0,"parent":0,"menu_order":0,"comment_status":"closed","ping_status":"closed","template":"","meta":{"footnotes":""},"class_list":["post-32","page","type-page","status-publish","hentry"],"_links":{"self":[{"href":"https:\/\/wp.catedu.es\/steamjam\/wp-json\/wp\/v2\/pages\/32","targetHints":{"allow":["GET"]}}],"collection":[{"href":"https:\/\/wp.catedu.es\/steamjam\/wp-json\/wp\/v2\/pages"}],"about":[{"href":"https:\/\/wp.catedu.es\/steamjam\/wp-json\/wp\/v2\/types\/page"}],"author":[{"embeddable":true,"href":"https:\/\/wp.catedu.es\/steamjam\/wp-json\/wp\/v2\/users\/252"}],"replies":[{"embeddable":true,"href":"https:\/\/wp.catedu.es\/steamjam\/wp-json\/wp\/v2\/comments?post=32"}],"version-history":[{"count":7,"href":"https:\/\/wp.catedu.es\/steamjam\/wp-json\/wp\/v2\/pages\/32\/revisions"}],"predecessor-version":[{"id":194,"href":"https:\/\/wp.catedu.es\/steamjam\/wp-json\/wp\/v2\/pages\/32\/revisions\/194"}],"wp:attachment":[{"href":"https:\/\/wp.catedu.es\/steamjam\/wp-json\/wp\/v2\/media?parent=32"}],"curies":[{"name":"wp","href":"https:\/\/api.w.org\/{rel}","templated":true}]}}