{"id":9,"date":"2019-01-14T11:21:58","date_gmt":"2019-01-14T10:21:58","guid":{"rendered":"http:\/\/wp.catedu.es\/steamjam\/?page_id=9"},"modified":"2019-02-05T22:47:04","modified_gmt":"2019-02-05T21:47:04","slug":"coaches","status":"publish","type":"page","link":"https:\/\/wp.catedu.es\/steamjam\/coaches\/","title":{"rendered":"COACHES"},"content":{"rendered":"<div id='gallery-1' class='gallery galleryid-9 gallery-columns-4 gallery-size-full'><figure class='gallery-item'>\n\t\t\t<div class='gallery-icon portrait'>\n\t\t\t\t<a href='https:\/\/wp.catedu.es\/steamjam\/wp-content\/uploads\/sites\/125\/2019\/01\/Elena-Bernia.png' title=\"\" data-rl_title=\"\" class=\"rl-gallery-link\" data-rl_caption=\"\" data-rel=\"lightbox-gallery-1\"><img loading=\"lazy\" decoding=\"async\" width=\"393\" height=\"398\" src=\"https:\/\/wp.catedu.es\/steamjam\/wp-content\/uploads\/sites\/125\/2019\/01\/Elena-Bernia.png\" class=\"attachment-full size-full\" alt=\"Elena Bernia\" aria-describedby=\"gallery-1-14\" srcset=\"https:\/\/wp.catedu.es\/steamjam\/wp-content\/uploads\/sites\/125\/2019\/01\/Elena-Bernia.png 393w, https:\/\/wp.catedu.es\/steamjam\/wp-content\/uploads\/sites\/125\/2019\/01\/Elena-Bernia-296x300.png 296w\" sizes=\"auto, (max-width: 393px) 100vw, 393px\" \/><\/a>\n\t\t\t<\/div>\n\t\t\t\t<figcaption class='wp-caption-text gallery-caption' id='gallery-1-14'>\n\t\t\t\tElena \n\t\t\t\t<\/figcaption><\/figure><figure class='gallery-item'>\n\t\t\t<div class='gallery-icon portrait'>\n\t\t\t\t<a href='https:\/\/wp.catedu.es\/steamjam\/wp-content\/uploads\/sites\/125\/2019\/01\/Carlos-Romero.png' title=\"\" data-rl_title=\"\" class=\"rl-gallery-link\" data-rl_caption=\"\" data-rel=\"lightbox-gallery-1\"><img loading=\"lazy\" decoding=\"async\" width=\"396\" height=\"397\" src=\"https:\/\/wp.catedu.es\/steamjam\/wp-content\/uploads\/sites\/125\/2019\/01\/Carlos-Romero.png\" class=\"attachment-full size-full\" alt=\"Carlos Romero\" aria-describedby=\"gallery-1-13\" srcset=\"https:\/\/wp.catedu.es\/steamjam\/wp-content\/uploads\/sites\/125\/2019\/01\/Carlos-Romero.png 396w, https:\/\/wp.catedu.es\/steamjam\/wp-content\/uploads\/sites\/125\/2019\/01\/Carlos-Romero-150x150.png 150w, https:\/\/wp.catedu.es\/steamjam\/wp-content\/uploads\/sites\/125\/2019\/01\/Carlos-Romero-300x300.png 300w\" sizes=\"auto, (max-width: 396px) 100vw, 396px\" \/><\/a>\n\t\t\t<\/div>\n\t\t\t\t<figcaption class='wp-caption-text gallery-caption' id='gallery-1-13'>\n\t\t\t\tCarlos \n\t\t\t\t<\/figcaption><\/figure><figure class='gallery-item'>\n\t\t\t<div class='gallery-icon portrait'>\n\t\t\t\t<a href='https:\/\/wp.catedu.es\/steamjam\/wp-content\/uploads\/sites\/125\/2019\/01\/Javier-Ferna\u0301ndez.png' title=\"\" data-rl_title=\"\" class=\"rl-gallery-link\" data-rl_caption=\"\" data-rel=\"lightbox-gallery-1\"><img loading=\"lazy\" decoding=\"async\" width=\"397\" height=\"398\" src=\"https:\/\/wp.catedu.es\/steamjam\/wp-content\/uploads\/sites\/125\/2019\/01\/Javier-Ferna\u0301ndez.png\" class=\"attachment-full size-full\" alt=\"Javier Ferna\u0301ndez\" aria-describedby=\"gallery-1-11\" srcset=\"https:\/\/wp.catedu.es\/steamjam\/wp-content\/uploads\/sites\/125\/2019\/01\/Javier-Ferna\u0301ndez.png 397w, https:\/\/wp.catedu.es\/steamjam\/wp-content\/uploads\/sites\/125\/2019\/01\/Javier-Ferna\u0301ndez-150x150.png 150w, https:\/\/wp.catedu.es\/steamjam\/wp-content\/uploads\/sites\/125\/2019\/01\/Javier-Ferna\u0301ndez-300x300.png 300w\" sizes=\"auto, (max-width: 397px) 100vw, 397px\" \/><\/a>\n\t\t\t<\/div>\n\t\t\t\t<figcaption class='wp-caption-text gallery-caption' id='gallery-1-11'>\n\t\t\t\tJavier \n\t\t\t\t<\/figcaption><\/figure><figure class='gallery-item'>\n\t\t\t<div class='gallery-icon landscape'>\n\t\t\t\t<a href='https:\/\/wp.catedu.es\/steamjam\/wp-content\/uploads\/sites\/125\/2019\/02\/Carolina-Lo\u0301pez-Toma\u0301s.jpg' title=\"\" data-rl_title=\"\" class=\"rl-gallery-link\" data-rl_caption=\"\" data-rel=\"lightbox-gallery-1\"><img loading=\"lazy\" decoding=\"async\" width=\"397\" height=\"397\" src=\"https:\/\/wp.catedu.es\/steamjam\/wp-content\/uploads\/sites\/125\/2019\/02\/Carolina-Lo\u0301pez-Toma\u0301s.jpg\" class=\"attachment-full size-full\" alt=\"Carolina L\u00f3pez Tom\u00e1s\" aria-describedby=\"gallery-1-207\" srcset=\"https:\/\/wp.catedu.es\/steamjam\/wp-content\/uploads\/sites\/125\/2019\/02\/Carolina-Lo\u0301pez-Toma\u0301s.jpg 397w, https:\/\/wp.catedu.es\/steamjam\/wp-content\/uploads\/sites\/125\/2019\/02\/Carolina-Lo\u0301pez-Toma\u0301s-150x150.jpg 150w, https:\/\/wp.catedu.es\/steamjam\/wp-content\/uploads\/sites\/125\/2019\/02\/Carolina-Lo\u0301pez-Toma\u0301s-300x300.jpg 300w, https:\/\/wp.catedu.es\/steamjam\/wp-content\/uploads\/sites\/125\/2019\/02\/Carolina-Lo\u0301pez-Toma\u0301s-230x230.jpg 230w, https:\/\/wp.catedu.es\/steamjam\/wp-content\/uploads\/sites\/125\/2019\/02\/Carolina-Lo\u0301pez-Toma\u0301s-330x330.jpg 330w\" sizes=\"auto, (max-width: 397px) 100vw, 397px\" \/><\/a>\n\t\t\t<\/div>\n\t\t\t\t<figcaption class='wp-caption-text gallery-caption' id='gallery-1-207'>\n\t\t\t\tCarolina\n\t\t\t\t<\/figcaption><\/figure>\n\t\t<\/div>\n\n<p><a href=\"https:\/\/www.linkedin.com\/in\/elenabernia\/\" target=\"_blank\" rel=\"noopener\"><img loading=\"lazy\" decoding=\"async\" class=\"alignleft wp-image-14 size-medium\" title=\"Elena Bernia\" src=\"http:\/\/wp.catedu.es\/steamjam\/wp-content\/uploads\/sites\/125\/2019\/01\/Elena-Bernia-296x300.png\" alt=\"Elena Bernia\" width=\"296\" height=\"300\" srcset=\"https:\/\/wp.catedu.es\/steamjam\/wp-content\/uploads\/sites\/125\/2019\/01\/Elena-Bernia-296x300.png 296w, https:\/\/wp.catedu.es\/steamjam\/wp-content\/uploads\/sites\/125\/2019\/01\/Elena-Bernia.png 393w\" sizes=\"auto, (max-width: 296px) 100vw, 296px\" \/><\/a><a href=\"https:\/\/www.linkedin.com\/in\/elenabernia\/\" target=\"_blank\" rel=\"noopener\"><b>Elena Bernia <\/b><\/a><\/p>\n<p style=\"text-align: left\"><span style=\"color: #333333\"><b>Dise\u00f1adora y funcionaria en el Centro aragon\u00e9s de dise\u00f1o industrial (Cadi) del Gobierno de Arag\u00f3n.<\/b><\/span><\/p>\n<p>&nbsp;<\/p>\n<p>&nbsp;<\/p>\n<p>&nbsp;<\/p>\n<p>&nbsp;<\/p>\n<p>&nbsp;<\/p>\n<p>&nbsp;<\/p>\n<hr \/>\n<p style=\"text-align: left\"><a href=\"https:\/\/www.linkedin.com\/in\/carlos-romero-piqueras-780b305a\/\" target=\"_blank\" rel=\"noopener\"><img loading=\"lazy\" decoding=\"async\" class=\"wp-image-13 size-medium alignleft\" title=\"Carlos Romero\" src=\"http:\/\/wp.catedu.es\/steamjam\/wp-content\/uploads\/sites\/125\/2019\/01\/Carlos-Romero-300x300.png\" alt=\"Carlos Romero\" width=\"300\" height=\"300\" srcset=\"https:\/\/wp.catedu.es\/steamjam\/wp-content\/uploads\/sites\/125\/2019\/01\/Carlos-Romero-300x300.png 300w, https:\/\/wp.catedu.es\/steamjam\/wp-content\/uploads\/sites\/125\/2019\/01\/Carlos-Romero-150x150.png 150w, https:\/\/wp.catedu.es\/steamjam\/wp-content\/uploads\/sites\/125\/2019\/01\/Carlos-Romero.png 396w\" sizes=\"auto, (max-width: 300px) 100vw, 300px\" \/><\/a><a href=\"https:\/\/www.linkedin.com\/in\/carlos-romero-piqueras-780b305a\/\" target=\"_blank\" rel=\"noopener\"><b>Carlos Romero\u00a0<\/b><\/a><\/p>\n<p><span style=\"color: #333333\"><b>Dise\u00f1ador de Servicios en Fractal y Profesor en la Universidad de Zaragoza.\u00a0<\/b><\/span><\/p>\n<p>&nbsp;<\/p>\n<p>&nbsp;<\/p>\n<p>&nbsp;<\/p>\n<p>&nbsp;<\/p>\n<p>&nbsp;<\/p>\n<p>&nbsp;<\/p>\n<hr \/>\n<p><a href=\"https:\/\/www.linkedin.com\/in\/jfcarrion\/\" target=\"_blank\" rel=\"noopener\"><img loading=\"lazy\" decoding=\"async\" class=\"alignleft wp-image-11 size-medium\" title=\"Javier Ferna\u0301ndez\" src=\"http:\/\/wp.catedu.es\/steamjam\/wp-content\/uploads\/sites\/125\/2019\/01\/Javier-Ferna\u0301ndez-300x300.png\" alt=\"Javier Ferna\u0301ndez\" width=\"300\" height=\"300\" srcset=\"https:\/\/wp.catedu.es\/steamjam\/wp-content\/uploads\/sites\/125\/2019\/01\/Javier-Ferna\u0301ndez-300x300.png 300w, https:\/\/wp.catedu.es\/steamjam\/wp-content\/uploads\/sites\/125\/2019\/01\/Javier-Ferna\u0301ndez-150x150.png 150w, https:\/\/wp.catedu.es\/steamjam\/wp-content\/uploads\/sites\/125\/2019\/01\/Javier-Ferna\u0301ndez.png 397w\" sizes=\"auto, (max-width: 300px) 100vw, 300px\" \/><\/a><\/p>\n<p style=\"text-align: left\"><b><a href=\"https:\/\/www.linkedin.com\/in\/jfcarrion\/\" target=\"_blank\" rel=\"noopener\">Javier Fern\u00e1ndez<\/a><\/b><\/p>\n<p style=\"text-align: left\"><span style=\"color: #333333\"><b>Dise\u00f1ador de Experiencia de Usuario en Fractal y Profesor en la Universidad de Zaragoza.<\/b><\/span><\/p>\n<p>&nbsp;<\/p>\n<p>&nbsp;<\/p>\n<p>&nbsp;<\/p>\n<p>&nbsp;<\/p>\n<p>&nbsp;<\/p>\n<p>&nbsp;<\/p>\n<hr \/>\n<p><img loading=\"lazy\" decoding=\"async\" class=\"alignleft wp-image-207 size-medium\" title=\"Carolina L\u00f3pez Tom\u00e1s\" src=\"http:\/\/wp.catedu.es\/steamjam\/wp-content\/uploads\/sites\/125\/2019\/02\/Carolina-Lo\u0301pez-Toma\u0301s-300x300.jpg\" alt=\"Carolina L\u00f3pez Tom\u00e1s\" width=\"300\" height=\"300\" srcset=\"https:\/\/wp.catedu.es\/steamjam\/wp-content\/uploads\/sites\/125\/2019\/02\/Carolina-Lo\u0301pez-Toma\u0301s-300x300.jpg 300w, https:\/\/wp.catedu.es\/steamjam\/wp-content\/uploads\/sites\/125\/2019\/02\/Carolina-Lo\u0301pez-Toma\u0301s-150x150.jpg 150w, https:\/\/wp.catedu.es\/steamjam\/wp-content\/uploads\/sites\/125\/2019\/02\/Carolina-Lo\u0301pez-Toma\u0301s-230x230.jpg 230w, https:\/\/wp.catedu.es\/steamjam\/wp-content\/uploads\/sites\/125\/2019\/02\/Carolina-Lo\u0301pez-Toma\u0301s-330x330.jpg 330w, https:\/\/wp.catedu.es\/steamjam\/wp-content\/uploads\/sites\/125\/2019\/02\/Carolina-Lo\u0301pez-Toma\u0301s.jpg 397w\" sizes=\"auto, (max-width: 300px) 100vw, 300px\" \/><\/p>\n<p style=\"text-align: left\"><b><\/b><a href=\"https:\/\/www.linkedin.com\/in\/carolinalopeztomas\/\" target=\"_blank\" rel=\"noopener\"><strong>Carolina L\u00f3pez Tom\u00e1s\u00a0<\/strong><\/a><\/p>\n<p style=\"text-align: left\"><span style=\"color: #333333\"><b>Dise\u00f1adora de Servicios en ING y profesora en el IED.<\/b><\/span><\/p>\n<p>&nbsp;<\/p>\n","protected":false},"excerpt":{"rendered":"<p>Elena Bernia Dise\u00f1adora y funcionaria en el Centro aragon\u00e9s de dise\u00f1o industrial (Cadi) del Gobierno de Arag\u00f3n. &nbsp; &nbsp; &nbsp; &nbsp; &nbsp; &nbsp; Carlos Romero\u00a0 Dise\u00f1ador de Servicios en Fractal y Profesor en la Universidad de Zaragoza.\u00a0 &nbsp; &nbsp; &nbsp;<\/p>\n","protected":false},"author":252,"featured_media":0,"parent":0,"menu_order":0,"comment_status":"closed","ping_status":"closed","template":"","meta":{"footnotes":""},"class_list":["post-9","page","type-page","status-publish","hentry"],"_links":{"self":[{"href":"https:\/\/wp.catedu.es\/steamjam\/wp-json\/wp\/v2\/pages\/9","targetHints":{"allow":["GET"]}}],"collection":[{"href":"https:\/\/wp.catedu.es\/steamjam\/wp-json\/wp\/v2\/pages"}],"about":[{"href":"https:\/\/wp.catedu.es\/steamjam\/wp-json\/wp\/v2\/types\/page"}],"author":[{"embeddable":true,"href":"https:\/\/wp.catedu.es\/steamjam\/wp-json\/wp\/v2\/users\/252"}],"replies":[{"embeddable":true,"href":"https:\/\/wp.catedu.es\/steamjam\/wp-json\/wp\/v2\/comments?post=9"}],"version-history":[{"count":11,"href":"https:\/\/wp.catedu.es\/steamjam\/wp-json\/wp\/v2\/pages\/9\/revisions"}],"predecessor-version":[{"id":243,"href":"https:\/\/wp.catedu.es\/steamjam\/wp-json\/wp\/v2\/pages\/9\/revisions\/243"}],"wp:attachment":[{"href":"https:\/\/wp.catedu.es\/steamjam\/wp-json\/wp\/v2\/media?parent=9"}],"curies":[{"name":"wp","href":"https:\/\/api.w.org\/{rel}","templated":true}]}}