{"id":108,"date":"2019-10-13T07:15:32","date_gmt":"2019-10-13T06:15:32","guid":{"rendered":"http:\/\/wp.catedu.es\/unratondepatio\/?page_id=108"},"modified":"2019-10-13T07:17:43","modified_gmt":"2019-10-13T06:17:43","slug":"ruletas-de-palabras","status":"publish","type":"page","link":"https:\/\/wp.catedu.es\/unratondepatio\/educaplay\/ruletas-de-palabras\/","title":{"rendered":"Ruletas de palabras"},"content":{"rendered":"<p>Os dejo unas cuantas actividades de ruletas de palabras por si os apetece jugar un poco y experimentar.<\/p>\n<p>Ruleta de palabras sobre b\u00e1dminton, pincha encima de <a href=\"https:\/\/es.educaplay.com\/recursos-educativos\/4666827-badminton.html\">B\u00c1DMINTON<\/a> para visualizarlo.<\/p>\n<p>Ruleta de palabras sobre carrera, pincha encima de <a href=\"https:\/\/es.educaplay.com\/recursos-educativos\/4662979-carrera_continua.html\">CARRERA CONT\u00cdNUA<\/a>\u00a0para visualizarlo.<\/p>\n<p>Ruleta de palabras sobre datchball, pincha encima de <a href=\"https:\/\/es.educaplay.com\/recursos-educativos\/4527213-pasapalabra_de_datchball.html\">DATCHBALL<\/a> para visualizarlo.<\/p>\n<p>Ruleta de palabras sobre beisbol, pincha encima de <a href=\"https:\/\/es.educaplay.com\/recursos-educativos\/4662943-baseball.html\">BEISBOL<\/a> para visualizarlo.<\/p>\n<p>Ruleta de palabras sobre Kin ball, pincha encima de <a href=\"https:\/\/es.educaplay.com\/recursos-educativos\/4662784-kin_ball.html\">KIN BALL<\/a> para visualizarlo.<\/p>\n<p>Ruleta de palabras sobre primeros auxilios, pincha encima de <a href=\"https:\/\/es.educaplay.com\/recursos-educativos\/4662690-pasapalabra_prmeros_auxilios.html\">PRIMEROS AUXILIOS<\/a> para visualizarlo.<\/p>\n<p>Ruleta de palabras sobre v\u00f3ley, pincha encima de <a href=\"https:\/\/es.educaplay.com\/recursos-educativos\/4666841-voleibol.html\">VOLEIBOL<\/a> para visualizarlo.<\/p>\n<p>Ruleta de palabras sobre bicil, pincha encima de <a href=\"https:\/\/es.educaplay.com\/recursos-educativos\/4666863-bicicleta.html\">BICICLETA<\/a> para visualizarlo.<\/p>\n<p>Ruleta de palabras sobre orientaci\u00f3n, pincha encima de <a href=\"https:\/\/es.educaplay.com\/recursos-educativos\/4666931-orientacion.html\">ORIENTACI\u00d3N<\/a> para visualizarlo.<\/p>\n","protected":false},"excerpt":{"rendered":"<p>Os dejo unas cuantas actividades de ruletas de palabras por si os apetece jugar un poco y experimentar. Ruleta de palabras sobre b\u00e1dminton, pincha encima de B\u00c1DMINTON para visualizarlo. Ruleta de palabras sobre carrera, pincha encima de CARRERA CONT\u00cdNUA\u00a0para visualizarlo. &hellip; <a href=\"https:\/\/wp.catedu.es\/unratondepatio\/educaplay\/ruletas-de-palabras\/\">Sigue leyendo <span class=\"meta-nav\">&rarr;<\/span><\/a><\/p>\n","protected":false},"author":187,"featured_media":0,"parent":89,"menu_order":0,"comment_status":"closed","ping_status":"closed","template":"","meta":{"footnotes":""},"class_list":["post-108","page","type-page","status-publish","hentry"],"_links":{"self":[{"href":"https:\/\/wp.catedu.es\/unratondepatio\/wp-json\/wp\/v2\/pages\/108","targetHints":{"allow":["GET"]}}],"collection":[{"href":"https:\/\/wp.catedu.es\/unratondepatio\/wp-json\/wp\/v2\/pages"}],"about":[{"href":"https:\/\/wp.catedu.es\/unratondepatio\/wp-json\/wp\/v2\/types\/page"}],"author":[{"embeddable":true,"href":"https:\/\/wp.catedu.es\/unratondepatio\/wp-json\/wp\/v2\/users\/187"}],"replies":[{"embeddable":true,"href":"https:\/\/wp.catedu.es\/unratondepatio\/wp-json\/wp\/v2\/comments?post=108"}],"version-history":[{"count":1,"href":"https:\/\/wp.catedu.es\/unratondepatio\/wp-json\/wp\/v2\/pages\/108\/revisions"}],"predecessor-version":[{"id":110,"href":"https:\/\/wp.catedu.es\/unratondepatio\/wp-json\/wp\/v2\/pages\/108\/revisions\/110"}],"up":[{"embeddable":true,"href":"https:\/\/wp.catedu.es\/unratondepatio\/wp-json\/wp\/v2\/pages\/89"}],"wp:attachment":[{"href":"https:\/\/wp.catedu.es\/unratondepatio\/wp-json\/wp\/v2\/media?parent=108"}],"curies":[{"name":"wp","href":"https:\/\/api.w.org\/{rel}","templated":true}]}}