{"id":51,"date":"2017-11-19T18:18:49","date_gmt":"2017-11-19T17:18:49","guid":{"rendered":"http:\/\/wp.catedu.es\/unratondepatio\/?page_id=51"},"modified":"2017-11-19T18:24:53","modified_gmt":"2017-11-19T17:24:53","slug":"formularios-de-drive","status":"publish","type":"page","link":"https:\/\/wp.catedu.es\/unratondepatio\/formularios-de-drive\/","title":{"rendered":"Formularios de Drive"},"content":{"rendered":"<p style=\"text-align: center\"><strong>FORMULARIOS DE DRIVE<\/strong><\/p>\n<p style=\"text-align: left\">Herramienta \u00fatil y pr\u00e1ctica que puede tener muchos usos, normalmente se usa para lo que su nombre indica pero yo le ha dado alg\u00fan otro uso que creo que es tambi\u00e9n bastante interesante, adem\u00e1s genera de manera autom\u00e1tica un excel con las respuestas con todos los campos que hemos creado y la fecha y hora de respuesta, os dejo tres de los que he creado.<\/p>\n<p style=\"text-align: left\">El primero como ficha de lectura, lo hice para 3\u00ba cuando estuve en un colegio de Zaragoza y te evitas gasto de papel y lo tienes todo clasificado en un excel que luego puedes descargar para revisarlo con los alumnos.<\/p>\n<p style=\"text-align: left\">Pincha encima de la palabra <em><a href=\"https:\/\/docs.google.com\/forms\/d\/e\/1FAIpQLSeQzKcYkg6enFKsbNDD0ULJPJ3ZqssV3XnpqbVwVMZPU0V-tA\/viewform\">FICHA <\/a><\/em>para visualizarlo.<\/p>\n<p style=\"text-align: left\">El segundo para trabajar los refranes semanalmente, cada semana publico un refr\u00e1n y deben responder a trav\u00e9s del formulario.<\/p>\n<p style=\"text-align: left\">Pincha encima de la palabra <a href=\"https:\/\/docs.google.com\/forms\/d\/e\/1FAIpQLSdWTCpc7OnhslUZi_F3SwhpKAtVQH6X7hXS_F_gUMYcxhZ8WA\/viewform\">REFR\u00c1N<\/a> para visualizarlo.<\/p>\n<p style=\"text-align: left\">El tercer uso ser\u00eda como test para repasar contenidos trabajados en el aula como por ejemplo este de lengua de agudas, llanas, esdr\u00fajulas y sobresdr\u00fajulas.<\/p>\n<p style=\"text-align: left\">Pincha encima de la palabra <a href=\"https:\/\/docs.google.com\/forms\/d\/e\/1FAIpQLScEsOfo1R6WUudYkIJbUjazG4nORejOv-EYM4tCq3Ac4HVhug\/viewform\">TEST<\/a> para visualizarlo.<\/p>\n<p style=\"text-align: left\">\u00a0Espero que os guste.<\/p>\n","protected":false},"excerpt":{"rendered":"<p>FORMULARIOS DE DRIVE Herramienta \u00fatil y pr\u00e1ctica que puede tener muchos usos, normalmente se usa para lo que su nombre indica pero yo le ha dado alg\u00fan otro uso que creo que es tambi\u00e9n bastante interesante, adem\u00e1s genera de manera &hellip; <a href=\"https:\/\/wp.catedu.es\/unratondepatio\/formularios-de-drive\/\">Sigue leyendo <span class=\"meta-nav\">&rarr;<\/span><\/a><\/p>\n","protected":false},"author":187,"featured_media":0,"parent":0,"menu_order":0,"comment_status":"closed","ping_status":"closed","template":"","meta":{"footnotes":""},"class_list":["post-51","page","type-page","status-publish","hentry"],"_links":{"self":[{"href":"https:\/\/wp.catedu.es\/unratondepatio\/wp-json\/wp\/v2\/pages\/51","targetHints":{"allow":["GET"]}}],"collection":[{"href":"https:\/\/wp.catedu.es\/unratondepatio\/wp-json\/wp\/v2\/pages"}],"about":[{"href":"https:\/\/wp.catedu.es\/unratondepatio\/wp-json\/wp\/v2\/types\/page"}],"author":[{"embeddable":true,"href":"https:\/\/wp.catedu.es\/unratondepatio\/wp-json\/wp\/v2\/users\/187"}],"replies":[{"embeddable":true,"href":"https:\/\/wp.catedu.es\/unratondepatio\/wp-json\/wp\/v2\/comments?post=51"}],"version-history":[{"count":2,"href":"https:\/\/wp.catedu.es\/unratondepatio\/wp-json\/wp\/v2\/pages\/51\/revisions"}],"predecessor-version":[{"id":54,"href":"https:\/\/wp.catedu.es\/unratondepatio\/wp-json\/wp\/v2\/pages\/51\/revisions\/54"}],"wp:attachment":[{"href":"https:\/\/wp.catedu.es\/unratondepatio\/wp-json\/wp\/v2\/media?parent=51"}],"curies":[{"name":"wp","href":"https:\/\/api.w.org\/{rel}","templated":true}]}}