{"id":94,"date":"2019-07-13T19:04:45","date_gmt":"2019-07-13T18:04:45","guid":{"rendered":"http:\/\/wp.catedu.es\/unratondepatio\/?page_id=94"},"modified":"2019-07-13T19:04:45","modified_gmt":"2019-07-13T18:04:45","slug":"cuestionarios-drive-valoracion-unidades","status":"publish","type":"page","link":"https:\/\/wp.catedu.es\/unratondepatio\/formularios-de-drive\/cuestionarios-drive-valoracion-unidades\/","title":{"rendered":"Cuestionarios Drive Valoraci\u00f3n Unidades"},"content":{"rendered":"<p>Para valorar la unidad did\u00e1ctica 1 pincha en <a href=\"https:\/\/docs.google.com\/forms\/d\/e\/1FAIpQLSfHtfhayPoucQPjEjojNLh6j2tRjWiXWYhN9TBqCVz0ZPvNKA\/viewform\">VALORAR<\/a>.<\/p>\n<p>Para valorar la unidad did\u00e1ctica 2 pincha en <a href=\"https:\/\/docs.google.com\/forms\/d\/e\/1FAIpQLSdwIxHCq4uUcIjvsJZeDRf6LPOcAxOi7Pky5VtPv8kPsWiUBA\/viewform\">VALORAR<\/a>.<\/p>\n<p>Para valorar la unidad did\u00e1ctica 3 pincha en <a href=\"https:\/\/docs.google.com\/forms\/d\/e\/1FAIpQLSd0Yumy42e9fwQcJBJZLHEppyi7J8l82R0Wumz9_Zo70djq_g\/viewform\">VALORAR<\/a>.<\/p>\n<p>Para valorar la unidad did\u00e1ctica 4 pincha en <a href=\"https:\/\/docs.google.com\/forms\/d\/e\/1FAIpQLSev--zPyGKewPXmV8YDZQtdI2qlG0rSeWufS7-JQOxEODn_2g\/viewform\">VALORAR<\/a>.<\/p>\n<p>Para valorar la unidad did\u00e1ctica 5 pincha en <a href=\"https:\/\/docs.google.com\/forms\/d\/e\/1FAIpQLSdcNh4UozPEbySyTua3_mh4Eqr8MkEIwePNBA4OtZFstLFxRg\/viewform\">VALORAR<\/a>.<\/p>\n<p>Para valorar la unidad did\u00e1ctica 6 pincha en <a href=\"https:\/\/docs.google.com\/forms\/d\/e\/1FAIpQLSfPY8BrjB-gXHHludexZA-MvYS_W9hT7sSUePxbD6RUd2qquQ\/viewform\">VALORAR<\/a>.<\/p>\n<p>Para valorar la unidad did\u00e1ctica 7 pincha en <a href=\"https:\/\/docs.google.com\/forms\/d\/e\/1FAIpQLScTU31DqbPhT7UQy6n0aivIC0ICH47npZS74wVoICzTTeZiRA\/viewform\">VALORAR<\/a>.<\/p>\n<p>Para valorar la unidad did\u00e1ctica 8 pincha en <a href=\"https:\/\/docs.google.com\/forms\/d\/e\/1FAIpQLSc7gSoi2Xx4LVZxD8E8J1_JAyQJpIGsNuYT_qywgCCdMqlh1A\/viewform\">VALORAR.<\/a><\/p>\n<p>Para valorar la unidad did\u00e1ctica 9 pincha en <a href=\"https:\/\/docs.google.com\/forms\/d\/e\/1FAIpQLScnCNTcHlKOPJHADyTyRH9sEtMqKmgVi4giEWGUqXdornR-Mw\/viewform\">VALORAR<\/a>.<\/p>\n<p>Para valorar la unidad did\u00e1ctica 10 pincha en <a href=\"https:\/\/docs.google.com\/forms\/d\/e\/1FAIpQLSe_pPc85lLhjQqvDrTKo0HeyzN6rSaEGZoPiAn-ZfbROMZ4eg\/viewform\">VALORAR<\/a>.<\/p>\n<p>Para valorar la unidad did\u00e1ctica 11 pincha en <a href=\"https:\/\/docs.google.com\/forms\/d\/e\/1FAIpQLScsNS3BUnUdvV4tffu0XDP4V7aNF3gUZb8CRvmrV4zPXgSYdg\/viewform\">VALORAR<\/a>.<\/p>\n<p>Para valorar la unidad did\u00e1ctica 12 pincha en <a href=\"https:\/\/docs.google.com\/forms\/d\/e\/1FAIpQLSdAPNY1klT-2Z_fPevMknHFvM-OH7qj_B12SJ1s3YLMPEocEQ\/viewform\">VALORAR<\/a>.<\/p>\n<p>&nbsp;<\/p>\n","protected":false},"excerpt":{"rendered":"<p>Para valorar la unidad did\u00e1ctica 1 pincha en VALORAR. Para valorar la unidad did\u00e1ctica 2 pincha en VALORAR. Para valorar la unidad did\u00e1ctica 3 pincha en VALORAR. Para valorar la unidad did\u00e1ctica 4 pincha en VALORAR. Para valorar la unidad &hellip; <a href=\"https:\/\/wp.catedu.es\/unratondepatio\/formularios-de-drive\/cuestionarios-drive-valoracion-unidades\/\">Sigue leyendo <span class=\"meta-nav\">&rarr;<\/span><\/a><\/p>\n","protected":false},"author":187,"featured_media":0,"parent":51,"menu_order":0,"comment_status":"closed","ping_status":"closed","template":"","meta":{"footnotes":""},"class_list":["post-94","page","type-page","status-publish","hentry"],"_links":{"self":[{"href":"https:\/\/wp.catedu.es\/unratondepatio\/wp-json\/wp\/v2\/pages\/94","targetHints":{"allow":["GET"]}}],"collection":[{"href":"https:\/\/wp.catedu.es\/unratondepatio\/wp-json\/wp\/v2\/pages"}],"about":[{"href":"https:\/\/wp.catedu.es\/unratondepatio\/wp-json\/wp\/v2\/types\/page"}],"author":[{"embeddable":true,"href":"https:\/\/wp.catedu.es\/unratondepatio\/wp-json\/wp\/v2\/users\/187"}],"replies":[{"embeddable":true,"href":"https:\/\/wp.catedu.es\/unratondepatio\/wp-json\/wp\/v2\/comments?post=94"}],"version-history":[{"count":1,"href":"https:\/\/wp.catedu.es\/unratondepatio\/wp-json\/wp\/v2\/pages\/94\/revisions"}],"predecessor-version":[{"id":95,"href":"https:\/\/wp.catedu.es\/unratondepatio\/wp-json\/wp\/v2\/pages\/94\/revisions\/95"}],"up":[{"embeddable":true,"href":"https:\/\/wp.catedu.es\/unratondepatio\/wp-json\/wp\/v2\/pages\/51"}],"wp:attachment":[{"href":"https:\/\/wp.catedu.es\/unratondepatio\/wp-json\/wp\/v2\/media?parent=94"}],"curies":[{"name":"wp","href":"https:\/\/api.w.org\/{rel}","templated":true}]}}