{"id":97,"date":"2019-07-15T19:50:43","date_gmt":"2019-07-15T18:50:43","guid":{"rendered":"http:\/\/wp.catedu.es\/unratondepatio\/?page_id=97"},"modified":"2019-07-15T19:50:43","modified_gmt":"2019-07-15T18:50:43","slug":"cuestionarios-por-unidad","status":"publish","type":"page","link":"https:\/\/wp.catedu.es\/unratondepatio\/cuestionarios-por-unidad\/","title":{"rendered":"CUESTIONARIOS POR UNIDAD"},"content":{"rendered":"<p>Para responder al cuestionario de la unidad 2 pincha <a href=\"https:\/\/docs.google.com\/forms\/d\/1ZuPjEg20z6PzatVCaXD8KRGKbkj0oTZcWsed3UYTtpg\/edit\">AQU\u00cd.<\/a><\/p>\n<p>Para responder al cuestionario de la unidad 3 pincha <a href=\"https:\/\/docs.google.com\/forms\/d\/e\/1FAIpQLScjI0-o_b_Pnw5IKPaxVVHvuH_Aea6VzCeHi6qkZejXyV25fQ\/viewform\">AQU\u00cd<\/a><\/p>\n<p>Para responder al cuestionario de la unidad 4 pincha <a href=\"https:\/\/docs.google.com\/forms\/d\/e\/1FAIpQLSfMoBS7qBJcekdD9mBrLRewvIyEhCZjwMV7hj2yf26yffxpTQ\/viewform\">AQU\u00cd.<\/a><\/p>\n<p>Para responder al cuestionario de la unidad 5 pincha <a href=\"https:\/\/docs.google.com\/forms\/d\/e\/1FAIpQLSfMoBS7qBJcekdD9mBrLRewvIyEhCZjwMV7hj2yf26yffxpTQ\/viewform\">AQU\u00cd.<\/a><\/p>\n<p>Para responder al cuestionario de la unidad 6 pincha <a href=\"https:\/\/docs.google.com\/forms\/d\/e\/1FAIpQLSefemAA41gMdl6IZIPIT2NA7FZP1ZgTzMocBWYV170aY5V0QA\/viewform\">AQU\u00cd.<\/a><\/p>\n<p>Para responder al cuestionario de la unidad 7 pincha <a href=\"https:\/\/docs.google.com\/forms\/d\/e\/1FAIpQLSf_RHcMflbLsGAiKdk0o1KaCskxUfTZECBxkooqs_nTkQar_g\/viewform\">AQU\u00cd.<\/a><\/p>\n<p>Para responder al cuestionario de la unidad 8 pincha <a href=\"https:\/\/docs.google.com\/forms\/d\/e\/1FAIpQLScGQ9pwCp3XHi9gVfjHUnOndQIf7oXDZHkATLruPFk9ka1LOg\/viewform\">AQU\u00cd.<\/a><\/p>\n<p>Para responder al cuestionario de la unidad 9 pincha <a href=\"https:\/\/docs.google.com\/forms\/d\/e\/1FAIpQLSfCYh7QXVLEK17_HVq2RuBDYBhs1d5h4Y8_Glb3T2ImVbhGUg\/viewform\">AQU\u00cd.<\/a><\/p>\n<p>Para responder al cuestionario de la unidad 10 pincha <a href=\"https:\/\/docs.google.com\/forms\/d\/e\/1FAIpQLSfCYh7QXVLEK17_HVq2RuBDYBhs1d5h4Y8_Glb3T2ImVbhGUg\/viewform\">AQU\u00cd.<\/a><\/p>\n<p>Para responder al cuestionario de la unidad 11 pincha <a href=\"https:\/\/docs.google.com\/forms\/d\/e\/1FAIpQLSc7TamHN4P79dkwqxULDCEY8F4aCRZZn8VCGmQBe_KhegBFyQ\/viewform\">AQU\u00cd.<\/a><\/p>\n<p>Para responder al cuestionario de la unidad 12 pincha <a href=\"https:\/\/docs.google.com\/forms\/d\/e\/1FAIpQLSdMxG1YzL00Me4dI794Is0a4D4vkFSMZfG7CI5ouSNGjIIAMw\/viewform\">AQU\u00cd.<\/a><\/p>\n","protected":false},"excerpt":{"rendered":"<p>Para responder al cuestionario de la unidad 2 pincha AQU\u00cd. Para responder al cuestionario de la unidad 3 pincha AQU\u00cd Para responder al cuestionario de la unidad 4 pincha AQU\u00cd. Para responder al cuestionario de la unidad 5 pincha AQU\u00cd. &hellip; <a href=\"https:\/\/wp.catedu.es\/unratondepatio\/cuestionarios-por-unidad\/\">Sigue leyendo <span class=\"meta-nav\">&rarr;<\/span><\/a><\/p>\n","protected":false},"author":187,"featured_media":0,"parent":0,"menu_order":0,"comment_status":"closed","ping_status":"closed","template":"","meta":{"footnotes":""},"class_list":["post-97","page","type-page","status-publish","hentry"],"_links":{"self":[{"href":"https:\/\/wp.catedu.es\/unratondepatio\/wp-json\/wp\/v2\/pages\/97","targetHints":{"allow":["GET"]}}],"collection":[{"href":"https:\/\/wp.catedu.es\/unratondepatio\/wp-json\/wp\/v2\/pages"}],"about":[{"href":"https:\/\/wp.catedu.es\/unratondepatio\/wp-json\/wp\/v2\/types\/page"}],"author":[{"embeddable":true,"href":"https:\/\/wp.catedu.es\/unratondepatio\/wp-json\/wp\/v2\/users\/187"}],"replies":[{"embeddable":true,"href":"https:\/\/wp.catedu.es\/unratondepatio\/wp-json\/wp\/v2\/comments?post=97"}],"version-history":[{"count":1,"href":"https:\/\/wp.catedu.es\/unratondepatio\/wp-json\/wp\/v2\/pages\/97\/revisions"}],"predecessor-version":[{"id":99,"href":"https:\/\/wp.catedu.es\/unratondepatio\/wp-json\/wp\/v2\/pages\/97\/revisions\/99"}],"wp:attachment":[{"href":"https:\/\/wp.catedu.es\/unratondepatio\/wp-json\/wp\/v2\/media?parent=97"}],"curies":[{"name":"wp","href":"https:\/\/api.w.org\/{rel}","templated":true}]}}