{"id":170,"date":"2021-11-14T07:19:09","date_gmt":"2021-11-14T06:19:09","guid":{"rendered":"http:\/\/wp.catedu.es\/zgzsur\/?page_id=170"},"modified":"2021-11-15T08:13:31","modified_gmt":"2021-11-15T07:13:31","slug":"aeducar","status":"publish","type":"page","link":"https:\/\/wp.catedu.es\/zgzsur\/aeducar\/","title":{"rendered":"aEducar"},"content":{"rendered":"\n<div class=\"twitter-share\"><a href=\"https:\/\/twitter.com\/intent\/tweet?hashtags=cpizaragozasur%20%23aEducar%20%23CATEDU&#038;via=cpizaragozasur\" class=\"twitter-share-button\" data-size=\"large\">Twittear<\/a><\/div>\n<h2 class=\"entry-title\"><a href=\"http:\/\/wp.catedu.es\/zgzsur\/aeducar\/videos-aeducar\/\">1.- Manejo de la plataforma de docencia online aEducar<\/a><\/h2>\n<h2><\/h2>\n<h2 class=\"entry-title\"><a href=\"http:\/\/wp.catedu.es\/zgzsur\/aeducar\/contenidos-aeducar\/\">2.- Contenidos Aeducar (Iniciaci\u00f3n, Avanzado, Gesti\u00f3n)<\/a><\/h2>\n<h2><\/h2>\n<h2 class=\"entry-title\"><a href=\"http:\/\/wp.catedu.es\/zgzsur\/aeducar\/recursos-rubricas-y-cursos-aeducar\/\">3.- Recursos, r\u00fabricas y cursos aEducar<\/a><\/h2>\n\n<div class=\"twitter-share\"><a href=\"https:\/\/twitter.com\/intent\/tweet?hashtags=cpizaragozasur%20%23aEducar%20%23CATEDU&#038;via=cpizaragozasur\" class=\"twitter-share-button\" data-size=\"large\">Twittear<\/a><\/div>\n","protected":false},"excerpt":{"rendered":"<p>1.- Manejo de la plataforma de docencia online aEducar 2.- Contenidos Aeducar (Iniciaci\u00f3n, Avanzado, Gesti\u00f3n) 3.- Recursos, r\u00fabricas y cursos aEducar<\/p>\n","protected":false},"author":355,"featured_media":0,"parent":0,"menu_order":0,"comment_status":"closed","ping_status":"closed","template":"","meta":{"_s2mail":"","footnotes":""},"class_list":["post-170","page","type-page","status-publish","hentry"],"_links":{"self":[{"href":"https:\/\/wp.catedu.es\/zgzsur\/wp-json\/wp\/v2\/pages\/170","targetHints":{"allow":["GET"]}}],"collection":[{"href":"https:\/\/wp.catedu.es\/zgzsur\/wp-json\/wp\/v2\/pages"}],"about":[{"href":"https:\/\/wp.catedu.es\/zgzsur\/wp-json\/wp\/v2\/types\/page"}],"author":[{"embeddable":true,"href":"https:\/\/wp.catedu.es\/zgzsur\/wp-json\/wp\/v2\/users\/355"}],"replies":[{"embeddable":true,"href":"https:\/\/wp.catedu.es\/zgzsur\/wp-json\/wp\/v2\/comments?post=170"}],"version-history":[{"count":8,"href":"https:\/\/wp.catedu.es\/zgzsur\/wp-json\/wp\/v2\/pages\/170\/revisions"}],"predecessor-version":[{"id":253,"href":"https:\/\/wp.catedu.es\/zgzsur\/wp-json\/wp\/v2\/pages\/170\/revisions\/253"}],"wp:attachment":[{"href":"https:\/\/wp.catedu.es\/zgzsur\/wp-json\/wp\/v2\/media?parent=170"}],"curies":[{"name":"wp","href":"https:\/\/api.w.org\/{rel}","templated":true}]}}